{"id":66498,"date":"2026-01-04T09:24:07","date_gmt":"2026-01-04T09:24:07","guid":{"rendered":"https:\/\/modesthanim.com\/product\/punto-dikisli-tas-kaban\/"},"modified":"2026-01-14T18:55:39","modified_gmt":"2026-01-14T18:55:39","slug":"punto-dikisli-tas-kaban","status":"publish","type":"product","link":"https:\/\/mod.wisdar.net\/tr\/urun\/punto-dikisli-tas-kaban\/","title":{"rendered":"Punto Diki\u015fli Ta\u015f Kaban"},"content":{"rendered":"<p>PUNTO D\u0130K\u0130\u015eL\u0130 TA\u015e KABAN \u00d6ZELL\u0130KLER\u0130 Kruvaze yaka, d\u00fc\u011fme kapamal\u0131, b\u00fcy\u00fck cep detayl\u0131, kendi kuma\u015f\u0131ndan ku\u015fakl\u0131, rahat kal\u0131p, astarl\u0131 punto diki\u015fli kaban. \u0130\u00c7ER\u0130\u011e\u0130 VE YIKANMASI %76 Pes %24 Viskon Kuru temizleme \u00f6nerilir. El ile \u00f6l\u00e7\u00fcmlerde 2-3 cm farkl\u0131l\u0131k g\u00f6sterebilir. Manken Bedeni: S-M Manken \u00d6l\u00e7\u00fcs\u00fc: Boy: 1.77 cm, G\u00f6\u011f\u00fcs: 83 cm, Bel: 61 cm, Basen: 91 cm<\/p>\n","protected":false},"excerpt":{"rendered":"<p>PUNTO D\u0130K\u0130\u015eL\u0130 TA\u015e KABAN \u00d6ZELL\u0130KLER\u0130 Kruvaze yaka, d\u00fc\u011fme kapamal\u0131, b\u00fcy\u00fck cep detayl\u0131, kendi kuma\u015f\u0131ndan ku\u015fakl\u0131, rahat kal\u0131p, astarl\u0131 punto diki\u015fli kaban. \u0130\u00c7ER\u0130\u011e\u0130 VE YIKANMASI %76 Pes %24 Viskon Kuru temizleme \u00f6nerilir. El ile \u00f6l\u00e7\u00fcmlerde 2-3 cm farkl\u0131l\u0131k g\u00f6sterebilir. Manken Bedeni: S-M Manken \u00d6l\u00e7\u00fcs\u00fc: Boy: 1.77 cm, G\u00f6\u011f\u00fcs: 83 cm, Bel: 61 cm, Basen: 91 cm<\/p>\n","protected":false},"featured_media":66487,"comment_status":"open","ping_status":"closed","template":"","meta":[],"product_brand":[],"product_cat":[2047],"product_tag":[4999,6311,6313],"class_list":{"0":"post-66498","1":"product","2":"type-product","3":"status-publish","4":"has-post-thumbnail","6":"product_cat-paltolar","7":"product_tag-outerwear","8":"product_tag-winter-coat","9":"product_tag-womens-coat","10":"pa_brand-hooopstore","11":"pa_color-tas-rengi","12":"pa_size-m-l","13":"pa_size-s-m","15":"first","16":"instock","17":"sale","18":"shipping-taxable","19":"purchasable","20":"product-type-variable"},"_links":{"self":[{"href":"https:\/\/mod.wisdar.net\/tr\/wp-json\/wp\/v2\/product\/66498","targetHints":{"allow":["GET"]}}],"collection":[{"href":"https:\/\/mod.wisdar.net\/tr\/wp-json\/wp\/v2\/product"}],"about":[{"href":"https:\/\/mod.wisdar.net\/tr\/wp-json\/wp\/v2\/types\/product"}],"replies":[{"embeddable":true,"href":"https:\/\/mod.wisdar.net\/tr\/wp-json\/wp\/v2\/comments?post=66498"}],"wp:featuredmedia":[{"embeddable":true,"href":"https:\/\/mod.wisdar.net\/tr\/wp-json\/wp\/v2\/media\/66487"}],"wp:attachment":[{"href":"https:\/\/mod.wisdar.net\/tr\/wp-json\/wp\/v2\/media?parent=66498"}],"wp:term":[{"taxonomy":"product_brand","embeddable":true,"href":"https:\/\/mod.wisdar.net\/tr\/wp-json\/wp\/v2\/product_brand?post=66498"},{"taxonomy":"product_cat","embeddable":true,"href":"https:\/\/mod.wisdar.net\/tr\/wp-json\/wp\/v2\/product_cat?post=66498"},{"taxonomy":"product_tag","embeddable":true,"href":"https:\/\/mod.wisdar.net\/tr\/wp-json\/wp\/v2\/product_tag?post=66498"}],"curies":[{"name":"wp","href":"https:\/\/api.w.org\/{rel}","templated":true}]}}