{"id":66564,"date":"2026-01-04T09:24:32","date_gmt":"2026-01-04T09:24:32","guid":{"rendered":"https:\/\/modesthanim.com\/product\/tedy-deri-tas-mont\/"},"modified":"2026-01-14T19:04:58","modified_gmt":"2026-01-14T19:04:58","slug":"tedy-deri-tas-mont","status":"publish","type":"product","link":"https:\/\/mod.wisdar.net\/tr\/urun\/tedy-deri-tas-mont\/","title":{"rendered":"Tedy Deri Ta\u015f Mont"},"content":{"rendered":"<p>TEDY DER\u0130 TA\u015e MONT \u00d6ZELL\u0130KLER\u0130 Bisiklet yakal\u0131, metal toka kapamal\u0131, i\u00e7i deri detayl\u0131, cepli, diki\u015fli cep torbas\u0131na sahip iste\u011fe ba\u011fl\u0131 dikkatlice a\u00e7arak aktif hale kullanabilirsiniz, normal kal\u0131p, astars\u0131z tedy deri mont. \u0130\u00c7ER\u0130\u011e\u0130 VE YIKANMASI %100 Pes Kuru temizleme \u00f6nerilir. El ile \u00f6l\u00e7\u00fcmlerde 2-3 cm farkl\u0131l\u0131k g\u00f6sterebilir. Manken Bedeni: S-M Manken \u00d6l\u00e7\u00fcs\u00fc: Boy: 1.77 cm, G\u00f6\u011f\u00fcs: 77 cm, Bel: 61 cm, Basen: 89 cm<\/p>\n","protected":false},"excerpt":{"rendered":"<p>TEDY DER\u0130 TA\u015e MONT \u00d6ZELL\u0130KLER\u0130 Bisiklet yakal\u0131, metal toka kapamal\u0131, i\u00e7i deri detayl\u0131, cepli, diki\u015fli cep torbas\u0131na sahip iste\u011fe ba\u011fl\u0131 dikkatlice a\u00e7arak aktif hale kullanabilirsiniz, normal kal\u0131p, astars\u0131z tedy deri mont. \u0130\u00c7ER\u0130\u011e\u0130 VE YIKANMASI %100 Pes Kuru temizleme \u00f6nerilir. El ile \u00f6l\u00e7\u00fcmlerde 2-3 cm farkl\u0131l\u0131k g\u00f6sterebilir. Manken Bedeni: S-M Manken \u00d6l\u00e7\u00fcs\u00fc: Boy: 1.77 cm, G\u00f6\u011f\u00fcs: [&hellip;]<\/p>\n","protected":false},"featured_media":66557,"comment_status":"open","ping_status":"closed","template":"","meta":[],"product_brand":[],"product_cat":[2047],"product_tag":[7973,7895,4999],"class_list":{"0":"post-66564","1":"product","2":"type-product","3":"status-publish","4":"has-post-thumbnail","6":"product_cat-paltolar","7":"product_tag-biker-ceket","8":"product_tag-kis-modasi","9":"product_tag-outerwear","10":"pa_brand-hooopstore","11":"pa_color-tas-rengi","12":"pa_size-l-xl-2","13":"pa_size-s-m","15":"first","16":"instock","17":"sale","18":"shipping-taxable","19":"purchasable","20":"product-type-variable"},"_links":{"self":[{"href":"https:\/\/mod.wisdar.net\/tr\/wp-json\/wp\/v2\/product\/66564","targetHints":{"allow":["GET"]}}],"collection":[{"href":"https:\/\/mod.wisdar.net\/tr\/wp-json\/wp\/v2\/product"}],"about":[{"href":"https:\/\/mod.wisdar.net\/tr\/wp-json\/wp\/v2\/types\/product"}],"replies":[{"embeddable":true,"href":"https:\/\/mod.wisdar.net\/tr\/wp-json\/wp\/v2\/comments?post=66564"}],"wp:featuredmedia":[{"embeddable":true,"href":"https:\/\/mod.wisdar.net\/tr\/wp-json\/wp\/v2\/media\/66557"}],"wp:attachment":[{"href":"https:\/\/mod.wisdar.net\/tr\/wp-json\/wp\/v2\/media?parent=66564"}],"wp:term":[{"taxonomy":"product_brand","embeddable":true,"href":"https:\/\/mod.wisdar.net\/tr\/wp-json\/wp\/v2\/product_brand?post=66564"},{"taxonomy":"product_cat","embeddable":true,"href":"https:\/\/mod.wisdar.net\/tr\/wp-json\/wp\/v2\/product_cat?post=66564"},{"taxonomy":"product_tag","embeddable":true,"href":"https:\/\/mod.wisdar.net\/tr\/wp-json\/wp\/v2\/product_tag?post=66564"}],"curies":[{"name":"wp","href":"https:\/\/api.w.org\/{rel}","templated":true}]}}