{"id":66580,"date":"2026-01-04T09:24:36","date_gmt":"2026-01-04T09:24:36","guid":{"rendered":"https:\/\/modesthanim.com\/product\/tedy-deri-vizon-mont\/"},"modified":"2026-01-14T19:07:40","modified_gmt":"2026-01-14T19:07:40","slug":"tedy-deri-vizon-mont","status":"publish","type":"product","link":"https:\/\/mod.wisdar.net\/tr\/urun\/tedy-deri-vizon-mont\/","title":{"rendered":"Tedy Deri Vizon Mont"},"content":{"rendered":"<p>TEDY DER\u0130 V\u0130ZON MONT \u00d6ZELL\u0130KLER\u0130<br \/>\nBisiklet yaka tasar\u0131m\u0131na sahip, metal toka ile kapat\u0131lan, i\u00e7 k\u0131sm\u0131 deri detayl\u0131, cep \u00f6zellikli, diki\u015fli cep torbas\u0131 bulunan ve dikkatlice a\u00e7\u0131larak aktif hale getirilebilen, normal kal\u0131p, astars\u0131z Tedy deri mont.<br \/>\n\u0130\u00c7ER\u0130K VE BAKIM<br \/>\n%100 Pes<br \/>\nKuru temizleme \u00f6nerilir.<br \/>\nEl ile yap\u0131lan \u00f6l\u00e7\u00fcmlerde 2-3 cm farkl\u0131l\u0131k olabilir.<br \/>\nManken Bedeni: S-M<br \/>\nManken \u00d6l\u00e7\u00fcleri: Boy: 177 cm, G\u00f6\u011f\u00fcs: 83 cm, Bel: 61 cm, Basen: 91 cm<\/p>\n","protected":false},"excerpt":{"rendered":"<p>TEDY DER\u0130 V\u0130ZON MONT \u00d6ZELL\u0130KLER\u0130 Bisiklet yaka tasar\u0131m\u0131na sahip, metal toka ile kapat\u0131lan, i\u00e7 k\u0131sm\u0131 deri detayl\u0131, cep \u00f6zellikli, diki\u015fli cep torbas\u0131 bulunan ve dikkatlice a\u00e7\u0131larak aktif hale getirilebilen, normal kal\u0131p, astars\u0131z Tedy deri mont. \u0130\u00c7ER\u0130K VE BAKIM %100 Pes Kuru temizleme \u00f6nerilir. El ile yap\u0131lan \u00f6l\u00e7\u00fcmlerde 2-3 cm farkl\u0131l\u0131k olabilir. Manken Bedeni: S-M Manken [&hellip;]<\/p>\n","protected":false},"featured_media":66567,"comment_status":"open","ping_status":"closed","template":"","meta":[],"product_brand":[],"product_cat":[2047],"product_tag":[],"class_list":{"0":"post-66580","1":"product","2":"type-product","3":"status-publish","4":"has-post-thumbnail","6":"product_cat-paltolar","7":"pa_brand-hooopstore","8":"pa_color-vizon-rengi","9":"pa_size-l-xl-2","10":"pa_size-s-m","12":"first","13":"instock","14":"sale","15":"shipping-taxable","16":"purchasable","17":"product-type-variable"},"_links":{"self":[{"href":"https:\/\/mod.wisdar.net\/tr\/wp-json\/wp\/v2\/product\/66580","targetHints":{"allow":["GET"]}}],"collection":[{"href":"https:\/\/mod.wisdar.net\/tr\/wp-json\/wp\/v2\/product"}],"about":[{"href":"https:\/\/mod.wisdar.net\/tr\/wp-json\/wp\/v2\/types\/product"}],"replies":[{"embeddable":true,"href":"https:\/\/mod.wisdar.net\/tr\/wp-json\/wp\/v2\/comments?post=66580"}],"wp:featuredmedia":[{"embeddable":true,"href":"https:\/\/mod.wisdar.net\/tr\/wp-json\/wp\/v2\/media\/66567"}],"wp:attachment":[{"href":"https:\/\/mod.wisdar.net\/tr\/wp-json\/wp\/v2\/media?parent=66580"}],"wp:term":[{"taxonomy":"product_brand","embeddable":true,"href":"https:\/\/mod.wisdar.net\/tr\/wp-json\/wp\/v2\/product_brand?post=66580"},{"taxonomy":"product_cat","embeddable":true,"href":"https:\/\/mod.wisdar.net\/tr\/wp-json\/wp\/v2\/product_cat?post=66580"},{"taxonomy":"product_tag","embeddable":true,"href":"https:\/\/mod.wisdar.net\/tr\/wp-json\/wp\/v2\/product_tag?post=66580"}],"curies":[{"name":"wp","href":"https:\/\/api.w.org\/{rel}","templated":true}]}}