{"id":66632,"date":"2026-01-04T09:24:55","date_gmt":"2026-01-04T09:24:55","guid":{"rendered":"https:\/\/modesthanim.com\/product\/pamuklu-uzun-evaze-kahve-etek\/"},"modified":"2026-02-10T19:48:44","modified_gmt":"2026-02-10T19:48:44","slug":"pamuklu-uzun-evaze-kahve-etek","status":"publish","type":"product","link":"https:\/\/mod.wisdar.net\/tr\/urun\/pamuklu-uzun-evaze-kahve-etek\/","title":{"rendered":"Pamuklu Uzun Evaze Kahve Etek"},"content":{"rendered":"<p>PAMUKLU UZUN EVAZE KAHVE ETEK \u00d6ZELL\u0130KLER\u0130 Pamuklu kuma\u015ftan \u00fcretilmi\u015f, arkadan gizli fermuarl\u0131, bel k\u0131sm\u0131 oturan, kemer k\u00f6pr\u00fcl\u00fc, b\u00fczg\u00fc detayl\u0131, gizli cepli, astars\u0131z, fit kal\u0131p pamuklu uzun evaze etek. \u0130\u00c7ER\u0130\u011e\u0130 VE YIKANMASI %100 Pamuk 30 derecede hassas, sentetik ve narin programlar\u0131 ile y\u0131kanmal\u0131d\u0131r. El ile \u00f6l\u00e7\u00fcmlerde 2-3 cm farkl\u0131l\u0131k g\u00f6sterebilir. Manken Bedeni: S Manken \u00d6l\u00e7\u00fcs\u00fc: Boy: 1.77 cm, G\u00f6\u011f\u00fcs: 77 cm, Bel: 61 cm, Basen: 89 cm<\/p>\n","protected":false},"excerpt":{"rendered":"<p>PAMUKLU UZUN EVAZE KAHVE ETEK \u00d6ZELL\u0130KLER\u0130 Pamuklu kuma\u015ftan \u00fcretilmi\u015f, arkadan gizli fermuarl\u0131, bel k\u0131sm\u0131 oturan, kemer k\u00f6pr\u00fcl\u00fc, b\u00fczg\u00fc detayl\u0131, gizli cepli, astars\u0131z, fit kal\u0131p pamuklu uzun evaze etek. \u0130\u00c7ER\u0130\u011e\u0130 VE YIKANMASI %100 Pamuk 30 derecede hassas, sentetik ve narin programlar\u0131 ile y\u0131kanmal\u0131d\u0131r. El ile \u00f6l\u00e7\u00fcmlerde 2-3 cm farkl\u0131l\u0131k g\u00f6sterebilir. Manken Bedeni: S Manken \u00d6l\u00e7\u00fcs\u00fc: Boy: [&hellip;]<\/p>\n","protected":false},"featured_media":66627,"comment_status":"open","ping_status":"closed","template":"","meta":[],"product_brand":[],"product_cat":[1969],"product_tag":[7547,8246,8247,7601],"class_list":{"0":"post-66632","1":"product","2":"type-product","3":"status-publish","4":"has-post-thumbnail","6":"product_cat-etekler","7":"product_tag-kadin-giyim","8":"product_tag-kahverengi-etek","9":"product_tag-klos-etek","10":"product_tag-uzun-etek","11":"pa_brand-hooopstore","12":"pa_color-kahve","13":"pa_size-large","14":"pa_size-medium","15":"pa_size-small","16":"pa_size-xlarge","18":"first","19":"instock","20":"shipping-taxable","21":"purchasable","22":"product-type-variable"},"_links":{"self":[{"href":"https:\/\/mod.wisdar.net\/tr\/wp-json\/wp\/v2\/product\/66632","targetHints":{"allow":["GET"]}}],"collection":[{"href":"https:\/\/mod.wisdar.net\/tr\/wp-json\/wp\/v2\/product"}],"about":[{"href":"https:\/\/mod.wisdar.net\/tr\/wp-json\/wp\/v2\/types\/product"}],"replies":[{"embeddable":true,"href":"https:\/\/mod.wisdar.net\/tr\/wp-json\/wp\/v2\/comments?post=66632"}],"wp:featuredmedia":[{"embeddable":true,"href":"https:\/\/mod.wisdar.net\/tr\/wp-json\/wp\/v2\/media\/66627"}],"wp:attachment":[{"href":"https:\/\/mod.wisdar.net\/tr\/wp-json\/wp\/v2\/media?parent=66632"}],"wp:term":[{"taxonomy":"product_brand","embeddable":true,"href":"https:\/\/mod.wisdar.net\/tr\/wp-json\/wp\/v2\/product_brand?post=66632"},{"taxonomy":"product_cat","embeddable":true,"href":"https:\/\/mod.wisdar.net\/tr\/wp-json\/wp\/v2\/product_cat?post=66632"},{"taxonomy":"product_tag","embeddable":true,"href":"https:\/\/mod.wisdar.net\/tr\/wp-json\/wp\/v2\/product_tag?post=66632"}],"curies":[{"name":"wp","href":"https:\/\/api.w.org\/{rel}","templated":true}]}}