{"id":66654,"date":"2026-01-04T09:25:02","date_gmt":"2026-01-04T09:25:02","guid":{"rendered":"https:\/\/modesthanim.com\/product\/pamuklu-uzun-evaze-beyaz-etek\/"},"modified":"2026-04-10T01:20:59","modified_gmt":"2026-04-10T01:20:59","slug":"pamuklu-uzun-evaze-beyaz-etek","status":"publish","type":"product","link":"https:\/\/mod.wisdar.net\/tr\/urun\/pamuklu-uzun-evaze-beyaz-etek\/","title":{"rendered":"Pamuklu Uzun Evaze Beyaz Etek"},"content":{"rendered":"<p>PAMUKLU UZUN EVAZE BEYAZ ETEK \u00d6ZELL\u0130KLER\u0130<br \/>\nPamuklu kuma\u015ftan \u00fcretilmi\u015f, arkadan gizli fermuarl\u0131, bel k\u0131sm\u0131 oturan, kemer k\u00f6pr\u00fcl\u00fc, b\u00fczg\u00fc detayl\u0131, gizli cepli, astarl\u0131, fit kal\u0131p pamuklu uzun evaze etek.<br \/>\n\u0130\u00c7ER\u0130\u011e\u0130 VE YIKANMASI<br \/>\n%100 Pamuk<br \/>\n30 derecede hassas, sentetik ve narin programlar\u0131 ile y\u0131kanmal\u0131d\u0131r.<br \/>\nEl ile \u00f6l\u00e7\u00fcmlerde 2-3 cm farkl\u0131l\u0131k g\u00f6sterebilir.<br \/>\nManken Bedeni: S<br \/>\nManken \u00d6l\u00e7\u00fcs\u00fc: Boy: 1.77 cm, G\u00f6\u011f\u00fcs: 83 cm, Bel: 61 cm, Basen: 91 cm<\/p>\n","protected":false},"excerpt":{"rendered":"<p>PAMUKLU UZUN EVAZE BEYAZ ETEK \u00d6ZELL\u0130KLER\u0130 Pamuklu kuma\u015ftan \u00fcretilmi\u015f, arkadan gizli fermuarl\u0131, bel k\u0131sm\u0131 oturan, kemer k\u00f6pr\u00fcl\u00fc, b\u00fczg\u00fc detayl\u0131, gizli cepli, astarl\u0131, fit kal\u0131p pamuklu uzun evaze etek. \u0130\u00c7ER\u0130\u011e\u0130 VE YIKANMASI %100 Pamuk 30 derecede hassas, sentetik ve narin programlar\u0131 ile y\u0131kanmal\u0131d\u0131r. El ile \u00f6l\u00e7\u00fcmlerde 2-3 cm farkl\u0131l\u0131k g\u00f6sterebilir. Manken Bedeni: S Manken \u00d6l\u00e7\u00fcs\u00fc: Boy: [&hellip;]<\/p>\n","protected":false},"featured_media":66639,"comment_status":"open","ping_status":"closed","template":"","meta":[],"product_brand":[],"product_cat":[1969],"product_tag":[4848,7426,6744,7601],"class_list":{"0":"post-66654","1":"product","2":"type-product","3":"status-publish","4":"has-post-thumbnail","6":"product_cat-etekler","7":"product_tag-a-line-skirt","8":"product_tag-gunluk-giyim-3","9":"product_tag-kadin-modasi","10":"product_tag-uzun-etek","11":"pa_brand-hooopstore","12":"pa_color-beyaz","13":"pa_size-large","14":"pa_size-medium","15":"pa_size-small","16":"pa_size-xlarge","18":"first","19":"instock","20":"shipping-taxable","21":"purchasable","22":"product-type-variable"},"_links":{"self":[{"href":"https:\/\/mod.wisdar.net\/tr\/wp-json\/wp\/v2\/product\/66654","targetHints":{"allow":["GET"]}}],"collection":[{"href":"https:\/\/mod.wisdar.net\/tr\/wp-json\/wp\/v2\/product"}],"about":[{"href":"https:\/\/mod.wisdar.net\/tr\/wp-json\/wp\/v2\/types\/product"}],"replies":[{"embeddable":true,"href":"https:\/\/mod.wisdar.net\/tr\/wp-json\/wp\/v2\/comments?post=66654"}],"wp:featuredmedia":[{"embeddable":true,"href":"https:\/\/mod.wisdar.net\/tr\/wp-json\/wp\/v2\/media\/66639"}],"wp:attachment":[{"href":"https:\/\/mod.wisdar.net\/tr\/wp-json\/wp\/v2\/media?parent=66654"}],"wp:term":[{"taxonomy":"product_brand","embeddable":true,"href":"https:\/\/mod.wisdar.net\/tr\/wp-json\/wp\/v2\/product_brand?post=66654"},{"taxonomy":"product_cat","embeddable":true,"href":"https:\/\/mod.wisdar.net\/tr\/wp-json\/wp\/v2\/product_cat?post=66654"},{"taxonomy":"product_tag","embeddable":true,"href":"https:\/\/mod.wisdar.net\/tr\/wp-json\/wp\/v2\/product_tag?post=66654"}],"curies":[{"name":"wp","href":"https:\/\/api.w.org\/{rel}","templated":true}]}}