{"id":66824,"date":"2026-01-04T09:31:05","date_gmt":"2026-01-04T09:31:05","guid":{"rendered":"https:\/\/modesthanim.com\/product\/premium-kruvaze-kase-vizon-kaban\/"},"modified":"2026-01-14T19:05:42","modified_gmt":"2026-01-14T19:05:42","slug":"premium-kruvaze-kase-vizon-kaban","status":"publish","type":"product","link":"https:\/\/mod.wisdar.net\/tr\/urun\/premium-kruvaze-kase-vizon-kaban\/","title":{"rendered":"Premium Kruvaze Ka\u015fe Vizon Kaban"},"content":{"rendered":"<p>PREM\u0130UM KRUVAZE KA\u015eE V\u0130ZON KABAN \u00d6ZELL\u0130KLER\u0130<br \/>\nKruvaze yaka, \u00f6nden d\u00fc\u011fme kapamal\u0131, cepli, kendi kuma\u015f\u0131ndan ku\u015fakl\u0131, kemer k\u00f6pr\u00fcl\u00fc, arkadan y\u0131rtma\u00e7 detayl\u0131, rahat kal\u0131p, astarl\u0131 premium kruvaze ka\u015fe kaban.<br \/>\n\u0130\u00c7ER\u0130\u011e\u0130 VE YIKANMASI<br \/>\n%94 Pes %6 Raylon<br \/>\nKuru temizleme \u00f6nerilir.<br \/>\nEl ile \u00f6l\u00e7\u00fcmlerde 2-3 cm farkl\u0131l\u0131k g\u00f6sterebilir.<br \/>\nManken Bedeni: S-M<br \/>\nManken \u00d6l\u00e7\u00fcs\u00fc: Boy: 1.77 cm, G\u00f6\u011f\u00fcs: 83 cm, Bel: 61 cm, Basen: 91 cm<\/p>\n","protected":false},"excerpt":{"rendered":"<p>PREM\u0130UM KRUVAZE KA\u015eE V\u0130ZON KABAN \u00d6ZELL\u0130KLER\u0130 Kruvaze yaka, \u00f6nden d\u00fc\u011fme kapamal\u0131, cepli, kendi kuma\u015f\u0131ndan ku\u015fakl\u0131, kemer k\u00f6pr\u00fcl\u00fc, arkadan y\u0131rtma\u00e7 detayl\u0131, rahat kal\u0131p, astarl\u0131 premium kruvaze ka\u015fe kaban. \u0130\u00c7ER\u0130\u011e\u0130 VE YIKANMASI %94 Pes %6 Raylon Kuru temizleme \u00f6nerilir. El ile \u00f6l\u00e7\u00fcmlerde 2-3 cm farkl\u0131l\u0131k g\u00f6sterebilir. Manken Bedeni: S-M Manken \u00d6l\u00e7\u00fcs\u00fc: Boy: 1.77 cm, G\u00f6\u011f\u00fcs: 83 cm, [&hellip;]<\/p>\n","protected":false},"featured_media":66817,"comment_status":"open","ping_status":"closed","template":"","meta":[],"product_brand":[],"product_cat":[2047],"product_tag":[6311,6313],"class_list":{"0":"post-66824","1":"product","2":"type-product","3":"status-publish","4":"has-post-thumbnail","6":"product_cat-paltolar","7":"product_tag-winter-coat","8":"product_tag-womens-coat","9":"pa_brand-hooopstore","10":"pa_color-vizon-rengi","11":"pa_size-l-xl-2","12":"pa_size-s-m","14":"first","15":"instock","16":"sale","17":"shipping-taxable","18":"purchasable","19":"product-type-variable"},"_links":{"self":[{"href":"https:\/\/mod.wisdar.net\/tr\/wp-json\/wp\/v2\/product\/66824","targetHints":{"allow":["GET"]}}],"collection":[{"href":"https:\/\/mod.wisdar.net\/tr\/wp-json\/wp\/v2\/product"}],"about":[{"href":"https:\/\/mod.wisdar.net\/tr\/wp-json\/wp\/v2\/types\/product"}],"replies":[{"embeddable":true,"href":"https:\/\/mod.wisdar.net\/tr\/wp-json\/wp\/v2\/comments?post=66824"}],"wp:featuredmedia":[{"embeddable":true,"href":"https:\/\/mod.wisdar.net\/tr\/wp-json\/wp\/v2\/media\/66817"}],"wp:attachment":[{"href":"https:\/\/mod.wisdar.net\/tr\/wp-json\/wp\/v2\/media?parent=66824"}],"wp:term":[{"taxonomy":"product_brand","embeddable":true,"href":"https:\/\/mod.wisdar.net\/tr\/wp-json\/wp\/v2\/product_brand?post=66824"},{"taxonomy":"product_cat","embeddable":true,"href":"https:\/\/mod.wisdar.net\/tr\/wp-json\/wp\/v2\/product_cat?post=66824"},{"taxonomy":"product_tag","embeddable":true,"href":"https:\/\/mod.wisdar.net\/tr\/wp-json\/wp\/v2\/product_tag?post=66824"}],"curies":[{"name":"wp","href":"https:\/\/api.w.org\/{rel}","templated":true}]}}