{"id":66967,"date":"2026-01-04T09:31:58","date_gmt":"2026-01-04T09:31:58","guid":{"rendered":"https:\/\/modesthanim.com\/product\/premium-kruvaze-kase-bej-kaban\/"},"modified":"2026-04-02T20:59:24","modified_gmt":"2026-04-02T20:59:24","slug":"premium-kruvaze-kase-bej-kaban","status":"publish","type":"product","link":"https:\/\/mod.wisdar.net\/tr\/urun\/premium-kruvaze-kase-bej-kaban\/","title":{"rendered":"Premium Kruvaze Ka\u015fe Bej Kaban"},"content":{"rendered":"<p>PREM\u0130UM KRUVAZE KA\u015eE BEJ KABAN \u00d6ZELL\u0130KLER\u0130 Kruvaze yaka, \u00f6nden d\u00fc\u011fme kapamal\u0131, cepli, kendi kuma\u015f\u0131ndan ku\u015fakl\u0131, kemer k\u00f6pr\u00fcl\u00fc, arkadan y\u0131rtma\u00e7 detayl\u0131, rahat kal\u0131p, astarl\u0131 premium kruvaze ka\u015fe kaban. \u0130\u00c7ER\u0130\u011e\u0130 VE YIKANMASI %94 Pes %6 Raylon Kuru temizleme \u00f6nerilir. El ile \u00f6l\u00e7\u00fcmlerde 2-3 cm farkl\u0131l\u0131k g\u00f6sterebilir. Manken Bedeni: S-M Manken \u00d6l\u00e7\u00fcs\u00fc: Boy: 1.77 cm, G\u00f6\u011f\u00fcs: 77 cm, Bel: 61 cm, Basen: 89 cm<\/p>\n","protected":false},"excerpt":{"rendered":"<p>PREM\u0130UM KRUVAZE KA\u015eE BEJ KABAN \u00d6ZELL\u0130KLER\u0130 Kruvaze yaka, \u00f6nden d\u00fc\u011fme kapamal\u0131, cepli, kendi kuma\u015f\u0131ndan ku\u015fakl\u0131, kemer k\u00f6pr\u00fcl\u00fc, arkadan y\u0131rtma\u00e7 detayl\u0131, rahat kal\u0131p, astarl\u0131 premium kruvaze ka\u015fe kaban. \u0130\u00c7ER\u0130\u011e\u0130 VE YIKANMASI %94 Pes %6 Raylon Kuru temizleme \u00f6nerilir. El ile \u00f6l\u00e7\u00fcmlerde 2-3 cm farkl\u0131l\u0131k g\u00f6sterebilir. Manken Bedeni: S-M Manken \u00d6l\u00e7\u00fcs\u00fc: Boy: 1.77 cm, G\u00f6\u011f\u00fcs: 77 cm, [&hellip;]<\/p>\n","protected":false},"featured_media":66951,"comment_status":"open","ping_status":"closed","template":"","meta":[],"product_brand":[],"product_cat":[2047],"product_tag":[7960],"class_list":{"0":"post-66967","1":"product","2":"type-product","3":"status-publish","4":"has-post-thumbnail","6":"product_cat-paltolar","7":"product_tag-kadin-dis-giyim","8":"pa_brand-hooopstore","9":"pa_color-bej-rengi","10":"pa_size-l-xl-2","11":"pa_size-s-m","13":"first","14":"outofstock","15":"shipping-taxable","16":"product-type-variable"},"_links":{"self":[{"href":"https:\/\/mod.wisdar.net\/tr\/wp-json\/wp\/v2\/product\/66967","targetHints":{"allow":["GET"]}}],"collection":[{"href":"https:\/\/mod.wisdar.net\/tr\/wp-json\/wp\/v2\/product"}],"about":[{"href":"https:\/\/mod.wisdar.net\/tr\/wp-json\/wp\/v2\/types\/product"}],"replies":[{"embeddable":true,"href":"https:\/\/mod.wisdar.net\/tr\/wp-json\/wp\/v2\/comments?post=66967"}],"wp:featuredmedia":[{"embeddable":true,"href":"https:\/\/mod.wisdar.net\/tr\/wp-json\/wp\/v2\/media\/66951"}],"wp:attachment":[{"href":"https:\/\/mod.wisdar.net\/tr\/wp-json\/wp\/v2\/media?parent=66967"}],"wp:term":[{"taxonomy":"product_brand","embeddable":true,"href":"https:\/\/mod.wisdar.net\/tr\/wp-json\/wp\/v2\/product_brand?post=66967"},{"taxonomy":"product_cat","embeddable":true,"href":"https:\/\/mod.wisdar.net\/tr\/wp-json\/wp\/v2\/product_cat?post=66967"},{"taxonomy":"product_tag","embeddable":true,"href":"https:\/\/mod.wisdar.net\/tr\/wp-json\/wp\/v2\/product_tag?post=66967"}],"curies":[{"name":"wp","href":"https:\/\/api.w.org\/{rel}","templated":true}]}}