{"id":67032,"date":"2026-01-04T18:36:22","date_gmt":"2026-01-04T18:36:22","guid":{"rendered":"https:\/\/modesthanim.com\/product\/uzun-kruvaze-kase-tas-kaban\/"},"modified":"2026-03-22T10:01:41","modified_gmt":"2026-03-22T10:01:41","slug":"uzun-kruvaze-kase-tas-kaban","status":"publish","type":"product","link":"https:\/\/mod.wisdar.net\/tr\/urun\/uzun-kruvaze-kase-tas-kaban\/","title":{"rendered":"Uzun Kruvaze Ka\u015fe Ta\u015f Kaban"},"content":{"rendered":"<p>UZUN KRUVAZE KA\u015eE TA\u015e KABAN \u00d6ZELL\u0130KLER\u0130 Ceket yakal\u0131, kruvaze kapamal\u0131, gizli d\u00fc\u011fme detayl\u0131, yandan cepli, kemer aksesuarl\u0131, normal kal\u0131p, astarl\u0131 uzun kruvaze ka\u015fe kaban. \u0130\u00c7ER\u0130\u011e\u0130 VE YIKANMASI %50 Nyl %50 Pes Kuru temizleme \u00f6nerilir. El ile \u00f6l\u00e7\u00fcmlerde 2-3 cm farkl\u0131l\u0131k g\u00f6sterebilir. Manken Bedeni: Small Manken \u00d6l\u00e7\u00fcs\u00fc: Boy: 1.77 cm, G\u00f6\u011f\u00fcs: 83 cm, Bel: 61 cm, Basen: 91 cm<\/p>\n","protected":false},"excerpt":{"rendered":"<p>UZUN KRUVAZE KA\u015eE TA\u015e KABAN \u00d6ZELL\u0130KLER\u0130 Ceket yakal\u0131, kruvaze kapamal\u0131, gizli d\u00fc\u011fme detayl\u0131, yandan cepli, kemer aksesuarl\u0131, normal kal\u0131p, astarl\u0131 uzun kruvaze ka\u015fe kaban. \u0130\u00c7ER\u0130\u011e\u0130 VE YIKANMASI %50 Nyl %50 Pes Kuru temizleme \u00f6nerilir. El ile \u00f6l\u00e7\u00fcmlerde 2-3 cm farkl\u0131l\u0131k g\u00f6sterebilir. Manken Bedeni: Small Manken \u00d6l\u00e7\u00fcs\u00fc: Boy: 1.77 cm, G\u00f6\u011f\u00fcs: 83 cm, Bel: 61 cm, [&hellip;]<\/p>\n","protected":false},"featured_media":67019,"comment_status":"open","ping_status":"closed","template":"","meta":[],"product_brand":[],"product_cat":[2047],"product_tag":[7960,8173,6312,6311],"class_list":{"0":"post-67032","1":"product","2":"type-product","3":"status-publish","4":"has-post-thumbnail","6":"product_cat-paltolar","7":"product_tag-kadin-dis-giyim","8":"product_tag-kasmir","9":"product_tag-long-coat","10":"product_tag-winter-coat","11":"pa_brand-hooopstore","12":"pa_color-tas-rengi","13":"pa_size-large","14":"pa_size-medium","15":"pa_size-small","17":"first","18":"instock","19":"sale","20":"shipping-taxable","21":"purchasable","22":"product-type-variable"},"_links":{"self":[{"href":"https:\/\/mod.wisdar.net\/tr\/wp-json\/wp\/v2\/product\/67032","targetHints":{"allow":["GET"]}}],"collection":[{"href":"https:\/\/mod.wisdar.net\/tr\/wp-json\/wp\/v2\/product"}],"about":[{"href":"https:\/\/mod.wisdar.net\/tr\/wp-json\/wp\/v2\/types\/product"}],"replies":[{"embeddable":true,"href":"https:\/\/mod.wisdar.net\/tr\/wp-json\/wp\/v2\/comments?post=67032"}],"wp:featuredmedia":[{"embeddable":true,"href":"https:\/\/mod.wisdar.net\/tr\/wp-json\/wp\/v2\/media\/67019"}],"wp:attachment":[{"href":"https:\/\/mod.wisdar.net\/tr\/wp-json\/wp\/v2\/media?parent=67032"}],"wp:term":[{"taxonomy":"product_brand","embeddable":true,"href":"https:\/\/mod.wisdar.net\/tr\/wp-json\/wp\/v2\/product_brand?post=67032"},{"taxonomy":"product_cat","embeddable":true,"href":"https:\/\/mod.wisdar.net\/tr\/wp-json\/wp\/v2\/product_cat?post=67032"},{"taxonomy":"product_tag","embeddable":true,"href":"https:\/\/mod.wisdar.net\/tr\/wp-json\/wp\/v2\/product_tag?post=67032"}],"curies":[{"name":"wp","href":"https:\/\/api.w.org\/{rel}","templated":true}]}}