{"id":67082,"date":"2026-01-04T18:36:40","date_gmt":"2026-01-04T18:36:40","guid":{"rendered":"https:\/\/modesthanim.com\/product\/kontrast-deri-biyeli-pelus-tas-mont\/"},"modified":"2026-01-14T19:06:25","modified_gmt":"2026-01-14T19:06:25","slug":"kontrast-deri-biyeli-pelus-tas-mont","status":"publish","type":"product","link":"https:\/\/mod.wisdar.net\/tr\/urun\/kontrast-deri-biyeli-pelus-tas-mont\/","title":{"rendered":"Kontrast Deri Biyeli Pel\u00fc\u015f Ta\u015f Mont"},"content":{"rendered":"<p>KONTRAST DER\u0130 B\u0130YEL\u0130 PEL\u00dc\u015e TA\u015e MONT \u00d6ZELL\u0130KLER\u0130<br \/>\nBisiklet yaka, fermuar kapamal\u0131, \u00f6nden cepli, diki\u015fli cep torbas\u0131na sahip iste\u011fe ba\u011fl\u0131 dikkatlice a\u00e7arak aktif hale kullanabilirsiniz, rahat kal\u0131p, i\u00e7i deri detayl\u0131, astars\u0131z kontrast deri biyeli pel\u00fc\u015f mont.<br \/>\n\u0130\u00c7ER\u0130\u011e\u0130 VE YIKANMASI<br \/>\n%100 Pes<br \/>\nKuru temizleme \u00f6nerilir.<br \/>\nEl ile \u00f6l\u00e7\u00fcmlerde 2-3 cm farkl\u0131l\u0131k g\u00f6sterebilir.<br \/>\nManken Bedeni: S-M<br \/>\nManken \u00d6l\u00e7\u00fcs\u00fc: Boy: 1.77 cm, G\u00f6\u011f\u00fcs: 77 cm, Bel: 61 cm, Basen: 89 cm<\/p>\n","protected":false},"excerpt":{"rendered":"<p>KONTRAST DER\u0130 B\u0130YEL\u0130 PEL\u00dc\u015e TA\u015e MONT \u00d6ZELL\u0130KLER\u0130 Bisiklet yaka, fermuar kapamal\u0131, \u00f6nden cepli, diki\u015fli cep torbas\u0131na sahip iste\u011fe ba\u011fl\u0131 dikkatlice a\u00e7arak aktif hale kullanabilirsiniz, rahat kal\u0131p, i\u00e7i deri detayl\u0131, astars\u0131z kontrast deri biyeli pel\u00fc\u015f mont. \u0130\u00c7ER\u0130\u011e\u0130 VE YIKANMASI %100 Pes Kuru temizleme \u00f6nerilir. El ile \u00f6l\u00e7\u00fcmlerde 2-3 cm farkl\u0131l\u0131k g\u00f6sterebilir. Manken Bedeni: S-M Manken \u00d6l\u00e7\u00fcs\u00fc: [&hellip;]<\/p>\n","protected":false},"featured_media":67074,"comment_status":"open","ping_status":"closed","template":"","meta":[],"product_brand":[],"product_cat":[2047],"product_tag":[7960,8015,7972,6311],"class_list":{"0":"post-67082","1":"product","2":"type-product","3":"status-publish","4":"has-post-thumbnail","6":"product_cat-paltolar","7":"product_tag-kadin-dis-giyim","8":"product_tag-moda-ceket","9":"product_tag-suni-kurk","10":"product_tag-winter-coat","11":"pa_brand-hooopstore","12":"pa_color-tas-rengi","13":"pa_size-l-xl-2","14":"pa_size-s-m","16":"first","17":"instock","18":"sale","19":"shipping-taxable","20":"purchasable","21":"product-type-variable"},"_links":{"self":[{"href":"https:\/\/mod.wisdar.net\/tr\/wp-json\/wp\/v2\/product\/67082","targetHints":{"allow":["GET"]}}],"collection":[{"href":"https:\/\/mod.wisdar.net\/tr\/wp-json\/wp\/v2\/product"}],"about":[{"href":"https:\/\/mod.wisdar.net\/tr\/wp-json\/wp\/v2\/types\/product"}],"replies":[{"embeddable":true,"href":"https:\/\/mod.wisdar.net\/tr\/wp-json\/wp\/v2\/comments?post=67082"}],"wp:featuredmedia":[{"embeddable":true,"href":"https:\/\/mod.wisdar.net\/tr\/wp-json\/wp\/v2\/media\/67074"}],"wp:attachment":[{"href":"https:\/\/mod.wisdar.net\/tr\/wp-json\/wp\/v2\/media?parent=67082"}],"wp:term":[{"taxonomy":"product_brand","embeddable":true,"href":"https:\/\/mod.wisdar.net\/tr\/wp-json\/wp\/v2\/product_brand?post=67082"},{"taxonomy":"product_cat","embeddable":true,"href":"https:\/\/mod.wisdar.net\/tr\/wp-json\/wp\/v2\/product_cat?post=67082"},{"taxonomy":"product_tag","embeddable":true,"href":"https:\/\/mod.wisdar.net\/tr\/wp-json\/wp\/v2\/product_tag?post=67082"}],"curies":[{"name":"wp","href":"https:\/\/api.w.org\/{rel}","templated":true}]}}