{"id":67323,"date":"2026-01-04T18:48:13","date_gmt":"2026-01-04T18:48:13","guid":{"rendered":"https:\/\/modesthanim.com\/product\/uzun-kruvaze-kase-kahve-kaban\/"},"modified":"2026-01-14T19:07:22","modified_gmt":"2026-01-14T19:07:22","slug":"uzun-kruvaze-kase-kahve-kaban","status":"publish","type":"product","link":"https:\/\/mod.wisdar.net\/tr\/urun\/uzun-kruvaze-kase-kahve-kaban\/","title":{"rendered":"Uzun Kruvaze Ka\u015fe Kahve Kaban"},"content":{"rendered":"<p>UZUN KRUVAZE KA\u015eE KAHVE KABAN \u00d6ZELL\u0130KLER\u0130 Ceket yakal\u0131, kruvaze kapamal\u0131, gizli d\u00fc\u011fme detayl\u0131, yandan cepli, kemer aksesuarl\u0131, normal kal\u0131p, astarl\u0131 uzun kruvaze ka\u015fe kaban. \u0130\u00c7ER\u0130\u011e\u0130 VE YIKANMASI %50 Nyl %50 Pes Kuru temizleme \u00f6nerilir. El ile \u00f6l\u00e7\u00fcmlerde 2-3 cm farkl\u0131l\u0131k g\u00f6sterebilir. Manken Bedeni: Small Manken \u00d6l\u00e7\u00fcs\u00fc: Boy: 1.77 cm, G\u00f6\u011f\u00fcs: 83 cm, Bel: 61 cm, Basen: 91 cm<\/p>\n","protected":false},"excerpt":{"rendered":"<p>UZUN KRUVAZE KA\u015eE KAHVE KABAN \u00d6ZELL\u0130KLER\u0130 Ceket yakal\u0131, kruvaze kapamal\u0131, gizli d\u00fc\u011fme detayl\u0131, yandan cepli, kemer aksesuarl\u0131, normal kal\u0131p, astarl\u0131 uzun kruvaze ka\u015fe kaban. \u0130\u00c7ER\u0130\u011e\u0130 VE YIKANMASI %50 Nyl %50 Pes Kuru temizleme \u00f6nerilir. El ile \u00f6l\u00e7\u00fcmlerde 2-3 cm farkl\u0131l\u0131k g\u00f6sterebilir. Manken Bedeni: Small Manken \u00d6l\u00e7\u00fcs\u00fc: Boy: 1.77 cm, G\u00f6\u011f\u00fcs: 83 cm, Bel: 61 cm, [&hellip;]<\/p>\n","protected":false},"featured_media":67310,"comment_status":"open","ping_status":"closed","template":"","meta":[],"product_brand":[],"product_cat":[2047],"product_tag":[6840,8173,6312,6311,6313],"class_list":{"0":"post-67323","1":"product","2":"type-product","3":"status-publish","4":"has-post-thumbnail","6":"product_cat-paltolar","7":"product_tag-kahve-rengi","8":"product_tag-kasmir","9":"product_tag-long-coat","10":"product_tag-winter-coat","11":"product_tag-womens-coat","12":"pa_brand-hooopstore","13":"pa_color-kahve","14":"pa_size-large","15":"pa_size-medium","16":"pa_size-small","18":"first","19":"instock","20":"sale","21":"shipping-taxable","22":"purchasable","23":"product-type-variable"},"_links":{"self":[{"href":"https:\/\/mod.wisdar.net\/tr\/wp-json\/wp\/v2\/product\/67323","targetHints":{"allow":["GET"]}}],"collection":[{"href":"https:\/\/mod.wisdar.net\/tr\/wp-json\/wp\/v2\/product"}],"about":[{"href":"https:\/\/mod.wisdar.net\/tr\/wp-json\/wp\/v2\/types\/product"}],"replies":[{"embeddable":true,"href":"https:\/\/mod.wisdar.net\/tr\/wp-json\/wp\/v2\/comments?post=67323"}],"wp:featuredmedia":[{"embeddable":true,"href":"https:\/\/mod.wisdar.net\/tr\/wp-json\/wp\/v2\/media\/67310"}],"wp:attachment":[{"href":"https:\/\/mod.wisdar.net\/tr\/wp-json\/wp\/v2\/media?parent=67323"}],"wp:term":[{"taxonomy":"product_brand","embeddable":true,"href":"https:\/\/mod.wisdar.net\/tr\/wp-json\/wp\/v2\/product_brand?post=67323"},{"taxonomy":"product_cat","embeddable":true,"href":"https:\/\/mod.wisdar.net\/tr\/wp-json\/wp\/v2\/product_cat?post=67323"},{"taxonomy":"product_tag","embeddable":true,"href":"https:\/\/mod.wisdar.net\/tr\/wp-json\/wp\/v2\/product_tag?post=67323"}],"curies":[{"name":"wp","href":"https:\/\/api.w.org\/{rel}","templated":true}]}}