{"id":67871,"date":"2026-01-05T21:03:58","date_gmt":"2026-01-05T21:03:58","guid":{"rendered":"https:\/\/modesthanim.com\/product\/yaka-detayli-denim-elbise-tas\/"},"modified":"2026-04-02T20:50:24","modified_gmt":"2026-04-02T20:50:24","slug":"yaka-detayli-denim-elbise-tas","status":"publish","type":"product","link":"https:\/\/mod.wisdar.net\/tr\/urun\/yaka-detayli-denim-elbise-tas\/","title":{"rendered":"Yaka Detayl\u0131 Denim Elbise Ta\u015f"},"content":{"rendered":"<p>G\u00f6mlek Yakas\u0131<br \/>\nFermuar Kapatma<br \/>\nG\u00f6\u011f\u00fcste Cep Detay\u0131<br \/>\nOmuz D\u00fc\u015f\u00fcrme<br \/>\nAyak bile\u011fi uzunlu\u011fu<br \/>\nAyn\u0131 Kuma\u015ftan \u0130nce Kemer<\/p>\n<p>Kuma\u015f Kompozisyonu:<br \/>\n%100 Pamuk<\/p>\n<p>Bak\u0131m Talimatlar\u0131:<br \/>\nKot Kuma\u015f\u0131n Do\u011fas\u0131 Gere\u011fi Giyme ve Y\u0131kama ile Rengi Solabilir. A\u00e7\u0131k Renkli Giysilere ve Y\u00fczeylere Renk Verebilir. Benzer Renklerle Ters Y\u00fcz Ederek Y\u0131kay\u0131n\u0131z.<\/p>\n","protected":false},"excerpt":{"rendered":"<p>G\u00f6mlek Yakas\u0131 Fermuar Kapatma G\u00f6\u011f\u00fcste Cep Detay\u0131 Omuz D\u00fc\u015f\u00fcrme Ayak bile\u011fi uzunlu\u011fu Ayn\u0131 Kuma\u015ftan \u0130nce Kemer Kuma\u015f Kompozisyonu: %100 Pamuk Bak\u0131m Talimatlar\u0131: Kot Kuma\u015f\u0131n Do\u011fas\u0131 Gere\u011fi Giyme ve Y\u0131kama ile Rengi Solabilir. A\u00e7\u0131k Renkli Giysilere ve Y\u00fczeylere Renk Verebilir. Benzer Renklerle Ters Y\u00fcz Ederek Y\u0131kay\u0131n\u0131z.<\/p>\n","protected":false},"featured_media":67860,"comment_status":"open","ping_status":"closed","template":"","meta":[],"product_brand":[],"product_cat":[6249,1933],"product_tag":[7575,7669],"class_list":{"0":"post-67871","1":"product","2":"type-product","3":"status-publish","4":"has-post-thumbnail","6":"product_cat-elbiseler","7":"product_cat-gunluk-ve-gunduz-elbiseleri","8":"product_tag-gunluk-elbise","9":"product_tag-kot-elbise","10":"pa_brand-manuka","11":"pa_color-tas","12":"pa_size-m-l","13":"pa_size-s-m","15":"first","16":"outofstock","17":"shipping-taxable","18":"product-type-variable"},"_links":{"self":[{"href":"https:\/\/mod.wisdar.net\/tr\/wp-json\/wp\/v2\/product\/67871","targetHints":{"allow":["GET"]}}],"collection":[{"href":"https:\/\/mod.wisdar.net\/tr\/wp-json\/wp\/v2\/product"}],"about":[{"href":"https:\/\/mod.wisdar.net\/tr\/wp-json\/wp\/v2\/types\/product"}],"replies":[{"embeddable":true,"href":"https:\/\/mod.wisdar.net\/tr\/wp-json\/wp\/v2\/comments?post=67871"}],"wp:featuredmedia":[{"embeddable":true,"href":"https:\/\/mod.wisdar.net\/tr\/wp-json\/wp\/v2\/media\/67860"}],"wp:attachment":[{"href":"https:\/\/mod.wisdar.net\/tr\/wp-json\/wp\/v2\/media?parent=67871"}],"wp:term":[{"taxonomy":"product_brand","embeddable":true,"href":"https:\/\/mod.wisdar.net\/tr\/wp-json\/wp\/v2\/product_brand?post=67871"},{"taxonomy":"product_cat","embeddable":true,"href":"https:\/\/mod.wisdar.net\/tr\/wp-json\/wp\/v2\/product_cat?post=67871"},{"taxonomy":"product_tag","embeddable":true,"href":"https:\/\/mod.wisdar.net\/tr\/wp-json\/wp\/v2\/product_tag?post=67871"}],"curies":[{"name":"wp","href":"https:\/\/api.w.org\/{rel}","templated":true}]}}