{"id":68122,"date":"2026-01-05T21:06:05","date_gmt":"2026-01-05T21:06:05","guid":{"rendered":"https:\/\/modesthanim.com\/product\/yakali-kahverengi-sac-orgusu-desenli-kazak\/"},"modified":"2026-03-22T08:13:59","modified_gmt":"2026-03-22T08:13:59","slug":"yakali-kahverengi-sac-orgusu-desenli-kazak","status":"publish","type":"product","link":"https:\/\/mod.wisdar.net\/tr\/urun\/yakali-kahverengi-sac-orgusu-desenli-kazak\/","title":{"rendered":"Yakal\u0131 Kahverengi Sa\u00e7 \u00d6rg\u00fcs\u00fc Desenli Kazak"},"content":{"rendered":"<p>Polo yaka, uzun kol, V yaka detayl\u0131 sa\u00e7 \u00f6rg\u00fcl\u00fc desen, ara boy, normal kal\u0131p.<\/p>\n<p>Ana Kuma\u015f: %78 Akrilik, %15 Polyester, %7 Polib\u00fctilen Teleferat<\/p>\n<p>Bak\u0131m Talimatlar\u0131:<br \/>\n\u2013 \u00dcr\u00fcn\u00fc ters \u00e7evirerek y\u0131kay\u0131n\u0131z<br \/>\n\u2013 \u00dcr\u00fcn\u00fc tersten \u00fct\u00fcleyiniz<br \/>\n\u2013 Maksimum 30\u00b0C s\u0131cakl\u0131kta y\u0131kay\u0131n\u0131z<br \/>\n\u2013 A\u011fart\u0131c\u0131 kullanmay\u0131n\u0131z<br \/>\n\u2013 D\u00fc\u015f\u00fck s\u0131cakl\u0131kta \u00fct\u00fcleyiniz<br \/>\n\u2013 Kuru temizleme yap\u0131lamaz<br \/>\n\u2013 Tamburlu kurutma yapmay\u0131n\u0131z<\/p>\n<p>Beden \u00d6l\u00e7\u00fcleri:<br \/>\nS\/M Beden: Boy: 73 cm, Etek Ucu: 61 cm, Kol Boyu: 46 cm, G\u00f6\u011f\u00fcs: 62 cm<br \/>\nM\/L Beden: Boy: 74,5 cm, Etek Ucu: 63 cm, Kol Boyu: 47 cm, G\u00f6\u011f\u00fcs: 64 cm<\/p>\n","protected":false},"excerpt":{"rendered":"<p>Polo yaka, uzun kol, V yaka detayl\u0131 sa\u00e7 \u00f6rg\u00fcl\u00fc desen, ara boy, normal kal\u0131p. Ana Kuma\u015f: %78 Akrilik, %15 Polyester, %7 Polib\u00fctilen Teleferat Bak\u0131m Talimatlar\u0131: \u2013 \u00dcr\u00fcn\u00fc ters \u00e7evirerek y\u0131kay\u0131n\u0131z \u2013 \u00dcr\u00fcn\u00fc tersten \u00fct\u00fcleyiniz \u2013 Maksimum 30\u00b0C s\u0131cakl\u0131kta y\u0131kay\u0131n\u0131z \u2013 A\u011fart\u0131c\u0131 kullanmay\u0131n\u0131z \u2013 D\u00fc\u015f\u00fck s\u0131cakl\u0131kta \u00fct\u00fcleyiniz \u2013 Kuru temizleme yap\u0131lamaz \u2013 Tamburlu kurutma yapmay\u0131n\u0131z Beden [&hellip;]<\/p>\n","protected":false},"featured_media":68113,"comment_status":"open","ping_status":"closed","template":"","meta":[],"product_brand":[],"product_cat":[1927],"product_tag":[],"class_list":{"0":"post-68122","1":"product","2":"type-product","3":"status-publish","4":"has-post-thumbnail","6":"product_cat-hoodies-sweatshirtler","7":"pa_brand-manuka","8":"pa_color-brown","9":"pa_size-m-l","10":"pa_size-s-m","12":"first","13":"outofstock","14":"shipping-taxable","15":"product-type-variable"},"_links":{"self":[{"href":"https:\/\/mod.wisdar.net\/tr\/wp-json\/wp\/v2\/product\/68122","targetHints":{"allow":["GET"]}}],"collection":[{"href":"https:\/\/mod.wisdar.net\/tr\/wp-json\/wp\/v2\/product"}],"about":[{"href":"https:\/\/mod.wisdar.net\/tr\/wp-json\/wp\/v2\/types\/product"}],"replies":[{"embeddable":true,"href":"https:\/\/mod.wisdar.net\/tr\/wp-json\/wp\/v2\/comments?post=68122"}],"wp:featuredmedia":[{"embeddable":true,"href":"https:\/\/mod.wisdar.net\/tr\/wp-json\/wp\/v2\/media\/68113"}],"wp:attachment":[{"href":"https:\/\/mod.wisdar.net\/tr\/wp-json\/wp\/v2\/media?parent=68122"}],"wp:term":[{"taxonomy":"product_brand","embeddable":true,"href":"https:\/\/mod.wisdar.net\/tr\/wp-json\/wp\/v2\/product_brand?post=68122"},{"taxonomy":"product_cat","embeddable":true,"href":"https:\/\/mod.wisdar.net\/tr\/wp-json\/wp\/v2\/product_cat?post=68122"},{"taxonomy":"product_tag","embeddable":true,"href":"https:\/\/mod.wisdar.net\/tr\/wp-json\/wp\/v2\/product_tag?post=68122"}],"curies":[{"name":"wp","href":"https:\/\/api.w.org\/{rel}","templated":true}]}}