{"id":68203,"date":"2026-01-05T21:06:55","date_gmt":"2026-01-05T21:06:55","guid":{"rendered":"https:\/\/modesthanim.com\/product\/uzun-kollu-simli-gece-elbisesi-lacivert\/"},"modified":"2026-04-02T21:00:44","modified_gmt":"2026-04-02T21:00:44","slug":"uzun-kollu-simli-gece-elbisesi-lacivert","status":"publish","type":"product","link":"https:\/\/mod.wisdar.net\/tr\/urun\/uzun-kollu-simli-gece-elbisesi-lacivert\/","title":{"rendered":"Uzun Kollu Simli Gece Elbisesi Lacivert"},"content":{"rendered":"<p>Yuvarlak Yaka Elbise<br \/>\nDamla kapatma<br \/>\nHafif \u00e7an man\u015fetli uzun kollu<br \/>\nTamamen astarl\u0131<br \/>\nKendi kuma\u015f\u0131ndan bel ba\u011f\u0131 detay\u0131<br \/>\nOmuz pedleri<\/p>\n<p>Kuma\u015f Kompozisyonu:<br \/>\nKabuk: %100 Polyester<br \/>\nAstar: %100 Polyester<\/p>\n<p>Boyut Bilgileri:<br \/>\nBeden S: Uzunluk: 140 cm, Kal\u00e7a: 55 cm, Etek: 77 cm, Kol Uzunlu\u011fu: 65 cm, G\u00f6\u011f\u00fcs: 49 cm<br \/>\nBeden M: Uzunluk: 141 cm, Kal\u00e7a: 57 cm, Etek: 79 cm, Kol Uzunlu\u011fu: 66 cm, G\u00f6\u011f\u00fcs: 51 cm<br \/>\nBeden L: Uzunluk: 142 cm, Kal\u00e7a: 59 cm, Etek: 81 cm, Kol Uzunlu\u011fu: 67 cm, G\u00f6\u011f\u00fcs: 53 cm<\/p>\n<p>Bak\u0131m Talimatlar\u0131:<br \/>\nD\u00fc\u015f\u00fck s\u0131cakl\u0131kta \u00fct\u00fcleyin<br \/>\n\u00c7ama\u015f\u0131r suyu kullanmay\u0131n<br \/>\nSadece kuru temizleme<br \/>\nKurutma makinesinde kurutmay\u0131n<br \/>\nMa\u011faza katlanm\u0131\u015f<\/p>\n","protected":false},"excerpt":{"rendered":"<p>Yuvarlak Yaka Elbise Damla kapatma Hafif \u00e7an man\u015fetli uzun kollu Tamamen astarl\u0131 Kendi kuma\u015f\u0131ndan bel ba\u011f\u0131 detay\u0131 Omuz pedleri Kuma\u015f Kompozisyonu: Kabuk: %100 Polyester Astar: %100 Polyester Boyut Bilgileri: Beden S: Uzunluk: 140 cm, Kal\u00e7a: 55 cm, Etek: 77 cm, Kol Uzunlu\u011fu: 65 cm, G\u00f6\u011f\u00fcs: 49 cm Beden M: Uzunluk: 141 cm, Kal\u00e7a: 57 cm, [&hellip;]<\/p>\n","protected":false},"featured_media":68190,"comment_status":"open","ping_status":"closed","template":"","meta":[],"product_brand":[],"product_cat":[6249,1936],"product_tag":[8427,7959,6748],"class_list":{"0":"post-68203","1":"product","2":"type-product","3":"status-publish","4":"has-post-thumbnail","6":"product_cat-elbiseler","7":"product_cat-resmi-ve-aksam-elbiseleri","8":"product_tag-gece-elbisesi","9":"product_tag-resmi-giyim","10":"product_tag-uzun-kollu-elbise","11":"pa_brand-manuka","12":"pa_color-lacivert","13":"pa_size-l","14":"pa_size-m","15":"pa_size-s","17":"first","18":"outofstock","19":"shipping-taxable","20":"product-type-variable"},"_links":{"self":[{"href":"https:\/\/mod.wisdar.net\/tr\/wp-json\/wp\/v2\/product\/68203","targetHints":{"allow":["GET"]}}],"collection":[{"href":"https:\/\/mod.wisdar.net\/tr\/wp-json\/wp\/v2\/product"}],"about":[{"href":"https:\/\/mod.wisdar.net\/tr\/wp-json\/wp\/v2\/types\/product"}],"replies":[{"embeddable":true,"href":"https:\/\/mod.wisdar.net\/tr\/wp-json\/wp\/v2\/comments?post=68203"}],"wp:featuredmedia":[{"embeddable":true,"href":"https:\/\/mod.wisdar.net\/tr\/wp-json\/wp\/v2\/media\/68190"}],"wp:attachment":[{"href":"https:\/\/mod.wisdar.net\/tr\/wp-json\/wp\/v2\/media?parent=68203"}],"wp:term":[{"taxonomy":"product_brand","embeddable":true,"href":"https:\/\/mod.wisdar.net\/tr\/wp-json\/wp\/v2\/product_brand?post=68203"},{"taxonomy":"product_cat","embeddable":true,"href":"https:\/\/mod.wisdar.net\/tr\/wp-json\/wp\/v2\/product_cat?post=68203"},{"taxonomy":"product_tag","embeddable":true,"href":"https:\/\/mod.wisdar.net\/tr\/wp-json\/wp\/v2\/product_tag?post=68203"}],"curies":[{"name":"wp","href":"https:\/\/api.w.org\/{rel}","templated":true}]}}