{"id":68840,"date":"2026-01-05T21:13:05","date_gmt":"2026-01-05T21:13:05","guid":{"rendered":"https:\/\/modesthanim.com\/product\/cape-abiye-elbise-ekru\/"},"modified":"2026-03-17T17:32:36","modified_gmt":"2026-03-17T17:32:36","slug":"cape-abiye-elbise-ekru","status":"publish","type":"product","link":"https:\/\/mod.wisdar.net\/tr\/urun\/cape-abiye-elbise-ekru\/","title":{"rendered":"Cape Abiye Elbise Ekru"},"content":{"rendered":"<p>Saten kuma\u015ftan yap\u0131lm\u0131\u015f, y\u00fcksek yakal\u0131 ve pelerin detayl\u0131, sofistike bir elbise. Kollar\u0131 gizli fermuarl\u0131, omuzlar\u0131 dolgulu ve elbise tamamen astarl\u0131.<\/p>\n<p>Ana Kuma\u015f: %100 Polyester<br \/>\n\u0130kincil Kuma\u015f: %97 Polyester, %3 Elastan<br \/>\nAstar: %100 Polyester<\/p>\n<p>Bak\u0131m Talimatlar\u0131: Sadece kuru temizleme yap\u0131labilir, d\u00fc\u015f\u00fck s\u0131cakl\u0131kta \u00fct\u00fclenebilir.<\/p>\n","protected":false},"excerpt":{"rendered":"<p>Saten kuma\u015ftan yap\u0131lm\u0131\u015f, y\u00fcksek yakal\u0131 ve pelerin detayl\u0131, sofistike bir elbise. Kollar\u0131 gizli fermuarl\u0131, omuzlar\u0131 dolgulu ve elbise tamamen astarl\u0131. Ana Kuma\u015f: %100 Polyester \u0130kincil Kuma\u015f: %97 Polyester, %3 Elastan Astar: %100 Polyester Bak\u0131m Talimatlar\u0131: Sadece kuru temizleme yap\u0131labilir, d\u00fc\u015f\u00fck s\u0131cakl\u0131kta \u00fct\u00fclenebilir.<\/p>\n","protected":false},"featured_media":68829,"comment_status":"open","ping_status":"closed","template":"","meta":[],"product_brand":[],"product_cat":[6249,1936],"product_tag":[8427,7959,6315],"class_list":{"0":"post-68840","1":"product","2":"type-product","3":"status-publish","4":"has-post-thumbnail","6":"product_cat-elbiseler","7":"product_cat-resmi-ve-aksam-elbiseleri","8":"product_tag-gece-elbisesi","9":"product_tag-resmi-giyim","10":"product_tag-sophisticated-fashion","11":"pa_brand-manuka","12":"pa_color-ekru","13":"pa_size-4701","14":"pa_size-4706","15":"pa_size-4711","16":"pa_size-4713","18":"first","19":"outofstock","20":"shipping-taxable","21":"product-type-variable"},"_links":{"self":[{"href":"https:\/\/mod.wisdar.net\/tr\/wp-json\/wp\/v2\/product\/68840","targetHints":{"allow":["GET"]}}],"collection":[{"href":"https:\/\/mod.wisdar.net\/tr\/wp-json\/wp\/v2\/product"}],"about":[{"href":"https:\/\/mod.wisdar.net\/tr\/wp-json\/wp\/v2\/types\/product"}],"replies":[{"embeddable":true,"href":"https:\/\/mod.wisdar.net\/tr\/wp-json\/wp\/v2\/comments?post=68840"}],"wp:featuredmedia":[{"embeddable":true,"href":"https:\/\/mod.wisdar.net\/tr\/wp-json\/wp\/v2\/media\/68829"}],"wp:attachment":[{"href":"https:\/\/mod.wisdar.net\/tr\/wp-json\/wp\/v2\/media?parent=68840"}],"wp:term":[{"taxonomy":"product_brand","embeddable":true,"href":"https:\/\/mod.wisdar.net\/tr\/wp-json\/wp\/v2\/product_brand?post=68840"},{"taxonomy":"product_cat","embeddable":true,"href":"https:\/\/mod.wisdar.net\/tr\/wp-json\/wp\/v2\/product_cat?post=68840"},{"taxonomy":"product_tag","embeddable":true,"href":"https:\/\/mod.wisdar.net\/tr\/wp-json\/wp\/v2\/product_tag?post=68840"}],"curies":[{"name":"wp","href":"https:\/\/api.w.org\/{rel}","templated":true}]}}