{"id":69150,"date":"2026-01-09T19:40:48","date_gmt":"2026-01-09T19:40:48","guid":{"rendered":"https:\/\/modesthanim.com\/product\/asil-elbise-siyah\/"},"modified":"2026-04-03T00:00:38","modified_gmt":"2026-04-03T00:00:38","slug":"asil-elbise-siyah","status":"publish","type":"product","link":"https:\/\/mod.wisdar.net\/tr\/urun\/asil-elbise-siyah\/","title":{"rendered":"Asil Elbise Siyah"},"content":{"rendered":"<p>Elbise 1. s\u0131n\u0131f dantel kuma\u015ftan \u00fcretilmi\u015ftir.<br \/>\nArka yaka k\u0131sm\u0131nda fermuar bulunmaktad\u0131r.<br \/>\nBisiklet yaka tasar\u0131ma sahiptir.<br \/>\n\u00c7\u0131kar\u0131labilir seyyar kemer detay\u0131 mevcuttur.<br \/>\nDar kal\u0131p ve esnek yap\u0131ya sahiptir, 1 beden b\u00fcy\u00fck tercih edilebilir.<br \/>\nElbise boyu: 139cm<br \/>\nOmuz geni\u015fli\u011fi: 40cm<br \/>\nG\u00f6\u011f\u00fcs \u00f6l\u00e7\u00fcs\u00fc: 45cm<br \/>\nBel \u00f6l\u00e7\u00fcs\u00fc: 35cm<\/p>\n","protected":false},"excerpt":{"rendered":"<p>Elbise 1. s\u0131n\u0131f dantel kuma\u015ftan \u00fcretilmi\u015ftir. Arka yaka k\u0131sm\u0131nda fermuar bulunmaktad\u0131r. Bisiklet yaka tasar\u0131ma sahiptir. \u00c7\u0131kar\u0131labilir seyyar kemer detay\u0131 mevcuttur. Dar kal\u0131p ve esnek yap\u0131ya sahiptir, 1 beden b\u00fcy\u00fck tercih edilebilir. Elbise boyu: 139cm Omuz geni\u015fli\u011fi: 40cm G\u00f6\u011f\u00fcs \u00f6l\u00e7\u00fcs\u00fc: 45cm Bel \u00f6l\u00e7\u00fcs\u00fc: 35cm<\/p>\n","protected":false},"featured_media":69139,"comment_status":"open","ping_status":"closed","template":"","meta":[],"product_brand":[],"product_cat":[6249,1933],"product_tag":[],"class_list":{"0":"post-69150","1":"product","2":"type-product","3":"status-publish","4":"has-post-thumbnail","6":"product_cat-elbiseler","7":"product_cat-gunluk-ve-gunduz-elbiseleri","8":"pa_brand-butikkolik","9":"pa_color-siyah","10":"pa_size-4701","11":"pa_size-4706","12":"pa_size-4711","13":"pa_size-4713","14":"pa_size-4751","15":"pa_size-4749","17":"first","18":"instock","19":"sale","20":"shipping-taxable","21":"purchasable","22":"product-type-variable"},"_links":{"self":[{"href":"https:\/\/mod.wisdar.net\/tr\/wp-json\/wp\/v2\/product\/69150","targetHints":{"allow":["GET"]}}],"collection":[{"href":"https:\/\/mod.wisdar.net\/tr\/wp-json\/wp\/v2\/product"}],"about":[{"href":"https:\/\/mod.wisdar.net\/tr\/wp-json\/wp\/v2\/types\/product"}],"replies":[{"embeddable":true,"href":"https:\/\/mod.wisdar.net\/tr\/wp-json\/wp\/v2\/comments?post=69150"}],"wp:featuredmedia":[{"embeddable":true,"href":"https:\/\/mod.wisdar.net\/tr\/wp-json\/wp\/v2\/media\/69139"}],"wp:attachment":[{"href":"https:\/\/mod.wisdar.net\/tr\/wp-json\/wp\/v2\/media?parent=69150"}],"wp:term":[{"taxonomy":"product_brand","embeddable":true,"href":"https:\/\/mod.wisdar.net\/tr\/wp-json\/wp\/v2\/product_brand?post=69150"},{"taxonomy":"product_cat","embeddable":true,"href":"https:\/\/mod.wisdar.net\/tr\/wp-json\/wp\/v2\/product_cat?post=69150"},{"taxonomy":"product_tag","embeddable":true,"href":"https:\/\/mod.wisdar.net\/tr\/wp-json\/wp\/v2\/product_tag?post=69150"}],"curies":[{"name":"wp","href":"https:\/\/api.w.org\/{rel}","templated":true}]}}