{"id":6925,"date":"2025-11-01T19:37:53","date_gmt":"2025-11-01T19:37:53","guid":{"rendered":"https:\/\/modesthanim.com\/product\/mansetli-bol-kesim-ceket-kahve\/"},"modified":"2026-01-15T08:25:02","modified_gmt":"2026-01-15T08:25:02","slug":"mansetli-bol-kesim-ceket-kahve","status":"publish","type":"product","link":"https:\/\/mod.wisdar.net\/tr\/urun\/mansetli-bol-kesim-ceket-kahve\/","title":{"rendered":"Man\u015fetli Bol Kesim Ceket \u2013 Kahve"},"content":{"rendered":"<p>Bu bol kesim ceket, zarif man\u015fet detaylar\u0131 ile serbest bir siluet sunar ve g\u00fcnl\u00fck k\u0131yafetlere modern ve rahat bir dokunu\u015f katar. Hafif yap\u0131s\u0131, mevsim ge\u00e7i\u015fleri i\u00e7in ideal bir se\u00e7im haline getirir.<\/p>\n<p>Kuma\u015f \u0130\u00e7eri\u011fi: %100 Lyocell<br \/>\nDesen: D\u00fcz<br \/>\nYaka Tipi: Blazer Yaka<br \/>\nKol Tipi: Uzun Kol<br \/>\nCep: Cepsiz<br \/>\nAstar: Astars\u0131z<br \/>\n\u00dcr\u00fcn Uzunlu\u011fu: 83 cm<br \/>\nKal\u0131p: Bol Kesim<br \/>\nModelin Giydi\u011fi Beden: 38<br \/>\nModel \u00d6l\u00e7\u00fcleri: Boy: 179 cm, G\u00f6\u011f\u00fcs: 84 cm, Bel: 62 cm, Kal\u00e7a: 90 cm<\/p>\n<p>\u2014 Teknik Detaylar \u2014<br \/>\nDesen: D\u00fcz<br \/>\nYaka Tipi: Blazer Yaka<br \/>\nKol Tipi: Uzun Kol<br \/>\nCep: Cepsiz<br \/>\nAstar: Astars\u0131z<br \/>\n\u00dcr\u00fcn Uzunlu\u011fu: 83 cm<br \/>\nKal\u0131p: Bol Kesim<br \/>\nModelin Giydi\u011fi Beden: 38<br \/>\nModel \u00d6l\u00e7\u00fcleri: Boy: 179 cm, G\u00f6\u011f\u00fcs: 84 cm, Bel: 62 cm, Kal\u00e7a: 90 cm<\/p>\n","protected":false},"excerpt":{"rendered":"<p>Bu bol kesim ceket, zarif man\u015fet detaylar\u0131 ile serbest bir siluet sunar ve g\u00fcnl\u00fck k\u0131yafetlere modern ve rahat bir dokunu\u015f katar. Hafif yap\u0131s\u0131, mevsim ge\u00e7i\u015fleri i\u00e7in ideal bir se\u00e7im haline getirir. Kuma\u015f \u0130\u00e7eri\u011fi: %100 Lyocell Desen: D\u00fcz Yaka Tipi: Blazer Yaka Kol Tipi: Uzun Kol Cep: Cepsiz Astar: Astars\u0131z \u00dcr\u00fcn Uzunlu\u011fu: 83 cm Kal\u0131p: Bol [&hellip;]<\/p>\n","protected":false},"featured_media":0,"comment_status":"open","ping_status":"closed","template":"","meta":[],"product_brand":[],"product_cat":[2044],"product_tag":[7943,7328,5013,6751],"class_list":{"0":"post-6925","1":"product","2":"type-product","3":"status-publish","5":"product_cat-ceketler","6":"product_tag-blazer","7":"product_tag-kahverengi","8":"product_tag-modern","9":"product_tag-rahat","10":"pa_color-kahve","11":"pa_size-4706","12":"pa_size-4711","13":"pa_size-4713","14":"pa_size-4751","16":"first","17":"instock","18":"sale","19":"shipping-taxable","20":"purchasable","21":"product-type-variable"},"_links":{"self":[{"href":"https:\/\/mod.wisdar.net\/tr\/wp-json\/wp\/v2\/product\/6925","targetHints":{"allow":["GET"]}}],"collection":[{"href":"https:\/\/mod.wisdar.net\/tr\/wp-json\/wp\/v2\/product"}],"about":[{"href":"https:\/\/mod.wisdar.net\/tr\/wp-json\/wp\/v2\/types\/product"}],"replies":[{"embeddable":true,"href":"https:\/\/mod.wisdar.net\/tr\/wp-json\/wp\/v2\/comments?post=6925"}],"wp:attachment":[{"href":"https:\/\/mod.wisdar.net\/tr\/wp-json\/wp\/v2\/media?parent=6925"}],"wp:term":[{"taxonomy":"product_brand","embeddable":true,"href":"https:\/\/mod.wisdar.net\/tr\/wp-json\/wp\/v2\/product_brand?post=6925"},{"taxonomy":"product_cat","embeddable":true,"href":"https:\/\/mod.wisdar.net\/tr\/wp-json\/wp\/v2\/product_cat?post=6925"},{"taxonomy":"product_tag","embeddable":true,"href":"https:\/\/mod.wisdar.net\/tr\/wp-json\/wp\/v2\/product_tag?post=6925"}],"curies":[{"name":"wp","href":"https:\/\/api.w.org\/{rel}","templated":true}]}}