{"id":69260,"date":"2026-01-09T19:41:35","date_gmt":"2026-01-09T19:41:35","guid":{"rendered":"https:\/\/modesthanim.com\/product\/simay-esofman-takim-antrasit\/"},"modified":"2026-01-14T18:45:24","modified_gmt":"2026-01-14T18:45:24","slug":"simay-esofman-takim-antrasit","status":"publish","type":"product","link":"https:\/\/mod.wisdar.net\/tr\/urun\/simay-esofman-takim-antrasit\/","title":{"rendered":"Simay E\u015fofman Tak\u0131m Antrasit"},"content":{"rendered":"<p>Tak\u0131m 1. S\u0131n\u0131f Oys Kuma\u015ft\u0131r. Tak\u0131m \u00d6n Yakadan Fermuar Detayl\u0131d\u0131r. Tak\u0131m Etek Ucu Par\u00e7a Detayl\u0131d\u0131r. Tak\u0131m E\u015fofman Beli Lastiklidir. Tak\u0131m E\u015fofman Ceplidir. Tak\u0131m \u00dcst 58cm Tak\u0131m \u00dcst Omuz 56cm Tak\u0131m \u00fcst G\u00f6\u011f\u00fcs 51cm Tak\u0131m E\u015fofman Boy 114cm Tak\u0131m E\u015fofman Bel 34cm<\/p>\n","protected":false},"excerpt":{"rendered":"<p>Tak\u0131m 1. S\u0131n\u0131f Oys Kuma\u015ft\u0131r. Tak\u0131m \u00d6n Yakadan Fermuar Detayl\u0131d\u0131r. Tak\u0131m Etek Ucu Par\u00e7a Detayl\u0131d\u0131r. Tak\u0131m E\u015fofman Beli Lastiklidir. Tak\u0131m E\u015fofman Ceplidir. Tak\u0131m \u00dcst 58cm Tak\u0131m \u00dcst Omuz 56cm Tak\u0131m \u00fcst G\u00f6\u011f\u00fcs 51cm Tak\u0131m E\u015fofman Boy 114cm Tak\u0131m E\u015fofman Bel 34cm<\/p>\n","protected":false},"featured_media":69255,"comment_status":"open","ping_status":"closed","template":"","meta":[],"product_brand":[],"product_cat":[1900],"product_tag":[7426,6751,7424],"class_list":{"0":"post-69260","1":"product","2":"type-product","3":"status-publish","4":"has-post-thumbnail","6":"product_cat-koordinatlar-setler","7":"product_tag-gunluk-giyim-3","8":"product_tag-rahat","9":"product_tag-spor-giyim","10":"pa_brand-butikkolik","11":"pa_color-antrasit","12":"pa_size-l-44-46","13":"pa_size-m-42-44","14":"pa_size-s-38-40","16":"first","17":"instock","18":"sale","19":"shipping-taxable","20":"purchasable","21":"product-type-variable"},"_links":{"self":[{"href":"https:\/\/mod.wisdar.net\/tr\/wp-json\/wp\/v2\/product\/69260","targetHints":{"allow":["GET"]}}],"collection":[{"href":"https:\/\/mod.wisdar.net\/tr\/wp-json\/wp\/v2\/product"}],"about":[{"href":"https:\/\/mod.wisdar.net\/tr\/wp-json\/wp\/v2\/types\/product"}],"replies":[{"embeddable":true,"href":"https:\/\/mod.wisdar.net\/tr\/wp-json\/wp\/v2\/comments?post=69260"}],"wp:featuredmedia":[{"embeddable":true,"href":"https:\/\/mod.wisdar.net\/tr\/wp-json\/wp\/v2\/media\/69255"}],"wp:attachment":[{"href":"https:\/\/mod.wisdar.net\/tr\/wp-json\/wp\/v2\/media?parent=69260"}],"wp:term":[{"taxonomy":"product_brand","embeddable":true,"href":"https:\/\/mod.wisdar.net\/tr\/wp-json\/wp\/v2\/product_brand?post=69260"},{"taxonomy":"product_cat","embeddable":true,"href":"https:\/\/mod.wisdar.net\/tr\/wp-json\/wp\/v2\/product_cat?post=69260"},{"taxonomy":"product_tag","embeddable":true,"href":"https:\/\/mod.wisdar.net\/tr\/wp-json\/wp\/v2\/product_tag?post=69260"}],"curies":[{"name":"wp","href":"https:\/\/api.w.org\/{rel}","templated":true}]}}