{"id":69337,"date":"2026-01-09T20:04:39","date_gmt":"2026-01-09T20:04:39","guid":{"rendered":"https:\/\/modesthanim.com\/product\/melek-elbise-bordo\/"},"modified":"2026-03-22T07:31:48","modified_gmt":"2026-03-22T07:31:48","slug":"melek-elbise-bordo","status":"publish","type":"product","link":"https:\/\/mod.wisdar.net\/tr\/urun\/melek-elbise-bordo\/","title":{"rendered":"Melek Elbise Bordo"},"content":{"rendered":"<p>Bu elbise, 1. s\u0131n\u0131f parlak efektli \u00f6rme triko kuma\u015ftan \u00fcretilmi\u015ftir. \u00c7\u0131kar\u0131labilir kemer detay\u0131na sahiptir. Bisiklet yaka tasar\u0131m\u0131 ile \u015f\u0131kl\u0131\u011f\u0131 \u00f6n plana \u00e7\u0131kar\u0131r ve yaka arkas\u0131ndan fermuarl\u0131d\u0131r. \u00d6l\u00e7\u00fcler: Boy: 146cm, Omuz: 41cm, G\u00f6\u011f\u00fcs: 49cm.<\/p>\n","protected":false},"excerpt":{"rendered":"<p>Bu elbise, 1. s\u0131n\u0131f parlak efektli \u00f6rme triko kuma\u015ftan \u00fcretilmi\u015ftir. \u00c7\u0131kar\u0131labilir kemer detay\u0131na sahiptir. Bisiklet yaka tasar\u0131m\u0131 ile \u015f\u0131kl\u0131\u011f\u0131 \u00f6n plana \u00e7\u0131kar\u0131r ve yaka arkas\u0131ndan fermuarl\u0131d\u0131r. \u00d6l\u00e7\u00fcler: Boy: 146cm, Omuz: 41cm, G\u00f6\u011f\u00fcs: 49cm.<\/p>\n","protected":false},"featured_media":69332,"comment_status":"open","ping_status":"closed","template":"","meta":[],"product_brand":[],"product_cat":[6249,1933],"product_tag":[],"class_list":{"0":"post-69337","1":"product","2":"type-product","3":"status-publish","4":"has-post-thumbnail","6":"product_cat-elbiseler","7":"product_cat-gunluk-ve-gunduz-elbiseleri","8":"pa_brand-butikkolik","9":"pa_color-bordo","10":"pa_size-4706","11":"pa_size-4711","12":"pa_size-4713","13":"pa_size-4751","14":"pa_size-4749","16":"first","17":"instock","18":"sale","19":"shipping-taxable","20":"purchasable","21":"product-type-variable"},"_links":{"self":[{"href":"https:\/\/mod.wisdar.net\/tr\/wp-json\/wp\/v2\/product\/69337","targetHints":{"allow":["GET"]}}],"collection":[{"href":"https:\/\/mod.wisdar.net\/tr\/wp-json\/wp\/v2\/product"}],"about":[{"href":"https:\/\/mod.wisdar.net\/tr\/wp-json\/wp\/v2\/types\/product"}],"replies":[{"embeddable":true,"href":"https:\/\/mod.wisdar.net\/tr\/wp-json\/wp\/v2\/comments?post=69337"}],"wp:featuredmedia":[{"embeddable":true,"href":"https:\/\/mod.wisdar.net\/tr\/wp-json\/wp\/v2\/media\/69332"}],"wp:attachment":[{"href":"https:\/\/mod.wisdar.net\/tr\/wp-json\/wp\/v2\/media?parent=69337"}],"wp:term":[{"taxonomy":"product_brand","embeddable":true,"href":"https:\/\/mod.wisdar.net\/tr\/wp-json\/wp\/v2\/product_brand?post=69337"},{"taxonomy":"product_cat","embeddable":true,"href":"https:\/\/mod.wisdar.net\/tr\/wp-json\/wp\/v2\/product_cat?post=69337"},{"taxonomy":"product_tag","embeddable":true,"href":"https:\/\/mod.wisdar.net\/tr\/wp-json\/wp\/v2\/product_tag?post=69337"}],"curies":[{"name":"wp","href":"https:\/\/api.w.org\/{rel}","templated":true}]}}