{"id":69355,"date":"2026-01-09T20:04:45","date_gmt":"2026-01-09T20:04:45","guid":{"rendered":"https:\/\/modesthanim.com\/product\/melek-elbise-haki\/"},"modified":"2026-03-22T07:31:24","modified_gmt":"2026-03-22T07:31:24","slug":"melek-elbise-haki","status":"publish","type":"product","link":"https:\/\/mod.wisdar.net\/tr\/urun\/melek-elbise-haki\/","title":{"rendered":"Melek Elbise Haki"},"content":{"rendered":"<p>Elbise 1. S\u0131n\u0131f Parlak Efektli \u00d6rme Triko Kuma\u015ft\u0131r.<br \/>\nElbise \u00c7\u0131kar\u0131labilir Kemer Detayl\u0131d\u0131r.<br \/>\nElbise Bisiklet Yakal\u0131d\u0131r.<br \/>\nElbise Yaka Arkas\u0131ndan Fermuarl\u0131d\u0131r.<br \/>\nBoy: 146cm<br \/>\nOmuz: 41cm<br \/>\nG\u00f6\u011f\u00fcs: 49cm<\/p>\n","protected":false},"excerpt":{"rendered":"<p>Elbise 1. S\u0131n\u0131f Parlak Efektli \u00d6rme Triko Kuma\u015ft\u0131r. Elbise \u00c7\u0131kar\u0131labilir Kemer Detayl\u0131d\u0131r. Elbise Bisiklet Yakal\u0131d\u0131r. Elbise Yaka Arkas\u0131ndan Fermuarl\u0131d\u0131r. Boy: 146cm Omuz: 41cm G\u00f6\u011f\u00fcs: 49cm<\/p>\n","protected":false},"featured_media":69347,"comment_status":"open","ping_status":"closed","template":"","meta":[],"product_brand":[],"product_cat":[6249,1933],"product_tag":[8436,8110,5012,8428],"class_list":{"0":"post-69355","1":"product","2":"type-product","3":"status-publish","4":"has-post-thumbnail","6":"product_cat-elbiseler","7":"product_cat-gunluk-ve-gunduz-elbiseleri","8":"product_tag-arkadan-fermuarli","9":"product_tag-bisiklet-yaka-2","10":"product_tag-elegant","11":"product_tag-haki-elbise-2","12":"pa_brand-butikkolik","13":"pa_color-haki","14":"pa_size-4706","15":"pa_size-4711","16":"pa_size-4713","17":"pa_size-4751","18":"pa_size-4749","20":"first","21":"instock","22":"sale","23":"shipping-taxable","24":"purchasable","25":"product-type-variable"},"_links":{"self":[{"href":"https:\/\/mod.wisdar.net\/tr\/wp-json\/wp\/v2\/product\/69355","targetHints":{"allow":["GET"]}}],"collection":[{"href":"https:\/\/mod.wisdar.net\/tr\/wp-json\/wp\/v2\/product"}],"about":[{"href":"https:\/\/mod.wisdar.net\/tr\/wp-json\/wp\/v2\/types\/product"}],"replies":[{"embeddable":true,"href":"https:\/\/mod.wisdar.net\/tr\/wp-json\/wp\/v2\/comments?post=69355"}],"wp:featuredmedia":[{"embeddable":true,"href":"https:\/\/mod.wisdar.net\/tr\/wp-json\/wp\/v2\/media\/69347"}],"wp:attachment":[{"href":"https:\/\/mod.wisdar.net\/tr\/wp-json\/wp\/v2\/media?parent=69355"}],"wp:term":[{"taxonomy":"product_brand","embeddable":true,"href":"https:\/\/mod.wisdar.net\/tr\/wp-json\/wp\/v2\/product_brand?post=69355"},{"taxonomy":"product_cat","embeddable":true,"href":"https:\/\/mod.wisdar.net\/tr\/wp-json\/wp\/v2\/product_cat?post=69355"},{"taxonomy":"product_tag","embeddable":true,"href":"https:\/\/mod.wisdar.net\/tr\/wp-json\/wp\/v2\/product_tag?post=69355"}],"curies":[{"name":"wp","href":"https:\/\/api.w.org\/{rel}","templated":true}]}}