{"id":69402,"date":"2026-01-09T20:05:04","date_gmt":"2026-01-09T20:05:04","guid":{"rendered":"https:\/\/modesthanim.com\/product\/melek-elbise-aci-kahve\/"},"modified":"2026-03-22T07:32:42","modified_gmt":"2026-03-22T07:32:42","slug":"melek-elbise-aci-kahve","status":"publish","type":"product","link":"https:\/\/mod.wisdar.net\/tr\/urun\/melek-elbise-aci-kahve\/","title":{"rendered":"Melek Elbise Ac\u0131 Kahve"},"content":{"rendered":"<p>Elbise 1. S\u0131n\u0131f Parlak Efektli \u00d6rme Triko Kuma\u015ft\u0131r.<br \/>\nElbise \u00c7\u0131kar\u0131labilir Kemer Detayl\u0131d\u0131r.<br \/>\nElbise Bisiklet Yakal\u0131d\u0131r.<br \/>\nElbise Yaka Arkas\u0131ndan Fermuarl\u0131d\u0131r.<br \/>\nBoy: 146cm<br \/>\nOmuz: 41cm<br \/>\nG\u00f6\u011f\u00fcs: 49cm<\/p>\n","protected":false},"excerpt":{"rendered":"<p>Elbise 1. S\u0131n\u0131f Parlak Efektli \u00d6rme Triko Kuma\u015ft\u0131r. Elbise \u00c7\u0131kar\u0131labilir Kemer Detayl\u0131d\u0131r. Elbise Bisiklet Yakal\u0131d\u0131r. Elbise Yaka Arkas\u0131ndan Fermuarl\u0131d\u0131r. Boy: 146cm Omuz: 41cm G\u00f6\u011f\u00fcs: 49cm<\/p>\n","protected":false},"featured_media":69398,"comment_status":"open","ping_status":"closed","template":"","meta":[],"product_brand":[],"product_cat":[6249,1933],"product_tag":[8436,8110],"class_list":{"0":"post-69402","1":"product","2":"type-product","3":"status-publish","4":"has-post-thumbnail","6":"product_cat-elbiseler","7":"product_cat-gunluk-ve-gunduz-elbiseleri","8":"product_tag-arkadan-fermuarli","9":"product_tag-bisiklet-yaka-2","10":"pa_brand-butikkolik","11":"pa_color-aci-kahve-1","12":"pa_size-4706","13":"pa_size-4711","14":"pa_size-4713","15":"pa_size-4751","16":"pa_size-4749","18":"first","19":"instock","20":"sale","21":"shipping-taxable","22":"purchasable","23":"product-type-variable"},"_links":{"self":[{"href":"https:\/\/mod.wisdar.net\/tr\/wp-json\/wp\/v2\/product\/69402","targetHints":{"allow":["GET"]}}],"collection":[{"href":"https:\/\/mod.wisdar.net\/tr\/wp-json\/wp\/v2\/product"}],"about":[{"href":"https:\/\/mod.wisdar.net\/tr\/wp-json\/wp\/v2\/types\/product"}],"replies":[{"embeddable":true,"href":"https:\/\/mod.wisdar.net\/tr\/wp-json\/wp\/v2\/comments?post=69402"}],"wp:featuredmedia":[{"embeddable":true,"href":"https:\/\/mod.wisdar.net\/tr\/wp-json\/wp\/v2\/media\/69398"}],"wp:attachment":[{"href":"https:\/\/mod.wisdar.net\/tr\/wp-json\/wp\/v2\/media?parent=69402"}],"wp:term":[{"taxonomy":"product_brand","embeddable":true,"href":"https:\/\/mod.wisdar.net\/tr\/wp-json\/wp\/v2\/product_brand?post=69402"},{"taxonomy":"product_cat","embeddable":true,"href":"https:\/\/mod.wisdar.net\/tr\/wp-json\/wp\/v2\/product_cat?post=69402"},{"taxonomy":"product_tag","embeddable":true,"href":"https:\/\/mod.wisdar.net\/tr\/wp-json\/wp\/v2\/product_tag?post=69402"}],"curies":[{"name":"wp","href":"https:\/\/api.w.org\/{rel}","templated":true}]}}