{"id":6952,"date":"2025-11-01T19:39:06","date_gmt":"2025-11-01T19:39:06","guid":{"rendered":"https:\/\/modesthanim.com\/product\/onden-biye-baglamali-kimono-haki\/"},"modified":"2026-04-10T14:10:47","modified_gmt":"2026-04-10T14:10:47","slug":"onden-biye-baglamali-kimono-haki","status":"publish","type":"product","link":"https:\/\/mod.wisdar.net\/tr\/urun\/onden-biye-baglamali-kimono-haki\/","title":{"rendered":"\u00d6nden Biye Ba\u011flamal\u0131 Kimono \u2013 Haki"},"content":{"rendered":"<p>\u00d6n k\u0131sm\u0131ndaki biye ba\u011flama detay\u0131yla zarif bir duru\u015f sergileyen bu kimono, hafif ve d\u00f6k\u00fcml\u00fc yap\u0131s\u0131yla modern bir g\u00f6r\u00fcn\u00fcm sunar. Katmanl\u0131 kombinlerin vazge\u00e7ilmez tamamlay\u0131c\u0131s\u0131d\u0131r. Hem g\u00fcnl\u00fck hem \u00f6zel stilinize \u015f\u0131kl\u0131k katar.<\/p>\n<p>\u2014 Technical Details \u2014<br \/>\nDesen: D\u00fcz<br \/>\nYaka Tipi: Hakim Yaka<br \/>\nKol Tipi: Uzun Kol<br \/>\nCep: Gizli Cep<br \/>\nAstar: Astars\u0131z<br \/>\n\u00dcr\u00fcn Boyu: 80 cm<br \/>\nKal\u0131p Tipi: Normal Kal\u0131p<br \/>\nMankenin Giydi\u011fi Beden: 38<br \/>\nManken \u00d6l\u00e7\u00fcleri: {&#8216;Boy&#8217;: &#8216;179 cm&#8217;, &#8216;G\u00f6\u011f\u00fcs&#8217;: &#8217;84 cm&#8217;, &#8216;Bel&#8217;: &#8217;62 cm&#8217;, &#8216;Basen&#8217;: &#8217;90 cm&#8217;}<\/p>\n","protected":false},"excerpt":{"rendered":"<p>\u00d6n k\u0131sm\u0131ndaki biye ba\u011flama detay\u0131yla zarif bir duru\u015f sergileyen bu kimono, hafif ve d\u00f6k\u00fcml\u00fc yap\u0131s\u0131yla modern bir g\u00f6r\u00fcn\u00fcm sunar. Katmanl\u0131 kombinlerin vazge\u00e7ilmez tamamlay\u0131c\u0131s\u0131d\u0131r. Hem g\u00fcnl\u00fck hem \u00f6zel stilinize \u015f\u0131kl\u0131k katar. \u2014 Technical Details \u2014 Desen: D\u00fcz Yaka Tipi: Hakim Yaka Kol Tipi: Uzun Kol Cep: Gizli Cep Astar: Astars\u0131z \u00dcr\u00fcn Boyu: 80 cm Kal\u0131p Tipi: [&hellip;]<\/p>\n","protected":false},"featured_media":0,"comment_status":"open","ping_status":"closed","template":"","meta":[],"product_brand":[],"product_cat":[1909],"product_tag":[5012,6766,5013],"class_list":{"0":"post-6952","1":"product","2":"type-product","3":"status-publish","5":"product_cat-bluzlar-ve-gomlekler","6":"product_tag-elegant","7":"product_tag-hafif","8":"product_tag-modern","9":"pa_brand-tugba","10":"pa_color-haki","11":"pa_size-4706","12":"pa_size-4711","13":"pa_size-4713","14":"pa_size-4751","15":"pa_size-4749","16":"pa_size-4747","18":"first","19":"instock","20":"sale","21":"shipping-taxable","22":"purchasable","23":"product-type-variable"},"_links":{"self":[{"href":"https:\/\/mod.wisdar.net\/tr\/wp-json\/wp\/v2\/product\/6952","targetHints":{"allow":["GET"]}}],"collection":[{"href":"https:\/\/mod.wisdar.net\/tr\/wp-json\/wp\/v2\/product"}],"about":[{"href":"https:\/\/mod.wisdar.net\/tr\/wp-json\/wp\/v2\/types\/product"}],"replies":[{"embeddable":true,"href":"https:\/\/mod.wisdar.net\/tr\/wp-json\/wp\/v2\/comments?post=6952"}],"wp:attachment":[{"href":"https:\/\/mod.wisdar.net\/tr\/wp-json\/wp\/v2\/media?parent=6952"}],"wp:term":[{"taxonomy":"product_brand","embeddable":true,"href":"https:\/\/mod.wisdar.net\/tr\/wp-json\/wp\/v2\/product_brand?post=6952"},{"taxonomy":"product_cat","embeddable":true,"href":"https:\/\/mod.wisdar.net\/tr\/wp-json\/wp\/v2\/product_cat?post=6952"},{"taxonomy":"product_tag","embeddable":true,"href":"https:\/\/mod.wisdar.net\/tr\/wp-json\/wp\/v2\/product_tag?post=6952"}],"curies":[{"name":"wp","href":"https:\/\/api.w.org\/{rel}","templated":true}]}}