{"id":69529,"date":"2026-01-09T20:06:00","date_gmt":"2026-01-09T20:06:00","guid":{"rendered":"https:\/\/modesthanim.com\/product\/asiye-takim-bordo-2\/"},"modified":"2026-03-17T14:58:04","modified_gmt":"2026-03-17T14:58:04","slug":"asiye-takim-bordo-2","status":"publish","type":"product","link":"https:\/\/mod.wisdar.net\/tr\/urun\/asiye-takim-bordo-2\/","title":{"rendered":"Asiye Tak\u0131m Bordo"},"content":{"rendered":"<p>Ceket 1.S\u0131n\u0131f Scuba Kuma\u015ft\u0131r. Ceket Tam Boy Fermuarl\u0131d\u0131r. Ceket Cep Detaylar\u0131 Mevcuttur. Ceket D\u00fc\u015f\u00fck Omuzludur. Ceket \u015eerit Detayl\u0131d\u0131r. Ceket Kol Ucu Lastiklidir. Pantolon Beli Lastiklidir. Pantolon \u015eerit Detayl\u0131d\u0131r Ceket Boy: 84cm G\u00f6\u011f\u00fcs: 57cm Pantolon Boy: 111cm Bel: 32cm<\/p>\n","protected":false},"excerpt":{"rendered":"<p>Ceket 1.S\u0131n\u0131f Scuba Kuma\u015ft\u0131r. Ceket Tam Boy Fermuarl\u0131d\u0131r. Ceket Cep Detaylar\u0131 Mevcuttur. Ceket D\u00fc\u015f\u00fck Omuzludur. Ceket \u015eerit Detayl\u0131d\u0131r. Ceket Kol Ucu Lastiklidir. Pantolon Beli Lastiklidir. Pantolon \u015eerit Detayl\u0131d\u0131r Ceket Boy: 84cm G\u00f6\u011f\u00fcs: 57cm Pantolon Boy: 111cm Bel: 32cm<\/p>\n","protected":false},"featured_media":69526,"comment_status":"open","ping_status":"closed","template":"","meta":[],"product_brand":[],"product_cat":[1900],"product_tag":[6765],"class_list":{"0":"post-69529","1":"product","2":"type-product","3":"status-publish","4":"has-post-thumbnail","6":"product_cat-koordinatlar-setler","7":"product_tag-lastikli-bel","8":"pa_brand-butikkolik","9":"pa_color-bordo","10":"pa_size-4706","11":"pa_size-4711","12":"pa_size-4713","13":"pa_size-4751","14":"pa_size-4749","16":"first","17":"outofstock","18":"shipping-taxable","19":"product-type-variable"},"_links":{"self":[{"href":"https:\/\/mod.wisdar.net\/tr\/wp-json\/wp\/v2\/product\/69529","targetHints":{"allow":["GET"]}}],"collection":[{"href":"https:\/\/mod.wisdar.net\/tr\/wp-json\/wp\/v2\/product"}],"about":[{"href":"https:\/\/mod.wisdar.net\/tr\/wp-json\/wp\/v2\/types\/product"}],"replies":[{"embeddable":true,"href":"https:\/\/mod.wisdar.net\/tr\/wp-json\/wp\/v2\/comments?post=69529"}],"wp:featuredmedia":[{"embeddable":true,"href":"https:\/\/mod.wisdar.net\/tr\/wp-json\/wp\/v2\/media\/69526"}],"wp:attachment":[{"href":"https:\/\/mod.wisdar.net\/tr\/wp-json\/wp\/v2\/media?parent=69529"}],"wp:term":[{"taxonomy":"product_brand","embeddable":true,"href":"https:\/\/mod.wisdar.net\/tr\/wp-json\/wp\/v2\/product_brand?post=69529"},{"taxonomy":"product_cat","embeddable":true,"href":"https:\/\/mod.wisdar.net\/tr\/wp-json\/wp\/v2\/product_cat?post=69529"},{"taxonomy":"product_tag","embeddable":true,"href":"https:\/\/mod.wisdar.net\/tr\/wp-json\/wp\/v2\/product_tag?post=69529"}],"curies":[{"name":"wp","href":"https:\/\/api.w.org\/{rel}","templated":true}]}}