{"id":69540,"date":"2026-01-09T20:06:04","date_gmt":"2026-01-09T20:06:04","guid":{"rendered":"https:\/\/modesthanim.com\/product\/asiye-takim-kahverengi\/"},"modified":"2026-04-02T20:44:49","modified_gmt":"2026-04-02T20:44:49","slug":"asiye-takim-kahverengi","status":"publish","type":"product","link":"https:\/\/mod.wisdar.net\/tr\/urun\/asiye-takim-kahverengi\/","title":{"rendered":"Asiye Tak\u0131m Kahverengi"},"content":{"rendered":"<p>Ceket 1.S\u0131n\u0131f Scuba Kuma\u015ft\u0131r. Ceket Tam Boy Fermuarl\u0131d\u0131r. Ceket Cep Detaylar\u0131 Mevcuttur. Ceket D\u00fc\u015f\u00fck Omuzludur. Ceket \u015eerit Detayl\u0131d\u0131r. Ceket Kol Ucu Lastiklidir. Pantolon Beli Lastiklidir. Pantolon \u015eerit Detayl\u0131d\u0131r Ceket Boy: 84cm G\u00f6\u011f\u00fcs: 57cm Pantolon Boy: 111cm Bel: 32cm<\/p>\n","protected":false},"excerpt":{"rendered":"<p>Ceket 1.S\u0131n\u0131f Scuba Kuma\u015ft\u0131r. Ceket Tam Boy Fermuarl\u0131d\u0131r. Ceket Cep Detaylar\u0131 Mevcuttur. Ceket D\u00fc\u015f\u00fck Omuzludur. Ceket \u015eerit Detayl\u0131d\u0131r. Ceket Kol Ucu Lastiklidir. Pantolon Beli Lastiklidir. Pantolon \u015eerit Detayl\u0131d\u0131r Ceket Boy: 84cm G\u00f6\u011f\u00fcs: 57cm Pantolon Boy: 111cm Bel: 32cm<\/p>\n","protected":false},"featured_media":69535,"comment_status":"open","ping_status":"closed","template":"","meta":[],"product_brand":[],"product_cat":[1900],"product_tag":[6007,5227,6004,6006,6002,4933,6000,6005],"class_list":{"0":"post-69540","1":"product","2":"type-product","3":"status-publish","4":"has-post-thumbnail","6":"product_cat-koordinatlar-setler","7":"product_tag-brown-fashion","8":"product_tag-dropped-shoulders","9":"product_tag-elasticated-cuffs","10":"product_tag-elasticated-waist","11":"product_tag-full-length-zipper","12":"product_tag-matching-set","13":"product_tag-premium-scuba-fabric","14":"product_tag-stripe-detailing","15":"pa_brand-butikkolik","16":"pa_color-kahverengi","17":"pa_size-4706","18":"pa_size-4711","19":"pa_size-4713","20":"pa_size-4751","21":"pa_size-4749","23":"first","24":"outofstock","25":"sale","26":"shipping-taxable","27":"purchasable","28":"product-type-variable"},"_links":{"self":[{"href":"https:\/\/mod.wisdar.net\/tr\/wp-json\/wp\/v2\/product\/69540","targetHints":{"allow":["GET"]}}],"collection":[{"href":"https:\/\/mod.wisdar.net\/tr\/wp-json\/wp\/v2\/product"}],"about":[{"href":"https:\/\/mod.wisdar.net\/tr\/wp-json\/wp\/v2\/types\/product"}],"replies":[{"embeddable":true,"href":"https:\/\/mod.wisdar.net\/tr\/wp-json\/wp\/v2\/comments?post=69540"}],"wp:featuredmedia":[{"embeddable":true,"href":"https:\/\/mod.wisdar.net\/tr\/wp-json\/wp\/v2\/media\/69535"}],"wp:attachment":[{"href":"https:\/\/mod.wisdar.net\/tr\/wp-json\/wp\/v2\/media?parent=69540"}],"wp:term":[{"taxonomy":"product_brand","embeddable":true,"href":"https:\/\/mod.wisdar.net\/tr\/wp-json\/wp\/v2\/product_brand?post=69540"},{"taxonomy":"product_cat","embeddable":true,"href":"https:\/\/mod.wisdar.net\/tr\/wp-json\/wp\/v2\/product_cat?post=69540"},{"taxonomy":"product_tag","embeddable":true,"href":"https:\/\/mod.wisdar.net\/tr\/wp-json\/wp\/v2\/product_tag?post=69540"}],"curies":[{"name":"wp","href":"https:\/\/api.w.org\/{rel}","templated":true}]}}