{"id":69591,"date":"2026-01-09T20:06:27","date_gmt":"2026-01-09T20:06:27","guid":{"rendered":"https:\/\/modesthanim.com\/product\/afra-pantolonlu-takim-kahverengi\/"},"modified":"2026-03-17T14:57:08","modified_gmt":"2026-03-17T14:57:08","slug":"afra-pantolonlu-takim-kahverengi","status":"publish","type":"product","link":"https:\/\/mod.wisdar.net\/tr\/urun\/afra-pantolonlu-takim-kahverengi\/","title":{"rendered":"Afra Pantolonlu Tak\u0131m Kahverengi"},"content":{"rendered":"<p>Yelek 1. S\u0131n\u0131f Ka\u015fe Kuma\u015ft\u0131r.<br \/>\nPantolon 1. S\u0131n\u0131f Deri Kuma\u015ft\u0131r.<br \/>\nYelek Yakas\u0131 Deri Detayl\u0131d\u0131r.<br \/>\nYelek Cep G\u00f6r\u00fcn\u00fcm Detayl\u0131d\u0131r.<br \/>\nYelek Astar Detay\u0131 ve Kemeri Detay\u0131 Mevcuttur.<br \/>\nPantolon Beli Lastiklidir.<br \/>\nPantolon Cep Detay\u0131 Mevcuttur.<br \/>\nYelek Boy: 73cm Omuz:60cm G\u00f6\u011f\u00fcs:57cm<br \/>\nPantolon Boy: 96cm Bel:37 Basen: 52cm<\/p>\n","protected":false},"excerpt":{"rendered":"<p>Yelek 1. S\u0131n\u0131f Ka\u015fe Kuma\u015ft\u0131r. Pantolon 1. S\u0131n\u0131f Deri Kuma\u015ft\u0131r. Yelek Yakas\u0131 Deri Detayl\u0131d\u0131r. Yelek Cep G\u00f6r\u00fcn\u00fcm Detayl\u0131d\u0131r. Yelek Astar Detay\u0131 ve Kemeri Detay\u0131 Mevcuttur. Pantolon Beli Lastiklidir. Pantolon Cep Detay\u0131 Mevcuttur. Yelek Boy: 73cm Omuz:60cm G\u00f6\u011f\u00fcs:57cm Pantolon Boy: 96cm Bel:37 Basen: 52cm<\/p>\n","protected":false},"featured_media":69586,"comment_status":"open","ping_status":"closed","template":"","meta":[],"product_brand":[],"product_cat":[1900],"product_tag":[6908,6765],"class_list":{"0":"post-69591","1":"product","2":"type-product","3":"status-publish","4":"has-post-thumbnail","6":"product_cat-koordinatlar-setler","7":"product_tag-kadin-takim","8":"product_tag-lastikli-bel","9":"pa_brand-butikkolik","10":"pa_color-kahverengi","11":"pa_size-4706","12":"pa_size-4711","13":"pa_size-4713","14":"pa_size-4751","16":"first","17":"outofstock","18":"shipping-taxable","19":"product-type-variable"},"_links":{"self":[{"href":"https:\/\/mod.wisdar.net\/tr\/wp-json\/wp\/v2\/product\/69591","targetHints":{"allow":["GET"]}}],"collection":[{"href":"https:\/\/mod.wisdar.net\/tr\/wp-json\/wp\/v2\/product"}],"about":[{"href":"https:\/\/mod.wisdar.net\/tr\/wp-json\/wp\/v2\/types\/product"}],"replies":[{"embeddable":true,"href":"https:\/\/mod.wisdar.net\/tr\/wp-json\/wp\/v2\/comments?post=69591"}],"wp:featuredmedia":[{"embeddable":true,"href":"https:\/\/mod.wisdar.net\/tr\/wp-json\/wp\/v2\/media\/69586"}],"wp:attachment":[{"href":"https:\/\/mod.wisdar.net\/tr\/wp-json\/wp\/v2\/media?parent=69591"}],"wp:term":[{"taxonomy":"product_brand","embeddable":true,"href":"https:\/\/mod.wisdar.net\/tr\/wp-json\/wp\/v2\/product_brand?post=69591"},{"taxonomy":"product_cat","embeddable":true,"href":"https:\/\/mod.wisdar.net\/tr\/wp-json\/wp\/v2\/product_cat?post=69591"},{"taxonomy":"product_tag","embeddable":true,"href":"https:\/\/mod.wisdar.net\/tr\/wp-json\/wp\/v2\/product_tag?post=69591"}],"curies":[{"name":"wp","href":"https:\/\/api.w.org\/{rel}","templated":true}]}}