{"id":69656,"date":"2026-01-09T20:06:51","date_gmt":"2026-01-09T20:06:51","guid":{"rendered":"https:\/\/modesthanim.com\/product\/gonul-etekli-takim-yag-yesili\/"},"modified":"2026-04-02T20:45:04","modified_gmt":"2026-04-02T20:45:04","slug":"gonul-etekli-takim-yag-yesili","status":"publish","type":"product","link":"https:\/\/mod.wisdar.net\/tr\/urun\/gonul-etekli-takim-yag-yesili\/","title":{"rendered":"G\u00f6n\u00fcl Etekli Tak\u0131m Ya\u011f Ye\u015fili"},"content":{"rendered":"<p>Tak\u0131m 1.S\u0131n\u0131f Triko \u00c7elik \u00d6rme Kuma\u015ft\u0131r.<br \/>\nTak\u0131m Cep G\u00f6r\u00fcn\u00fcm Detayl\u0131d\u0131r.<br \/>\nTak\u0131m Tam Boy D\u00fc\u011fmelidir.<br \/>\nTak\u0131m Etek Plise G\u00f6r\u00fcn\u00fcml\u00fcd\u00fcr.<br \/>\nTak\u0131m Etek Beli Lastiklidir.<br \/>\n\u00dcst Boy: 63cm Omuz: 40cm G\u00f6\u011f\u00fcs: 46cm<br \/>\nEtek Boy: 90cm Bel:38 (Lastikli)<\/p>\n","protected":false},"excerpt":{"rendered":"<p>Tak\u0131m 1.S\u0131n\u0131f Triko \u00c7elik \u00d6rme Kuma\u015ft\u0131r. Tak\u0131m Cep G\u00f6r\u00fcn\u00fcm Detayl\u0131d\u0131r. Tak\u0131m Tam Boy D\u00fc\u011fmelidir. Tak\u0131m Etek Plise G\u00f6r\u00fcn\u00fcml\u00fcd\u00fcr. Tak\u0131m Etek Beli Lastiklidir. \u00dcst Boy: 63cm Omuz: 40cm G\u00f6\u011f\u00fcs: 46cm Etek Boy: 90cm Bel:38 (Lastikli)<\/p>\n","protected":false},"featured_media":69646,"comment_status":"open","ping_status":"closed","template":"","meta":[],"product_brand":[],"product_cat":[1900],"product_tag":[8048,6765],"class_list":{"0":"post-69656","1":"product","2":"type-product","3":"status-publish","4":"has-post-thumbnail","6":"product_cat-koordinatlar-setler","7":"product_tag-cep-detayi","8":"product_tag-lastikli-bel","9":"pa_brand-butikkolik","10":"pa_color-yag-yesili","11":"pa_size-l-xl","12":"pa_size-l-xl-42-44","13":"pa_size-s-m-2","14":"pa_size-s-m-38-40","16":"first","17":"outofstock","18":"shipping-taxable","19":"purchasable","20":"product-type-variable"},"_links":{"self":[{"href":"https:\/\/mod.wisdar.net\/tr\/wp-json\/wp\/v2\/product\/69656","targetHints":{"allow":["GET"]}}],"collection":[{"href":"https:\/\/mod.wisdar.net\/tr\/wp-json\/wp\/v2\/product"}],"about":[{"href":"https:\/\/mod.wisdar.net\/tr\/wp-json\/wp\/v2\/types\/product"}],"replies":[{"embeddable":true,"href":"https:\/\/mod.wisdar.net\/tr\/wp-json\/wp\/v2\/comments?post=69656"}],"wp:featuredmedia":[{"embeddable":true,"href":"https:\/\/mod.wisdar.net\/tr\/wp-json\/wp\/v2\/media\/69646"}],"wp:attachment":[{"href":"https:\/\/mod.wisdar.net\/tr\/wp-json\/wp\/v2\/media?parent=69656"}],"wp:term":[{"taxonomy":"product_brand","embeddable":true,"href":"https:\/\/mod.wisdar.net\/tr\/wp-json\/wp\/v2\/product_brand?post=69656"},{"taxonomy":"product_cat","embeddable":true,"href":"https:\/\/mod.wisdar.net\/tr\/wp-json\/wp\/v2\/product_cat?post=69656"},{"taxonomy":"product_tag","embeddable":true,"href":"https:\/\/mod.wisdar.net\/tr\/wp-json\/wp\/v2\/product_tag?post=69656"}],"curies":[{"name":"wp","href":"https:\/\/api.w.org\/{rel}","templated":true}]}}