{"id":69817,"date":"2026-01-09T20:07:58","date_gmt":"2026-01-09T20:07:58","guid":{"rendered":"https:\/\/modesthanim.com\/product\/olcay-triko-elbise-siyah\/"},"modified":"2026-04-02T20:47:44","modified_gmt":"2026-04-02T20:47:44","slug":"olcay-triko-elbise-siyah","status":"publish","type":"product","link":"https:\/\/mod.wisdar.net\/tr\/urun\/olcay-triko-elbise-siyah\/","title":{"rendered":"Olcay Triko Elbise Siyah"},"content":{"rendered":"<p>Bu elbise bisiklet yakal\u0131 tasar\u0131ma sahiptir.<br \/>\nElbise, yakadan a\u015fa\u011f\u0131 \u015ferit detaylar\u0131 ile dikkat \u00e7ekmektedir.<br \/>\n\u0130p kemer detay\u0131 bulunur.<br \/>\nD\u00fc\u015f\u00fck omuz detay\u0131 ile \u015f\u0131kl\u0131k katmaktad\u0131r.<br \/>\nBoy: 135cm \u2013 G\u00f6\u011f\u00fcs: 58cm<\/p>\n","protected":false},"excerpt":{"rendered":"<p>Bu elbise bisiklet yakal\u0131 tasar\u0131ma sahiptir. Elbise, yakadan a\u015fa\u011f\u0131 \u015ferit detaylar\u0131 ile dikkat \u00e7ekmektedir. \u0130p kemer detay\u0131 bulunur. D\u00fc\u015f\u00fck omuz detay\u0131 ile \u015f\u0131kl\u0131k katmaktad\u0131r. Boy: 135cm \u2013 G\u00f6\u011f\u00fcs: 58cm<\/p>\n","protected":false},"featured_media":69814,"comment_status":"open","ping_status":"closed","template":"","meta":[],"product_brand":[],"product_cat":[6249,1933],"product_tag":[],"class_list":{"0":"post-69817","1":"product","2":"type-product","3":"status-publish","4":"has-post-thumbnail","6":"product_cat-elbiseler","7":"product_cat-gunluk-ve-gunduz-elbiseleri","8":"pa_brand-butikkolik","9":"pa_color-siyah","10":"pa_size-l-xl","11":"pa_size-l-xl-42-44","12":"pa_size-s-m-2","13":"pa_size-s-m-38-40","15":"first","16":"instock","17":"sale","18":"shipping-taxable","19":"purchasable","20":"product-type-variable"},"_links":{"self":[{"href":"https:\/\/mod.wisdar.net\/tr\/wp-json\/wp\/v2\/product\/69817","targetHints":{"allow":["GET"]}}],"collection":[{"href":"https:\/\/mod.wisdar.net\/tr\/wp-json\/wp\/v2\/product"}],"about":[{"href":"https:\/\/mod.wisdar.net\/tr\/wp-json\/wp\/v2\/types\/product"}],"replies":[{"embeddable":true,"href":"https:\/\/mod.wisdar.net\/tr\/wp-json\/wp\/v2\/comments?post=69817"}],"wp:featuredmedia":[{"embeddable":true,"href":"https:\/\/mod.wisdar.net\/tr\/wp-json\/wp\/v2\/media\/69814"}],"wp:attachment":[{"href":"https:\/\/mod.wisdar.net\/tr\/wp-json\/wp\/v2\/media?parent=69817"}],"wp:term":[{"taxonomy":"product_brand","embeddable":true,"href":"https:\/\/mod.wisdar.net\/tr\/wp-json\/wp\/v2\/product_brand?post=69817"},{"taxonomy":"product_cat","embeddable":true,"href":"https:\/\/mod.wisdar.net\/tr\/wp-json\/wp\/v2\/product_cat?post=69817"},{"taxonomy":"product_tag","embeddable":true,"href":"https:\/\/mod.wisdar.net\/tr\/wp-json\/wp\/v2\/product_tag?post=69817"}],"curies":[{"name":"wp","href":"https:\/\/api.w.org\/{rel}","templated":true}]}}