{"id":69872,"date":"2026-01-10T06:50:27","date_gmt":"2026-01-10T06:50:27","guid":{"rendered":"https:\/\/modesthanim.com\/product\/goksel-etekli-takim-gri\/"},"modified":"2026-01-18T07:30:54","modified_gmt":"2026-01-18T07:30:54","slug":"goksel-etekli-takim-gri","status":"publish","type":"product","link":"https:\/\/mod.wisdar.net\/tr\/urun\/goksel-etekli-takim-gri\/","title":{"rendered":"G\u00f6ksel Etekli Tak\u0131m Gri"},"content":{"rendered":"<p>Tak\u0131m 1.S\u0131n\u0131f S\u00fcet Kaplamal\u0131 Pullu Kuma\u015ft\u0131r<br \/>\nTak\u0131m Ceket Tam Boy D\u00fc\u011fmelidir.<br \/>\nTak\u0131m Kuma\u015f\u0131nda Pul Detaylar\u0131 Vard\u0131r.<br \/>\nTak\u0131m Ceket Kollar\u0131 Geni\u015ftir.<br \/>\nTak\u0131m Ceket Seyyar Ku\u015fakl\u0131d\u0131r.<br \/>\nTak\u0131m Ceket D\u00fc\u015f\u00fck Omuzludur.<br \/>\nTak\u0131m Etek Beli Lastiklidir.<br \/>\nTak\u0131m Etek Lastiklidir.<br \/>\nTak\u0131m Ceket Boy: 69cm G\u00f6\u011f\u00fcs: 55cm<br \/>\nTak\u0131m Etek Boy: 95cm Bel:32cm<\/p>\n","protected":false},"excerpt":{"rendered":"<p>Tak\u0131m 1.S\u0131n\u0131f S\u00fcet Kaplamal\u0131 Pullu Kuma\u015ft\u0131r Tak\u0131m Ceket Tam Boy D\u00fc\u011fmelidir. Tak\u0131m Kuma\u015f\u0131nda Pul Detaylar\u0131 Vard\u0131r. Tak\u0131m Ceket Kollar\u0131 Geni\u015ftir. Tak\u0131m Ceket Seyyar Ku\u015fakl\u0131d\u0131r. Tak\u0131m Ceket D\u00fc\u015f\u00fck Omuzludur. Tak\u0131m Etek Beli Lastiklidir. Tak\u0131m Etek Lastiklidir. Tak\u0131m Ceket Boy: 69cm G\u00f6\u011f\u00fcs: 55cm Tak\u0131m Etek Boy: 95cm Bel:32cm<\/p>\n","protected":false},"featured_media":69868,"comment_status":"open","ping_status":"closed","template":"","meta":[],"product_brand":[],"product_cat":[1900],"product_tag":[7547],"class_list":{"0":"post-69872","1":"product","2":"type-product","3":"status-publish","4":"has-post-thumbnail","6":"product_cat-koordinatlar-setler","7":"product_tag-kadin-giyim","8":"pa_brand-butikkolik","9":"pa_color-gri","10":"pa_size-1-38-40-42","11":"pa_size-2-42-44-46","13":"first","14":"instock","15":"sale","16":"shipping-taxable","17":"purchasable","18":"product-type-variable"},"_links":{"self":[{"href":"https:\/\/mod.wisdar.net\/tr\/wp-json\/wp\/v2\/product\/69872","targetHints":{"allow":["GET"]}}],"collection":[{"href":"https:\/\/mod.wisdar.net\/tr\/wp-json\/wp\/v2\/product"}],"about":[{"href":"https:\/\/mod.wisdar.net\/tr\/wp-json\/wp\/v2\/types\/product"}],"replies":[{"embeddable":true,"href":"https:\/\/mod.wisdar.net\/tr\/wp-json\/wp\/v2\/comments?post=69872"}],"wp:featuredmedia":[{"embeddable":true,"href":"https:\/\/mod.wisdar.net\/tr\/wp-json\/wp\/v2\/media\/69868"}],"wp:attachment":[{"href":"https:\/\/mod.wisdar.net\/tr\/wp-json\/wp\/v2\/media?parent=69872"}],"wp:term":[{"taxonomy":"product_brand","embeddable":true,"href":"https:\/\/mod.wisdar.net\/tr\/wp-json\/wp\/v2\/product_brand?post=69872"},{"taxonomy":"product_cat","embeddable":true,"href":"https:\/\/mod.wisdar.net\/tr\/wp-json\/wp\/v2\/product_cat?post=69872"},{"taxonomy":"product_tag","embeddable":true,"href":"https:\/\/mod.wisdar.net\/tr\/wp-json\/wp\/v2\/product_tag?post=69872"}],"curies":[{"name":"wp","href":"https:\/\/api.w.org\/{rel}","templated":true}]}}