{"id":69944,"date":"2026-01-10T06:51:12","date_gmt":"2026-01-10T06:51:12","guid":{"rendered":"https:\/\/modesthanim.com\/product\/senem-kazak-bebe-mavisi\/"},"modified":"2026-04-10T00:31:51","modified_gmt":"2026-04-10T00:31:51","slug":"senem-kazak-bebe-mavisi","status":"publish","type":"product","link":"https:\/\/mod.wisdar.net\/tr\/urun\/senem-kazak-bebe-mavisi\/","title":{"rendered":"Senem Kazak Bebe Mavisi"},"content":{"rendered":"<p>Kazak 1.S\u0131n\u0131f Triko Kuma\u015ft\u0131r<br \/>\nKazak D\u00fc\u015f\u00fck Omuzuludur.<br \/>\nKazak Kollar\u0131 Geni\u015ftir<br \/>\nBoy: 50cm<\/p>\n","protected":false},"excerpt":{"rendered":"<p>Kazak 1.S\u0131n\u0131f Triko Kuma\u015ft\u0131r Kazak D\u00fc\u015f\u00fck Omuzuludur. Kazak Kollar\u0131 Geni\u015ftir Boy: 50cm<\/p>\n","protected":false},"featured_media":69942,"comment_status":"open","ping_status":"closed","template":"","meta":[],"product_brand":[],"product_cat":[1927],"product_tag":[6882],"class_list":{"0":"post-69944","1":"product","2":"type-product","3":"status-publish","4":"has-post-thumbnail","6":"product_cat-hoodies-sweatshirtler","7":"product_tag-rahat-kesim-2","8":"pa_brand-butikkolik","9":"pa_color-bebe-mavisi","10":"pa_color-bordo","11":"pa_color-kahverengi","12":"pa_color-krem","13":"pa_color-siyah","14":"pa_size-std","15":"pa_size-std-38-44","17":"first","18":"instock","19":"shipping-taxable","20":"purchasable","21":"product-type-variable"},"_links":{"self":[{"href":"https:\/\/mod.wisdar.net\/tr\/wp-json\/wp\/v2\/product\/69944","targetHints":{"allow":["GET"]}}],"collection":[{"href":"https:\/\/mod.wisdar.net\/tr\/wp-json\/wp\/v2\/product"}],"about":[{"href":"https:\/\/mod.wisdar.net\/tr\/wp-json\/wp\/v2\/types\/product"}],"replies":[{"embeddable":true,"href":"https:\/\/mod.wisdar.net\/tr\/wp-json\/wp\/v2\/comments?post=69944"}],"wp:featuredmedia":[{"embeddable":true,"href":"https:\/\/mod.wisdar.net\/tr\/wp-json\/wp\/v2\/media\/69942"}],"wp:attachment":[{"href":"https:\/\/mod.wisdar.net\/tr\/wp-json\/wp\/v2\/media?parent=69944"}],"wp:term":[{"taxonomy":"product_brand","embeddable":true,"href":"https:\/\/mod.wisdar.net\/tr\/wp-json\/wp\/v2\/product_brand?post=69944"},{"taxonomy":"product_cat","embeddable":true,"href":"https:\/\/mod.wisdar.net\/tr\/wp-json\/wp\/v2\/product_cat?post=69944"},{"taxonomy":"product_tag","embeddable":true,"href":"https:\/\/mod.wisdar.net\/tr\/wp-json\/wp\/v2\/product_tag?post=69944"}],"curies":[{"name":"wp","href":"https:\/\/api.w.org\/{rel}","templated":true}]}}