{"id":69951,"date":"2026-01-10T06:51:15","date_gmt":"2026-01-10T06:51:15","guid":{"rendered":"https:\/\/modesthanim.com\/product\/senem-kazak-bordo\/"},"modified":"2026-04-03T00:21:30","modified_gmt":"2026-04-03T00:21:30","slug":"senem-kazak-bordo","status":"publish","type":"product","link":"https:\/\/mod.wisdar.net\/tr\/urun\/senem-kazak-bordo\/","title":{"rendered":"Senem Kazak Bordo"},"content":{"rendered":"<p>Kazak 1.S\u0131n\u0131f Triko Kuma\u015ft\u0131r<br \/>\nKazak D\u00fc\u015f\u00fck Omuzuludur.<br \/>\nKazak Kollar\u0131 Geni\u015ftir<br \/>\nBoy: 50cm<\/p>\n","protected":false},"excerpt":{"rendered":"<p>Kazak 1.S\u0131n\u0131f Triko Kuma\u015ft\u0131r Kazak D\u00fc\u015f\u00fck Omuzuludur. Kazak Kollar\u0131 Geni\u015ftir Boy: 50cm<\/p>\n","protected":false},"featured_media":69947,"comment_status":"open","ping_status":"closed","template":"","meta":[],"product_brand":[],"product_cat":[1927],"product_tag":[7150,8450,6882],"class_list":{"0":"post-69951","1":"product","2":"type-product","3":"status-publish","4":"has-post-thumbnail","6":"product_cat-hoodies-sweatshirtler","7":"product_tag-bordo","8":"product_tag-premium","9":"product_tag-rahat-kesim-2","10":"pa_brand-butikkolik","11":"pa_color-bebe-mavisi","12":"pa_color-bordo","13":"pa_size-std","14":"pa_size-std-38-40","15":"pa_size-std-38-44","17":"first","18":"outofstock","19":"shipping-taxable","20":"product-type-variable"},"_links":{"self":[{"href":"https:\/\/mod.wisdar.net\/tr\/wp-json\/wp\/v2\/product\/69951","targetHints":{"allow":["GET"]}}],"collection":[{"href":"https:\/\/mod.wisdar.net\/tr\/wp-json\/wp\/v2\/product"}],"about":[{"href":"https:\/\/mod.wisdar.net\/tr\/wp-json\/wp\/v2\/types\/product"}],"replies":[{"embeddable":true,"href":"https:\/\/mod.wisdar.net\/tr\/wp-json\/wp\/v2\/comments?post=69951"}],"wp:featuredmedia":[{"embeddable":true,"href":"https:\/\/mod.wisdar.net\/tr\/wp-json\/wp\/v2\/media\/69947"}],"wp:attachment":[{"href":"https:\/\/mod.wisdar.net\/tr\/wp-json\/wp\/v2\/media?parent=69951"}],"wp:term":[{"taxonomy":"product_brand","embeddable":true,"href":"https:\/\/mod.wisdar.net\/tr\/wp-json\/wp\/v2\/product_brand?post=69951"},{"taxonomy":"product_cat","embeddable":true,"href":"https:\/\/mod.wisdar.net\/tr\/wp-json\/wp\/v2\/product_cat?post=69951"},{"taxonomy":"product_tag","embeddable":true,"href":"https:\/\/mod.wisdar.net\/tr\/wp-json\/wp\/v2\/product_tag?post=69951"}],"curies":[{"name":"wp","href":"https:\/\/api.w.org\/{rel}","templated":true}]}}