{"id":69984,"date":"2026-01-10T06:51:29","date_gmt":"2026-01-10T06:51:29","guid":{"rendered":"https:\/\/modesthanim.com\/product\/senem-kahverengi-kazak\/"},"modified":"2026-04-10T00:40:28","modified_gmt":"2026-04-10T00:40:28","slug":"senem-kahverengi-kazak","status":"publish","type":"product","link":"https:\/\/mod.wisdar.net\/tr\/urun\/senem-kahverengi-kazak\/","title":{"rendered":"Senem Kahverengi Kazak"},"content":{"rendered":"<p>Kazak, 1. S\u0131n\u0131f triko kuma\u015ftan \u00fcretilmi\u015ftir.<br \/>\nD\u00fc\u015f\u00fck omuz tasar\u0131m\u0131na sahiptir.<br \/>\nGeni\u015f kollu yap\u0131s\u0131 ile rahat bir kullan\u0131m sunar.<br \/>\nBoy: 50 cm<\/p>\n","protected":false},"excerpt":{"rendered":"<p>Kazak, 1. S\u0131n\u0131f triko kuma\u015ftan \u00fcretilmi\u015ftir. D\u00fc\u015f\u00fck omuz tasar\u0131m\u0131na sahiptir. Geni\u015f kollu yap\u0131s\u0131 ile rahat bir kullan\u0131m sunar. Boy: 50 cm<\/p>\n","protected":false},"featured_media":69980,"comment_status":"open","ping_status":"closed","template":"","meta":[],"product_brand":[],"product_cat":[1927],"product_tag":[],"class_list":{"0":"post-69984","1":"product","2":"type-product","3":"status-publish","4":"has-post-thumbnail","6":"product_cat-hoodies-sweatshirtler","7":"pa_brand-butikkolik","8":"pa_color-bebe-mavisi","9":"pa_color-bordo","10":"pa_color-kahverengi","11":"pa_color-krem","12":"pa_color-siyah","13":"pa_size-std","14":"pa_size-std-38-40","15":"pa_size-std-38-44","17":"first","18":"instock","19":"sale","20":"shipping-taxable","21":"purchasable","22":"product-type-variable"},"_links":{"self":[{"href":"https:\/\/mod.wisdar.net\/tr\/wp-json\/wp\/v2\/product\/69984","targetHints":{"allow":["GET"]}}],"collection":[{"href":"https:\/\/mod.wisdar.net\/tr\/wp-json\/wp\/v2\/product"}],"about":[{"href":"https:\/\/mod.wisdar.net\/tr\/wp-json\/wp\/v2\/types\/product"}],"replies":[{"embeddable":true,"href":"https:\/\/mod.wisdar.net\/tr\/wp-json\/wp\/v2\/comments?post=69984"}],"wp:featuredmedia":[{"embeddable":true,"href":"https:\/\/mod.wisdar.net\/tr\/wp-json\/wp\/v2\/media\/69980"}],"wp:attachment":[{"href":"https:\/\/mod.wisdar.net\/tr\/wp-json\/wp\/v2\/media?parent=69984"}],"wp:term":[{"taxonomy":"product_brand","embeddable":true,"href":"https:\/\/mod.wisdar.net\/tr\/wp-json\/wp\/v2\/product_brand?post=69984"},{"taxonomy":"product_cat","embeddable":true,"href":"https:\/\/mod.wisdar.net\/tr\/wp-json\/wp\/v2\/product_cat?post=69984"},{"taxonomy":"product_tag","embeddable":true,"href":"https:\/\/mod.wisdar.net\/tr\/wp-json\/wp\/v2\/product_tag?post=69984"}],"curies":[{"name":"wp","href":"https:\/\/api.w.org\/{rel}","templated":true}]}}