{"id":69996,"date":"2026-01-10T06:51:36","date_gmt":"2026-01-10T06:51:36","guid":{"rendered":"https:\/\/modesthanim.com\/product\/senem-kazak-siyah\/"},"modified":"2026-04-10T00:41:12","modified_gmt":"2026-04-10T00:41:12","slug":"senem-kazak-siyah","status":"publish","type":"product","link":"https:\/\/mod.wisdar.net\/tr\/urun\/senem-kazak-siyah\/","title":{"rendered":"Senem Kazak Siyah"},"content":{"rendered":"<p>Kazak 1.S\u0131n\u0131f Triko Kuma\u015ft\u0131r<br \/>\nKazak D\u00fc\u015f\u00fck Omuzuludur.<br \/>\nKazak Kollar\u0131 Geni\u015ftir<br \/>\nBoy: 50cm<\/p>\n","protected":false},"excerpt":{"rendered":"<p>Kazak 1.S\u0131n\u0131f Triko Kuma\u015ft\u0131r Kazak D\u00fc\u015f\u00fck Omuzuludur. Kazak Kollar\u0131 Geni\u015ftir Boy: 50cm<\/p>\n","protected":false},"featured_media":69994,"comment_status":"open","ping_status":"closed","template":"","meta":[],"product_brand":[],"product_cat":[1927],"product_tag":[8303,7888],"class_list":{"0":"post-69996","1":"product","2":"type-product","3":"status-publish","4":"has-post-thumbnail","6":"product_cat-hoodies-sweatshirtler","7":"product_tag-dusuk-omuz","8":"product_tag-kadin-kazak","9":"pa_brand-butikkolik","10":"pa_color-bebe-mavisi","11":"pa_color-bordo","12":"pa_color-kahverengi","13":"pa_color-krem","14":"pa_color-siyah","15":"pa_size-std","16":"pa_size-std-38-40","17":"pa_size-std-38-44","19":"first","20":"instock","21":"sale","22":"shipping-taxable","23":"purchasable","24":"product-type-variable"},"_links":{"self":[{"href":"https:\/\/mod.wisdar.net\/tr\/wp-json\/wp\/v2\/product\/69996","targetHints":{"allow":["GET"]}}],"collection":[{"href":"https:\/\/mod.wisdar.net\/tr\/wp-json\/wp\/v2\/product"}],"about":[{"href":"https:\/\/mod.wisdar.net\/tr\/wp-json\/wp\/v2\/types\/product"}],"replies":[{"embeddable":true,"href":"https:\/\/mod.wisdar.net\/tr\/wp-json\/wp\/v2\/comments?post=69996"}],"wp:featuredmedia":[{"embeddable":true,"href":"https:\/\/mod.wisdar.net\/tr\/wp-json\/wp\/v2\/media\/69994"}],"wp:attachment":[{"href":"https:\/\/mod.wisdar.net\/tr\/wp-json\/wp\/v2\/media?parent=69996"}],"wp:term":[{"taxonomy":"product_brand","embeddable":true,"href":"https:\/\/mod.wisdar.net\/tr\/wp-json\/wp\/v2\/product_brand?post=69996"},{"taxonomy":"product_cat","embeddable":true,"href":"https:\/\/mod.wisdar.net\/tr\/wp-json\/wp\/v2\/product_cat?post=69996"},{"taxonomy":"product_tag","embeddable":true,"href":"https:\/\/mod.wisdar.net\/tr\/wp-json\/wp\/v2\/product_tag?post=69996"}],"curies":[{"name":"wp","href":"https:\/\/api.w.org\/{rel}","templated":true}]}}