{"id":70015,"date":"2026-01-10T06:51:50","date_gmt":"2026-01-10T06:51:50","guid":{"rendered":"https:\/\/modesthanim.com\/product\/sevilay-lacivert-etek\/"},"modified":"2026-02-10T19:47:49","modified_gmt":"2026-02-10T19:47:49","slug":"sevilay-lacivert-etek","status":"publish","type":"product","link":"https:\/\/mod.wisdar.net\/tr\/urun\/sevilay-lacivert-etek\/","title":{"rendered":"Sevilay Lacivert Etek"},"content":{"rendered":"<p>Bu etek ekose desen detaylar\u0131na sahiptir. Bel k\u0131sm\u0131 lastikli olup rahat bir kullan\u0131m sunar. Geni\u015f formlu tasar\u0131m\u0131yla \u015f\u0131k ve konforlu bir g\u00f6r\u00fcn\u00fcm sa\u011flar. Etek boyu: 86 cm, bel \u00f6l\u00e7\u00fcs\u00fc: 38 cm.<\/p>\n","protected":false},"excerpt":{"rendered":"<p>Bu etek ekose desen detaylar\u0131na sahiptir. Bel k\u0131sm\u0131 lastikli olup rahat bir kullan\u0131m sunar. Geni\u015f formlu tasar\u0131m\u0131yla \u015f\u0131k ve konforlu bir g\u00f6r\u00fcn\u00fcm sa\u011flar. Etek boyu: 86 cm, bel \u00f6l\u00e7\u00fcs\u00fc: 38 cm.<\/p>\n","protected":false},"featured_media":70013,"comment_status":"open","ping_status":"closed","template":"","meta":[],"product_brand":[],"product_cat":[1900],"product_tag":[],"class_list":{"0":"post-70015","1":"product","2":"type-product","3":"status-publish","4":"has-post-thumbnail","6":"product_cat-koordinatlar-setler","7":"pa_brand-butikkolik","8":"pa_color-lacivert","9":"pa_size-std","10":"pa_size-std-38-48","12":"first","13":"instock","14":"shipping-taxable","15":"purchasable","16":"product-type-variable"},"_links":{"self":[{"href":"https:\/\/mod.wisdar.net\/tr\/wp-json\/wp\/v2\/product\/70015","targetHints":{"allow":["GET"]}}],"collection":[{"href":"https:\/\/mod.wisdar.net\/tr\/wp-json\/wp\/v2\/product"}],"about":[{"href":"https:\/\/mod.wisdar.net\/tr\/wp-json\/wp\/v2\/types\/product"}],"replies":[{"embeddable":true,"href":"https:\/\/mod.wisdar.net\/tr\/wp-json\/wp\/v2\/comments?post=70015"}],"wp:featuredmedia":[{"embeddable":true,"href":"https:\/\/mod.wisdar.net\/tr\/wp-json\/wp\/v2\/media\/70013"}],"wp:attachment":[{"href":"https:\/\/mod.wisdar.net\/tr\/wp-json\/wp\/v2\/media?parent=70015"}],"wp:term":[{"taxonomy":"product_brand","embeddable":true,"href":"https:\/\/mod.wisdar.net\/tr\/wp-json\/wp\/v2\/product_brand?post=70015"},{"taxonomy":"product_cat","embeddable":true,"href":"https:\/\/mod.wisdar.net\/tr\/wp-json\/wp\/v2\/product_cat?post=70015"},{"taxonomy":"product_tag","embeddable":true,"href":"https:\/\/mod.wisdar.net\/tr\/wp-json\/wp\/v2\/product_tag?post=70015"}],"curies":[{"name":"wp","href":"https:\/\/api.w.org\/{rel}","templated":true}]}}