{"id":70065,"date":"2026-01-10T06:52:24","date_gmt":"2026-01-10T06:52:24","guid":{"rendered":"https:\/\/modesthanim.com\/product\/binnur-lacivert-etek\/"},"modified":"2026-04-02T20:48:34","modified_gmt":"2026-04-02T20:48:34","slug":"binnur-lacivert-etek","status":"publish","type":"product","link":"https:\/\/mod.wisdar.net\/tr\/urun\/binnur-lacivert-etek\/","title":{"rendered":"Binnur Lacivert Etek"},"content":{"rendered":"<p>Etek, 1. S\u0131n\u0131f \u015fifon kuma\u015ftan \u00fcretilmi\u015ftir.<br \/>\nAstarl\u0131 tasar\u0131ma sahiptir.<br \/>\nBel k\u0131sm\u0131 lastikli konfor sunar.<br \/>\nAsimetrik detaylar\u0131 ile \u015f\u0131k bir g\u00f6r\u00fcn\u00fcm.<br \/>\nBoy: 101 cm<br \/>\nBel: 32 cm<\/p>\n","protected":false},"excerpt":{"rendered":"<p>Etek, 1. S\u0131n\u0131f \u015fifon kuma\u015ftan \u00fcretilmi\u015ftir. Astarl\u0131 tasar\u0131ma sahiptir. Bel k\u0131sm\u0131 lastikli konfor sunar. Asimetrik detaylar\u0131 ile \u015f\u0131k bir g\u00f6r\u00fcn\u00fcm. Boy: 101 cm Bel: 32 cm<\/p>\n","protected":false},"featured_media":70062,"comment_status":"open","ping_status":"closed","template":"","meta":[],"product_brand":[],"product_cat":[1969],"product_tag":[],"class_list":{"0":"post-70065","1":"product","2":"type-product","3":"status-publish","4":"has-post-thumbnail","6":"product_cat-etekler","7":"pa_brand-butikkolik","8":"pa_color-lacivert","9":"pa_size-std-38-42","11":"first","12":"outofstock","13":"shipping-taxable","14":"product-type-variable"},"_links":{"self":[{"href":"https:\/\/mod.wisdar.net\/tr\/wp-json\/wp\/v2\/product\/70065","targetHints":{"allow":["GET"]}}],"collection":[{"href":"https:\/\/mod.wisdar.net\/tr\/wp-json\/wp\/v2\/product"}],"about":[{"href":"https:\/\/mod.wisdar.net\/tr\/wp-json\/wp\/v2\/types\/product"}],"replies":[{"embeddable":true,"href":"https:\/\/mod.wisdar.net\/tr\/wp-json\/wp\/v2\/comments?post=70065"}],"wp:featuredmedia":[{"embeddable":true,"href":"https:\/\/mod.wisdar.net\/tr\/wp-json\/wp\/v2\/media\/70062"}],"wp:attachment":[{"href":"https:\/\/mod.wisdar.net\/tr\/wp-json\/wp\/v2\/media?parent=70065"}],"wp:term":[{"taxonomy":"product_brand","embeddable":true,"href":"https:\/\/mod.wisdar.net\/tr\/wp-json\/wp\/v2\/product_brand?post=70065"},{"taxonomy":"product_cat","embeddable":true,"href":"https:\/\/mod.wisdar.net\/tr\/wp-json\/wp\/v2\/product_cat?post=70065"},{"taxonomy":"product_tag","embeddable":true,"href":"https:\/\/mod.wisdar.net\/tr\/wp-json\/wp\/v2\/product_tag?post=70065"}],"curies":[{"name":"wp","href":"https:\/\/api.w.org\/{rel}","templated":true}]}}