{"id":70090,"date":"2026-01-10T06:52:33","date_gmt":"2026-01-10T06:52:33","guid":{"rendered":"https:\/\/modesthanim.com\/product\/gizem\/"},"modified":"2026-03-22T08:12:47","modified_gmt":"2026-03-22T08:12:47","slug":"gizem","status":"publish","type":"product","link":"https:\/\/mod.wisdar.net\/tr\/urun\/gizem\/","title":{"rendered":"Gizem"},"content":{"rendered":"<p>Gizem elbisesi, birinci s\u0131n\u0131f dantel kuma\u015f\u0131yla \u015f\u0131kl\u0131\u011f\u0131 ve kaliteyi bir araya getiriyor. Arkadan fermuarl\u0131 tasar\u0131m\u0131yla kolay giyim sa\u011flarken, bisiklet yaka detay\u0131 modern bir dokunu\u015f kat\u0131yor. \u00c7\u0131kar\u0131labilir seyyar kemeriyle farkl\u0131 kombinasyonlar olu\u015fturman\u0131za olanak tan\u0131r. Dar kal\u0131p ve esnek yap\u0131s\u0131yla v\u00fccudu saran bu elbise, rahat bir kullan\u0131m sunar; beden se\u00e7iminde bir beden b\u00fcy\u00fck tercih edebilirsiniz.<\/p>\n<p>\u2014 Teknik Detaylar \u2014<br \/>\nBoy: 139 cm<br \/>\nOmuz: 40 cm<br \/>\nG\u00f6\u011f\u00fcs: 45 cm<br \/>\nBel: 35 cm<br \/>\nYaka: Bisiklet Yaka<br \/>\nKemer: \u00c7\u0131kar\u0131labilir Seyyar Kemer<br \/>\nFermuar: Arkadan Fermuarl\u0131<br \/>\nKal\u0131p: Dar Kal\u0131p, Esnek Yap\u0131l\u0131<\/p>\n","protected":false},"excerpt":{"rendered":"<p>Gizem elbisesi, birinci s\u0131n\u0131f dantel kuma\u015f\u0131yla \u015f\u0131kl\u0131\u011f\u0131 ve kaliteyi bir araya getiriyor. Arkadan fermuarl\u0131 tasar\u0131m\u0131yla kolay giyim sa\u011flarken, bisiklet yaka detay\u0131 modern bir dokunu\u015f kat\u0131yor. \u00c7\u0131kar\u0131labilir seyyar kemeriyle farkl\u0131 kombinasyonlar olu\u015fturman\u0131za olanak tan\u0131r. Dar kal\u0131p ve esnek yap\u0131s\u0131yla v\u00fccudu saran bu elbise, rahat bir kullan\u0131m sunar; beden se\u00e7iminde bir beden b\u00fcy\u00fck tercih edebilirsiniz. \u2014 Teknik [&hellip;]<\/p>\n","protected":false},"featured_media":70086,"comment_status":"open","ping_status":"closed","template":"","meta":[],"product_brand":[],"product_cat":[6249,1933],"product_tag":[],"class_list":{"0":"post-70090","1":"product","2":"type-product","3":"status-publish","4":"has-post-thumbnail","6":"product_cat-elbiseler","7":"product_cat-gunluk-ve-gunduz-elbiseleri","8":"pa_brand-butikkolik","9":"pa_color-zumrut","10":"pa_size-4701","11":"pa_size-4706","12":"pa_size-4711","13":"pa_size-4713","14":"pa_size-4751","15":"pa_size-4749","17":"first","18":"instock","19":"sale","20":"shipping-taxable","21":"purchasable","22":"product-type-variable"},"_links":{"self":[{"href":"https:\/\/mod.wisdar.net\/tr\/wp-json\/wp\/v2\/product\/70090","targetHints":{"allow":["GET"]}}],"collection":[{"href":"https:\/\/mod.wisdar.net\/tr\/wp-json\/wp\/v2\/product"}],"about":[{"href":"https:\/\/mod.wisdar.net\/tr\/wp-json\/wp\/v2\/types\/product"}],"replies":[{"embeddable":true,"href":"https:\/\/mod.wisdar.net\/tr\/wp-json\/wp\/v2\/comments?post=70090"}],"wp:featuredmedia":[{"embeddable":true,"href":"https:\/\/mod.wisdar.net\/tr\/wp-json\/wp\/v2\/media\/70086"}],"wp:attachment":[{"href":"https:\/\/mod.wisdar.net\/tr\/wp-json\/wp\/v2\/media?parent=70090"}],"wp:term":[{"taxonomy":"product_brand","embeddable":true,"href":"https:\/\/mod.wisdar.net\/tr\/wp-json\/wp\/v2\/product_brand?post=70090"},{"taxonomy":"product_cat","embeddable":true,"href":"https:\/\/mod.wisdar.net\/tr\/wp-json\/wp\/v2\/product_cat?post=70090"},{"taxonomy":"product_tag","embeddable":true,"href":"https:\/\/mod.wisdar.net\/tr\/wp-json\/wp\/v2\/product_tag?post=70090"}],"curies":[{"name":"wp","href":"https:\/\/api.w.org\/{rel}","templated":true}]}}