{"id":70123,"date":"2026-01-10T06:52:46","date_gmt":"2026-01-10T06:52:46","guid":{"rendered":"https:\/\/modesthanim.com\/product\/piril-elbise-siyah\/"},"modified":"2026-03-17T12:06:01","modified_gmt":"2026-03-17T12:06:01","slug":"piril-elbise-siyah","status":"publish","type":"product","link":"https:\/\/mod.wisdar.net\/tr\/urun\/piril-elbise-siyah\/","title":{"rendered":"P\u0131r\u0131l Elbise Siyah"},"content":{"rendered":"<p>Elbise Sala\u015f Formdad\u0131r.<br \/>\nElbise D\u00fc\u015f\u00fck Omuz Detayl\u0131d\u0131r.<br \/>\nElbise Yaka Arkas\u0131ndan D\u00fc\u011fmelidir.<br \/>\nElbise Seyyar Ku\u015fakl\u0131d\u0131r.<br \/>\nElbise Astar Detay\u0131 Mevcuttur.<br \/>\nBoy:150cm<br \/>\nG\u00f6\u011f\u00fcs: 55cm<\/p>\n","protected":false},"excerpt":{"rendered":"<p>Elbise Sala\u015f Formdad\u0131r. Elbise D\u00fc\u015f\u00fck Omuz Detayl\u0131d\u0131r. Elbise Yaka Arkas\u0131ndan D\u00fc\u011fmelidir. Elbise Seyyar Ku\u015fakl\u0131d\u0131r. Elbise Astar Detay\u0131 Mevcuttur. Boy:150cm G\u00f6\u011f\u00fcs: 55cm<\/p>\n","protected":false},"featured_media":70120,"comment_status":"open","ping_status":"closed","template":"","meta":[],"product_brand":[],"product_cat":[6249,1933],"product_tag":[6882,6937],"class_list":{"0":"post-70123","1":"product","2":"type-product","3":"status-publish","4":"has-post-thumbnail","6":"product_cat-elbiseler","7":"product_cat-gunluk-ve-gunduz-elbiseleri","8":"product_tag-rahat-kesim-2","9":"product_tag-siyah-elbise","10":"pa_brand-butikkolik","11":"pa_color-siyah","12":"pa_size-4446","13":"pa_size-4706","14":"pa_size-4711","15":"pa_size-4713","16":"pa_size-4751","18":"first","19":"outofstock","20":"shipping-taxable","21":"product-type-variable"},"_links":{"self":[{"href":"https:\/\/mod.wisdar.net\/tr\/wp-json\/wp\/v2\/product\/70123","targetHints":{"allow":["GET"]}}],"collection":[{"href":"https:\/\/mod.wisdar.net\/tr\/wp-json\/wp\/v2\/product"}],"about":[{"href":"https:\/\/mod.wisdar.net\/tr\/wp-json\/wp\/v2\/types\/product"}],"replies":[{"embeddable":true,"href":"https:\/\/mod.wisdar.net\/tr\/wp-json\/wp\/v2\/comments?post=70123"}],"wp:featuredmedia":[{"embeddable":true,"href":"https:\/\/mod.wisdar.net\/tr\/wp-json\/wp\/v2\/media\/70120"}],"wp:attachment":[{"href":"https:\/\/mod.wisdar.net\/tr\/wp-json\/wp\/v2\/media?parent=70123"}],"wp:term":[{"taxonomy":"product_brand","embeddable":true,"href":"https:\/\/mod.wisdar.net\/tr\/wp-json\/wp\/v2\/product_brand?post=70123"},{"taxonomy":"product_cat","embeddable":true,"href":"https:\/\/mod.wisdar.net\/tr\/wp-json\/wp\/v2\/product_cat?post=70123"},{"taxonomy":"product_tag","embeddable":true,"href":"https:\/\/mod.wisdar.net\/tr\/wp-json\/wp\/v2\/product_tag?post=70123"}],"curies":[{"name":"wp","href":"https:\/\/api.w.org\/{rel}","templated":true}]}}