{"id":7027,"date":"2025-11-01T19:41:38","date_gmt":"2025-11-01T19:41:38","guid":{"rendered":"https:\/\/modesthanim.com\/product\/kemerli-blazer-ceket-bej\/"},"modified":"2026-04-03T14:02:25","modified_gmt":"2026-04-03T14:02:25","slug":"kemerli-blazer-ceket-bej","status":"publish","type":"product","link":"https:\/\/mod.wisdar.net\/tr\/urun\/kemerli-blazer-ceket-bej\/","title":{"rendered":"Kemerli Blazer Ceket \u2013 Bej"},"content":{"rendered":"<p>Bu blazer, zarif kesimi ve kemerli bel tasar\u0131m\u0131 ile feminen bir siluet sunar, klasik zarafeti modern dokunu\u015flarla harmanlar. Ofisten toplant\u0131lara kadar her t\u00fcrl\u00fc ortamda rahatl\u0131kla tercih edilebilir.<\/p>\n<p>Kuma\u015f \u0130\u00e7eri\u011fi: %85 Lyocell, %15 Keten<br \/>\nDesen: D\u00fcz<br \/>\nYaka Tipi: Blazer Yaka<br \/>\nKol Tipi: Uzun Kol<br \/>\nCep: D\u00fcnya Cebi<br \/>\nAstar: Astars\u0131z<br \/>\n\u00dcr\u00fcn Uzunlu\u011fu: 85 cm<br \/>\nKal\u0131p: Normal Kal\u0131p<br \/>\nModelin Giydi\u011fi Beden: 38<br \/>\nModel \u00d6l\u00e7\u00fcleri: Boy: 176 cm, G\u00f6\u011f\u00fcs: 86 cm, Bel: 61 cm, Kal\u00e7a: 90 cm<\/p>\n","protected":false},"excerpt":{"rendered":"<p>Bu blazer, zarif kesimi ve kemerli bel tasar\u0131m\u0131 ile feminen bir siluet sunar, klasik zarafeti modern dokunu\u015flarla harmanlar. Ofisten toplant\u0131lara kadar her t\u00fcrl\u00fc ortamda rahatl\u0131kla tercih edilebilir. Kuma\u015f \u0130\u00e7eri\u011fi: %85 Lyocell, %15 Keten Desen: D\u00fcz Yaka Tipi: Blazer Yaka Kol Tipi: Uzun Kol Cep: D\u00fcnya Cebi Astar: Astars\u0131z \u00dcr\u00fcn Uzunlu\u011fu: 85 cm Kal\u0131p: Normal Kal\u0131p [&hellip;]<\/p>\n","protected":false},"featured_media":0,"comment_status":"open","ping_status":"closed","template":"","meta":[],"product_brand":[],"product_cat":[2050],"product_tag":[6936,5012,7419,5013,6754],"class_list":{"0":"post-7027","1":"product","2":"type-product","3":"status-publish","5":"product_cat-blazer-ceketler","6":"product_tag-cok-yonlu","7":"product_tag-elegant","8":"product_tag-gunluk","9":"product_tag-modern","10":"product_tag-ofis-kiyafeti","11":"pa_brand-tugba","12":"pa_color-bej","13":"pa_size-4706","14":"pa_size-4711","15":"pa_size-4713","16":"pa_size-4751","17":"pa_size-4749","18":"pa_size-4747","20":"first","21":"instock","22":"sale","23":"shipping-taxable","24":"purchasable","25":"product-type-variable"},"_links":{"self":[{"href":"https:\/\/mod.wisdar.net\/tr\/wp-json\/wp\/v2\/product\/7027","targetHints":{"allow":["GET"]}}],"collection":[{"href":"https:\/\/mod.wisdar.net\/tr\/wp-json\/wp\/v2\/product"}],"about":[{"href":"https:\/\/mod.wisdar.net\/tr\/wp-json\/wp\/v2\/types\/product"}],"replies":[{"embeddable":true,"href":"https:\/\/mod.wisdar.net\/tr\/wp-json\/wp\/v2\/comments?post=7027"}],"wp:attachment":[{"href":"https:\/\/mod.wisdar.net\/tr\/wp-json\/wp\/v2\/media?parent=7027"}],"wp:term":[{"taxonomy":"product_brand","embeddable":true,"href":"https:\/\/mod.wisdar.net\/tr\/wp-json\/wp\/v2\/product_brand?post=7027"},{"taxonomy":"product_cat","embeddable":true,"href":"https:\/\/mod.wisdar.net\/tr\/wp-json\/wp\/v2\/product_cat?post=7027"},{"taxonomy":"product_tag","embeddable":true,"href":"https:\/\/mod.wisdar.net\/tr\/wp-json\/wp\/v2\/product_tag?post=7027"}],"curies":[{"name":"wp","href":"https:\/\/api.w.org\/{rel}","templated":true}]}}