{"id":70638,"date":"2026-01-16T09:57:51","date_gmt":"2026-01-16T09:57:51","guid":{"rendered":"https:\/\/modesthanim.com\/product\/straight-wide-duz-paca-krep-pantolon\/"},"modified":"2026-04-02T20:36:18","modified_gmt":"2026-04-02T20:36:18","slug":"straight-wide-duz-paca-krep-pantolon","status":"publish","type":"product","link":"https:\/\/mod.wisdar.net\/tr\/urun\/straight-wide-duz-paca-krep-pantolon\/","title":{"rendered":"Straight Wide D\u00fcz Pa\u00e7a Krep Pantolon"},"content":{"rendered":"<p>D\u00fcz pa\u00e7a ve straight wide kesimiyle modern bir siluet sunan krep pantolon, \u015f\u0131k ve rahat yap\u0131s\u0131yla hem i\u015f hem g\u00fcnl\u00fck kombinlere kolayl\u0131kla uyum sa\u011flar. Zarif duru\u015fuyla gard\u0131robunuzun vazge\u00e7ilmezi olur.<\/p>\n<p>\u2014 Teknik Detaylar \u2014<br \/>\nKuma\u015f: Krep<br \/>\nRenk: Siyah<br \/>\nKapama Detay\u0131: Kemerli<br \/>\nCinsiyet: Kad\u0131n<br \/>\nPa\u00e7a Detay: D\u00fcz Pa\u00e7a<br \/>\nMarka: Defacto<br \/>\nMen\u015fei: TR<br \/>\n\u00dcr\u00fcn Grubu: Kad\u0131n Tesett\u00fcr Pantolon<\/p>\n","protected":false},"excerpt":{"rendered":"<p>D\u00fcz pa\u00e7a ve straight wide kesimiyle modern bir siluet sunan krep pantolon, \u015f\u0131k ve rahat yap\u0131s\u0131yla hem i\u015f hem g\u00fcnl\u00fck kombinlere kolayl\u0131kla uyum sa\u011flar. Zarif duru\u015fuyla gard\u0131robunuzun vazge\u00e7ilmezi olur. \u2014 Teknik Detaylar \u2014 Kuma\u015f: Krep Renk: Siyah Kapama Detay\u0131: Kemerli Cinsiyet: Kad\u0131n Pa\u00e7a Detay: D\u00fcz Pa\u00e7a Marka: Defacto Men\u015fei: TR \u00dcr\u00fcn Grubu: Kad\u0131n Tesett\u00fcr Pantolon<\/p>\n","protected":false},"featured_media":70631,"comment_status":"open","ping_status":"closed","template":"","meta":[],"product_brand":[],"product_cat":[1882],"product_tag":[6069,6066,6067,6071],"class_list":{"0":"post-70638","1":"product","2":"type-product","3":"status-publish","4":"has-post-thumbnail","6":"product_cat-alt-giyim","7":"product_tag-kadin-straight-wide-duz-paca-krep-pantolon","8":"product_tag-siyah-kadin-straight-wide-duz-paca-krep-pantolon","9":"product_tag-siyah-straight-wide-duz-paca-krep-pantolon","10":"product_tag-straight-wide-duz-paca-krep-pantolon","11":"pa_brand-defacto","12":"pa_color-siyah","13":"pa_size-3xl","14":"pa_size-l","15":"pa_size-m","16":"pa_size-s","17":"pa_size-xl","18":"pa_size-xxl","20":"first","21":"outofstock","22":"shipping-taxable","23":"product-type-variable"},"_links":{"self":[{"href":"https:\/\/mod.wisdar.net\/tr\/wp-json\/wp\/v2\/product\/70638","targetHints":{"allow":["GET"]}}],"collection":[{"href":"https:\/\/mod.wisdar.net\/tr\/wp-json\/wp\/v2\/product"}],"about":[{"href":"https:\/\/mod.wisdar.net\/tr\/wp-json\/wp\/v2\/types\/product"}],"replies":[{"embeddable":true,"href":"https:\/\/mod.wisdar.net\/tr\/wp-json\/wp\/v2\/comments?post=70638"}],"wp:featuredmedia":[{"embeddable":true,"href":"https:\/\/mod.wisdar.net\/tr\/wp-json\/wp\/v2\/media\/70631"}],"wp:attachment":[{"href":"https:\/\/mod.wisdar.net\/tr\/wp-json\/wp\/v2\/media?parent=70638"}],"wp:term":[{"taxonomy":"product_brand","embeddable":true,"href":"https:\/\/mod.wisdar.net\/tr\/wp-json\/wp\/v2\/product_brand?post=70638"},{"taxonomy":"product_cat","embeddable":true,"href":"https:\/\/mod.wisdar.net\/tr\/wp-json\/wp\/v2\/product_cat?post=70638"},{"taxonomy":"product_tag","embeddable":true,"href":"https:\/\/mod.wisdar.net\/tr\/wp-json\/wp\/v2\/product_tag?post=70638"}],"curies":[{"name":"wp","href":"https:\/\/api.w.org\/{rel}","templated":true}]}}