{"id":70664,"date":"2026-01-16T09:57:59","date_gmt":"2026-01-16T09:57:59","guid":{"rendered":"https:\/\/modesthanim.com\/product\/genis-paca-triko-pantolon\/"},"modified":"2026-04-12T19:50:43","modified_gmt":"2026-04-12T19:50:43","slug":"genis-paca-triko-pantolon","status":"publish","type":"product","link":"https:\/\/mod.wisdar.net\/tr\/urun\/genis-paca-triko-pantolon\/","title":{"rendered":"Geni\u015f Pa\u00e7a Triko Pantolon"},"content":{"rendered":"<p>Geni\u015f pa\u00e7a triko pantolon, bol kesimi ve yumu\u015fak dokusuyla \u00fcst\u00fcn konfor sunar. Esnek triko kuma\u015f\u0131 hareket \u00f6zg\u00fcrl\u00fc\u011f\u00fc sa\u011flarken, modern tasar\u0131m\u0131 g\u00fcnl\u00fck kombinasyonlara \u015f\u0131k bir dokunu\u015f katar. Rahat ve \u015f\u0131k bir g\u00fcnl\u00fck giyim par\u00e7as\u0131d\u0131r.<\/p>\n<p>\u2014 Teknik Detaylar \u2014<br \/>\ncinsiyet: Kad\u0131n<br \/>\nkesim: Geni\u015f Pa\u00e7a<br \/>\nkuma\u015f: Triko<br \/>\n\u00fcr\u00fcn tipi: Pantolon<br \/>\n\u00f6rg\u00fc kal\u0131nl\u0131\u011f\u0131: \u0130nce<br \/>\nrenk: Kahverengi<br \/>\nmen\u015fei: TR<br \/>\n\u00fcr\u00fcn grubu: Kad\u0131n Tesett\u00fcr Pantolon<br \/>\nmodel \u00f6l\u00e7\u00fcleri: S Beden \u2013 1,74cm \u2013 84\/61\/92<br \/>\n\u00f6rnek beden: S<br \/>\ni\u00e7 bacak boyu: 72 cm (t\u00fcm bedenler)<\/p>\n","protected":false},"excerpt":{"rendered":"<p>Geni\u015f pa\u00e7a triko pantolon, bol kesimi ve yumu\u015fak dokusuyla \u00fcst\u00fcn konfor sunar. Esnek triko kuma\u015f\u0131 hareket \u00f6zg\u00fcrl\u00fc\u011f\u00fc sa\u011flarken, modern tasar\u0131m\u0131 g\u00fcnl\u00fck kombinasyonlara \u015f\u0131k bir dokunu\u015f katar. Rahat ve \u015f\u0131k bir g\u00fcnl\u00fck giyim par\u00e7as\u0131d\u0131r. \u2014 Teknik Detaylar \u2014 cinsiyet: Kad\u0131n kesim: Geni\u015f Pa\u00e7a kuma\u015f: Triko \u00fcr\u00fcn tipi: Pantolon \u00f6rg\u00fc kal\u0131nl\u0131\u011f\u0131: \u0130nce renk: Kahverengi men\u015fei: TR \u00fcr\u00fcn [&hellip;]<\/p>\n","protected":false},"featured_media":70645,"comment_status":"open","ping_status":"closed","template":"","meta":[],"product_brand":[],"product_cat":[1882],"product_tag":[6074,6075,6073,6072,6070,6068],"class_list":{"0":"post-70664","1":"product","2":"type-product","3":"status-publish","4":"has-post-thumbnail","6":"product_cat-alt-giyim","7":"product_tag-genis-paca-pantolon","8":"product_tag-kadin-canta","9":"product_tag-kadin-pantolon","10":"product_tag-kadin-tesettur-giyim","11":"product_tag-modest-tunik","12":"product_tag-tesettur-giyim-indirim","13":"pa_brand-defacto","14":"pa_color-kahve","15":"pa_size-l","16":"pa_size-m","17":"pa_size-s","18":"pa_size-xl","19":"pa_size-xxl","21":"first","22":"outofstock","23":"shipping-taxable","24":"product-type-variable"},"_links":{"self":[{"href":"https:\/\/mod.wisdar.net\/tr\/wp-json\/wp\/v2\/product\/70664","targetHints":{"allow":["GET"]}}],"collection":[{"href":"https:\/\/mod.wisdar.net\/tr\/wp-json\/wp\/v2\/product"}],"about":[{"href":"https:\/\/mod.wisdar.net\/tr\/wp-json\/wp\/v2\/types\/product"}],"replies":[{"embeddable":true,"href":"https:\/\/mod.wisdar.net\/tr\/wp-json\/wp\/v2\/comments?post=70664"}],"wp:featuredmedia":[{"embeddable":true,"href":"https:\/\/mod.wisdar.net\/tr\/wp-json\/wp\/v2\/media\/70645"}],"wp:attachment":[{"href":"https:\/\/mod.wisdar.net\/tr\/wp-json\/wp\/v2\/media?parent=70664"}],"wp:term":[{"taxonomy":"product_brand","embeddable":true,"href":"https:\/\/mod.wisdar.net\/tr\/wp-json\/wp\/v2\/product_brand?post=70664"},{"taxonomy":"product_cat","embeddable":true,"href":"https:\/\/mod.wisdar.net\/tr\/wp-json\/wp\/v2\/product_cat?post=70664"},{"taxonomy":"product_tag","embeddable":true,"href":"https:\/\/mod.wisdar.net\/tr\/wp-json\/wp\/v2\/product_tag?post=70664"}],"curies":[{"name":"wp","href":"https:\/\/api.w.org\/{rel}","templated":true}]}}