{"id":70709,"date":"2026-01-16T09:58:31","date_gmt":"2026-01-16T09:58:31","guid":{"rendered":"https:\/\/modesthanim.com\/product\/bisiklet-yaka-uzun-kollu-selanik-kumas-maxi-elbise\/"},"modified":"2026-04-02T08:43:14","modified_gmt":"2026-04-02T08:43:14","slug":"bisiklet-yaka-uzun-kollu-selanik-kumas-maxi-elbise","status":"publish","type":"product","link":"https:\/\/mod.wisdar.net\/tr\/urun\/bisiklet-yaka-uzun-kollu-selanik-kumas-maxi-elbise\/","title":{"rendered":"Bisiklet Yaka Uzun Kollu Selanik Kuma\u015f Maxi Elbise"},"content":{"rendered":"<p>Bisiklet yaka uzun kollu selanik kuma\u015f maxi elbise, yumu\u015fak ve nefes alabilen kuma\u015f\u0131yla g\u00fcn boyu konfor sa\u011flar. Selanik dokusu ve uzun kesimi sayesinde \u015f\u0131k ve rahat bir siluet sunar. Hem g\u00fcnl\u00fck kullan\u0131mda hem de \u00f6zel kombinlerde modern ve zarif bir tercih olarak \u00f6ne \u00e7\u0131kar.<\/p>\n<p>\u2014 Technical Details \u2014<br \/>\nModelin \u00d6l\u00e7\u00fcleri: S Beden \u2013 1,74cm \u2013 84\/61\/92<br \/>\nNumune Bedeni: S<br \/>\n\u00dcr\u00fcn Y\u00fcksekli\u011fi: 130<br \/>\nCinsiyet: Kad\u0131n<br \/>\n\u00d6zel \u00dcr\u00fcn: G\u00fcnl\u00fck<br \/>\nKuma\u015f: Selanik Kuma\u015f<br \/>\nMen\u015fei: TR<\/p>\n","protected":false},"excerpt":{"rendered":"<p>Bisiklet yaka uzun kollu selanik kuma\u015f maxi elbise, yumu\u015fak ve nefes alabilen kuma\u015f\u0131yla g\u00fcn boyu konfor sa\u011flar. Selanik dokusu ve uzun kesimi sayesinde \u015f\u0131k ve rahat bir siluet sunar. Hem g\u00fcnl\u00fck kullan\u0131mda hem de \u00f6zel kombinlerde modern ve zarif bir tercih olarak \u00f6ne \u00e7\u0131kar. \u2014 Technical Details \u2014 Modelin \u00d6l\u00e7\u00fcleri: S Beden \u2013 1,74cm \u2013 [&hellip;]<\/p>\n","protected":false},"featured_media":70699,"comment_status":"open","ping_status":"closed","template":"","meta":[],"product_brand":[],"product_cat":[6249,1933],"product_tag":[6753,7419],"class_list":{"0":"post-70709","1":"product","2":"type-product","3":"status-publish","4":"has-post-thumbnail","6":"product_cat-elbiseler","7":"product_cat-gunluk-ve-gunduz-elbiseleri","8":"product_tag-bej","9":"product_tag-gunluk","10":"pa_brand-defacto","11":"pa_color-bej","12":"pa_size-l","13":"pa_size-m","14":"pa_size-s","15":"pa_size-xl","17":"first","18":"instock","19":"shipping-taxable","20":"purchasable","21":"product-type-variable"},"_links":{"self":[{"href":"https:\/\/mod.wisdar.net\/tr\/wp-json\/wp\/v2\/product\/70709","targetHints":{"allow":["GET"]}}],"collection":[{"href":"https:\/\/mod.wisdar.net\/tr\/wp-json\/wp\/v2\/product"}],"about":[{"href":"https:\/\/mod.wisdar.net\/tr\/wp-json\/wp\/v2\/types\/product"}],"replies":[{"embeddable":true,"href":"https:\/\/mod.wisdar.net\/tr\/wp-json\/wp\/v2\/comments?post=70709"}],"wp:featuredmedia":[{"embeddable":true,"href":"https:\/\/mod.wisdar.net\/tr\/wp-json\/wp\/v2\/media\/70699"}],"wp:attachment":[{"href":"https:\/\/mod.wisdar.net\/tr\/wp-json\/wp\/v2\/media?parent=70709"}],"wp:term":[{"taxonomy":"product_brand","embeddable":true,"href":"https:\/\/mod.wisdar.net\/tr\/wp-json\/wp\/v2\/product_brand?post=70709"},{"taxonomy":"product_cat","embeddable":true,"href":"https:\/\/mod.wisdar.net\/tr\/wp-json\/wp\/v2\/product_cat?post=70709"},{"taxonomy":"product_tag","embeddable":true,"href":"https:\/\/mod.wisdar.net\/tr\/wp-json\/wp\/v2\/product_tag?post=70709"}],"curies":[{"name":"wp","href":"https:\/\/api.w.org\/{rel}","templated":true}]}}