{"id":70742,"date":"2026-01-16T09:58:50","date_gmt":"2026-01-16T09:58:50","guid":{"rendered":"https:\/\/modesthanim.com\/product\/regular-fit-bisiklet-yaka-triko-kazak-tunik\/"},"modified":"2026-04-03T00:01:19","modified_gmt":"2026-04-03T00:01:19","slug":"regular-fit-bisiklet-yaka-triko-kazak-tunik","status":"publish","type":"product","link":"https:\/\/mod.wisdar.net\/tr\/urun\/regular-fit-bisiklet-yaka-triko-kazak-tunik\/","title":{"rendered":"Regular Fit Bisiklet Yaka Triko Kazak Tunik"},"content":{"rendered":"<p>Regular Fit Bisiklet Yaka Triko Kazak Tunik, yumu\u015fak triko dokusuyla hem rahat hem zarif bir g\u00f6r\u00fcn\u00fcm sunar. Uzun tunik formu ve bisiklet yaka detay\u0131 ile g\u00fcnl\u00fck kombinlerde \u015f\u0131k ve konforlu bir par\u00e7a olu\u015fturur. \u00c7ok y\u00f6nl\u00fc kesimi sayesinde pantolon veya taytlarla kolayca kombinlenebilir.<\/p>\n<p>\u2014 Technical Details \u2014<br \/>\nModel \u00d6l\u00e7\u00fcleri: S Beden \u2013 1,74cm \u2013 84\/61\/92<br \/>\nNumune Bedeni: S<br \/>\n\u00dcr\u00fcn Y\u00fcksekli\u011fi: 72<br \/>\nKal\u0131p: Regular Fit<br \/>\nTriko Kal\u0131nl\u0131\u011f\u0131: Orta Kal\u0131n<br \/>\nKuma\u015f: Triko<br \/>\nMen\u015fei: TR<br \/>\n\u00dcr\u00fcn Grubu: Kad\u0131n Tunik<br \/>\n\u00dcr\u00fcn Uzunluk \u00d6l\u00e7\u00fcleri: Omuzdan Arka Boy: S-71 cm, M-72 cm, L-73 cm, XL-74 cm<\/p>\n","protected":false},"excerpt":{"rendered":"<p>Regular Fit Bisiklet Yaka Triko Kazak Tunik, yumu\u015fak triko dokusuyla hem rahat hem zarif bir g\u00f6r\u00fcn\u00fcm sunar. Uzun tunik formu ve bisiklet yaka detay\u0131 ile g\u00fcnl\u00fck kombinlerde \u015f\u0131k ve konforlu bir par\u00e7a olu\u015fturur. \u00c7ok y\u00f6nl\u00fc kesimi sayesinde pantolon veya taytlarla kolayca kombinlenebilir. \u2014 Technical Details \u2014 Model \u00d6l\u00e7\u00fcleri: S Beden \u2013 1,74cm \u2013 84\/61\/92 Numune [&hellip;]<\/p>\n","protected":false},"featured_media":70733,"comment_status":"open","ping_status":"closed","template":"","meta":[],"product_brand":[],"product_cat":[1927],"product_tag":[6080,4934,5315,6081,5122,6079],"class_list":{"0":"post-70742","1":"product","2":"type-product","3":"status-publish","4":"has-post-thumbnail","6":"product_cat-hoodies-sweatshirtler","7":"product_tag-modest-blouse","8":"product_tag-modest-clothing","9":"product_tag-modest-dress","10":"product_tag-modest-trousers","11":"product_tag-summer-tunic","12":"product_tag-young-modest-clothing","13":"pa_brand-defacto","14":"pa_color-kahve","15":"pa_size-l","16":"pa_size-m","17":"pa_size-s","18":"pa_size-xl","20":"first","21":"outofstock","22":"shipping-taxable","23":"product-type-variable"},"_links":{"self":[{"href":"https:\/\/mod.wisdar.net\/tr\/wp-json\/wp\/v2\/product\/70742","targetHints":{"allow":["GET"]}}],"collection":[{"href":"https:\/\/mod.wisdar.net\/tr\/wp-json\/wp\/v2\/product"}],"about":[{"href":"https:\/\/mod.wisdar.net\/tr\/wp-json\/wp\/v2\/types\/product"}],"replies":[{"embeddable":true,"href":"https:\/\/mod.wisdar.net\/tr\/wp-json\/wp\/v2\/comments?post=70742"}],"wp:featuredmedia":[{"embeddable":true,"href":"https:\/\/mod.wisdar.net\/tr\/wp-json\/wp\/v2\/media\/70733"}],"wp:attachment":[{"href":"https:\/\/mod.wisdar.net\/tr\/wp-json\/wp\/v2\/media?parent=70742"}],"wp:term":[{"taxonomy":"product_brand","embeddable":true,"href":"https:\/\/mod.wisdar.net\/tr\/wp-json\/wp\/v2\/product_brand?post=70742"},{"taxonomy":"product_cat","embeddable":true,"href":"https:\/\/mod.wisdar.net\/tr\/wp-json\/wp\/v2\/product_cat?post=70742"},{"taxonomy":"product_tag","embeddable":true,"href":"https:\/\/mod.wisdar.net\/tr\/wp-json\/wp\/v2\/product_tag?post=70742"}],"curies":[{"name":"wp","href":"https:\/\/api.w.org\/{rel}","templated":true}]}}