{"id":70776,"date":"2026-01-16T09:59:11","date_gmt":"2026-01-16T09:59:11","guid":{"rendered":"https:\/\/modesthanim.com\/product\/bisiklet-yaka-uzun-kollu-selanik-kumas-maxi-elbise-2\/"},"modified":"2026-04-02T22:10:23","modified_gmt":"2026-04-02T22:10:23","slug":"bisiklet-yaka-uzun-kollu-selanik-kumas-maxi-elbise-2","status":"publish","type":"product","link":"https:\/\/mod.wisdar.net\/tr\/urun\/bisiklet-yaka-uzun-kollu-selanik-kumas-maxi-elbise-2\/","title":{"rendered":"Bisiklet Yaka Uzun Kollu Selanik Kuma\u015f Maxi Elbise"},"content":{"rendered":"<p>Bisiklet yaka uzun kollu selanik kuma\u015f maxi elbise, yumu\u015fak ve nefes alabilen kuma\u015f\u0131yla g\u00fcn boyu konfor sa\u011flar. Selanik dokusu ve uzun kesimi sayesinde \u015f\u0131k ve rahat bir siluet sunar. Hem g\u00fcnl\u00fck kullan\u0131mda hem de \u00f6zel kombinlerde modern ve zarif bir tercih olarak \u00f6ne \u00e7\u0131kar.<\/p>\n<p>\u2014 Technical Details \u2014<br \/>\nmodel_measurements: S Beden \u2013 1,74cm \u2013 84\/61\/92<br \/>\nsample_size: S<br \/>\nproduct_height: 130<br \/>\nspecial_product: G\u00fcnl\u00fck<br \/>\ncountry_of_origin: TR<br \/>\nproduct_group: Kad\u0131n Tesett\u00fcr Elbise<br \/>\ngender: Kad\u0131n<br \/>\nfabric: Selanik Kuma\u015f<br \/>\nlength_measurements: {&#8216;S&#8217;: &#8216;130 cm&#8217;, &#8216;M&#8217;: &#8216;130 cm&#8217;, &#8216;L&#8217;: &#8216;131 cm&#8217;, &#8216;XL&#8217;: &#8216;131 cm&#8217;}<\/p>\n","protected":false},"excerpt":{"rendered":"<p>Bisiklet yaka uzun kollu selanik kuma\u015f maxi elbise, yumu\u015fak ve nefes alabilen kuma\u015f\u0131yla g\u00fcn boyu konfor sa\u011flar. Selanik dokusu ve uzun kesimi sayesinde \u015f\u0131k ve rahat bir siluet sunar. Hem g\u00fcnl\u00fck kullan\u0131mda hem de \u00f6zel kombinlerde modern ve zarif bir tercih olarak \u00f6ne \u00e7\u0131kar. \u2014 Technical Details \u2014 model_measurements: S Beden \u2013 1,74cm \u2013 84\/61\/92 [&hellip;]<\/p>\n","protected":false},"featured_media":70769,"comment_status":"open","ping_status":"closed","template":"","meta":[],"product_brand":[],"product_cat":[6249,1933],"product_tag":[4908,6768],"class_list":{"0":"post-70776","1":"product","2":"type-product","3":"status-publish","4":"has-post-thumbnail","6":"product_cat-elbiseler","7":"product_cat-gunluk-ve-gunduz-elbiseleri","8":"product_tag-brown","9":"product_tag-uzun-kol","10":"pa_brand-defacto","11":"pa_color-kahve","12":"pa_size-l","13":"pa_size-m","14":"pa_size-s","15":"pa_size-xl","17":"first","18":"instock","19":"shipping-taxable","20":"purchasable","21":"product-type-variable"},"_links":{"self":[{"href":"https:\/\/mod.wisdar.net\/tr\/wp-json\/wp\/v2\/product\/70776","targetHints":{"allow":["GET"]}}],"collection":[{"href":"https:\/\/mod.wisdar.net\/tr\/wp-json\/wp\/v2\/product"}],"about":[{"href":"https:\/\/mod.wisdar.net\/tr\/wp-json\/wp\/v2\/types\/product"}],"replies":[{"embeddable":true,"href":"https:\/\/mod.wisdar.net\/tr\/wp-json\/wp\/v2\/comments?post=70776"}],"wp:featuredmedia":[{"embeddable":true,"href":"https:\/\/mod.wisdar.net\/tr\/wp-json\/wp\/v2\/media\/70769"}],"wp:attachment":[{"href":"https:\/\/mod.wisdar.net\/tr\/wp-json\/wp\/v2\/media?parent=70776"}],"wp:term":[{"taxonomy":"product_brand","embeddable":true,"href":"https:\/\/mod.wisdar.net\/tr\/wp-json\/wp\/v2\/product_brand?post=70776"},{"taxonomy":"product_cat","embeddable":true,"href":"https:\/\/mod.wisdar.net\/tr\/wp-json\/wp\/v2\/product_cat?post=70776"},{"taxonomy":"product_tag","embeddable":true,"href":"https:\/\/mod.wisdar.net\/tr\/wp-json\/wp\/v2\/product_tag?post=70776"}],"curies":[{"name":"wp","href":"https:\/\/api.w.org\/{rel}","templated":true}]}}