{"id":70810,"date":"2026-01-16T09:59:31","date_gmt":"2026-01-16T09:59:31","guid":{"rendered":"https:\/\/modesthanim.com\/product\/regular-fit-bisiklet-yaka-triko-kazak-tunik-2\/"},"modified":"2026-04-12T20:10:57","modified_gmt":"2026-04-12T20:10:57","slug":"regular-fit-bisiklet-yaka-triko-kazak-tunik-2","status":"publish","type":"product","link":"https:\/\/mod.wisdar.net\/tr\/urun\/regular-fit-bisiklet-yaka-triko-kazak-tunik-2\/","title":{"rendered":"Regular Fit Bisiklet Yaka Triko Kazak Tunik"},"content":{"rendered":"<p>Bisiklet yaka tasar\u0131m\u0131 ve yumu\u015fak triko dokusuyla bu tunik, hem \u015f\u0131k hem de konforlu bir g\u00f6r\u00fcn\u00fcm sunar. Regular fit kesimi sayesinde g\u00fcnl\u00fck kullan\u0131mlarda rahatl\u0131kla tercih edilir.<\/p>\n","protected":false},"excerpt":{"rendered":"<p>Bisiklet yaka tasar\u0131m\u0131 ve yumu\u015fak triko dokusuyla bu tunik, hem \u015f\u0131k hem de konforlu bir g\u00f6r\u00fcn\u00fcm sunar. Regular fit kesimi sayesinde g\u00fcnl\u00fck kullan\u0131mlarda rahatl\u0131kla tercih edilir.<\/p>\n","protected":false},"featured_media":70801,"comment_status":"open","ping_status":"closed","template":"","meta":[],"product_brand":[],"product_cat":[1927],"product_tag":[6084,6083,6086,6085],"class_list":{"0":"post-70810","1":"product","2":"type-product","3":"status-publish","4":"has-post-thumbnail","6":"product_cat-hoodies-sweatshirtler","7":"product_tag-khaki-regular-fit-boat-neck-knit-sweater-tunic","8":"product_tag-khaki-women-regular-fit-boat-neck-knit-sweater-tunic","9":"product_tag-regular-fit-boat-neck-knit-sweater-tunic","10":"product_tag-women-regular-fit-boat-neck-knit-sweater-tunic","11":"pa_brand-defacto","12":"pa_color-zeytin-yesili","13":"pa_size-l","14":"pa_size-m","15":"pa_size-s","17":"first","18":"outofstock","19":"shipping-taxable","20":"product-type-variable"},"_links":{"self":[{"href":"https:\/\/mod.wisdar.net\/tr\/wp-json\/wp\/v2\/product\/70810","targetHints":{"allow":["GET"]}}],"collection":[{"href":"https:\/\/mod.wisdar.net\/tr\/wp-json\/wp\/v2\/product"}],"about":[{"href":"https:\/\/mod.wisdar.net\/tr\/wp-json\/wp\/v2\/types\/product"}],"replies":[{"embeddable":true,"href":"https:\/\/mod.wisdar.net\/tr\/wp-json\/wp\/v2\/comments?post=70810"}],"wp:featuredmedia":[{"embeddable":true,"href":"https:\/\/mod.wisdar.net\/tr\/wp-json\/wp\/v2\/media\/70801"}],"wp:attachment":[{"href":"https:\/\/mod.wisdar.net\/tr\/wp-json\/wp\/v2\/media?parent=70810"}],"wp:term":[{"taxonomy":"product_brand","embeddable":true,"href":"https:\/\/mod.wisdar.net\/tr\/wp-json\/wp\/v2\/product_brand?post=70810"},{"taxonomy":"product_cat","embeddable":true,"href":"https:\/\/mod.wisdar.net\/tr\/wp-json\/wp\/v2\/product_cat?post=70810"},{"taxonomy":"product_tag","embeddable":true,"href":"https:\/\/mod.wisdar.net\/tr\/wp-json\/wp\/v2\/product_tag?post=70810"}],"curies":[{"name":"wp","href":"https:\/\/api.w.org\/{rel}","templated":true}]}}