{"id":7084,"date":"2025-11-01T19:42:44","date_gmt":"2025-11-01T19:42:44","guid":{"rendered":"https:\/\/modesthanim.com\/product\/desenli-keten-ceket-vizon\/"},"modified":"2026-04-15T20:49:29","modified_gmt":"2026-04-15T20:49:29","slug":"desenli-keten-ceket-vizon","status":"publish","type":"product","link":"https:\/\/mod.wisdar.net\/tr\/urun\/desenli-keten-ceket-vizon\/","title":{"rendered":"Desenli Keten Ceket \u2013 Vizon"},"content":{"rendered":"<p>Do\u011fal keten dokusu ve zarif desenleriyle \u00f6ne \u00e7\u0131kan bu ceket, hafif yap\u0131s\u0131yla mevsim ge\u00e7i\u015flerinde ideal bir tamamlay\u0131c\u0131d\u0131r. Kuma\u015f \u0130\u00e7eri\u011fi: %50 Pamuk, %50 Keten. Desen: Zincir Desen. Yaka Tipi: Blazer Yaka. Kol Tipi: Uzun Kol. Cep: Fleto Cep. Astar: Astars\u0131z. \u00dcr\u00fcn Boyu: 90 cm. Kal\u0131p Tipi: Normal Kal\u0131p. Mankenin Giydi\u011fi Beden: 38. Manken \u00d6l\u00e7\u00fcleri: Boy: 176 cm, G\u00f6\u011f\u00fcs: 80 cm, Bel: 60 cm, Basen: 90 cm.<\/p>\n","protected":false},"excerpt":{"rendered":"<p>Do\u011fal keten dokusu ve zarif desenleriyle \u00f6ne \u00e7\u0131kan bu ceket, hafif yap\u0131s\u0131yla mevsim ge\u00e7i\u015flerinde ideal bir tamamlay\u0131c\u0131d\u0131r. Kuma\u015f \u0130\u00e7eri\u011fi: %50 Pamuk, %50 Keten. Desen: Zincir Desen. Yaka Tipi: Blazer Yaka. Kol Tipi: Uzun Kol. Cep: Fleto Cep. Astar: Astars\u0131z. \u00dcr\u00fcn Boyu: 90 cm. Kal\u0131p Tipi: Normal Kal\u0131p. Mankenin Giydi\u011fi Beden: 38. Manken \u00d6l\u00e7\u00fcleri: Boy: 176 [&hellip;]<\/p>\n","protected":false},"featured_media":0,"comment_status":"open","ping_status":"closed","template":"","meta":[],"product_brand":[],"product_cat":[2044],"product_tag":[],"class_list":{"0":"post-7084","1":"product","2":"type-product","3":"status-publish","5":"product_cat-ceketler","6":"pa_brand-tugba","7":"pa_color-vizon","8":"pa_size-4706","9":"pa_size-4711","10":"pa_size-4713","11":"pa_size-4751","12":"pa_size-4749","13":"pa_size-4747","15":"first","16":"instock","17":"sale","18":"shipping-taxable","19":"purchasable","20":"product-type-variable"},"_links":{"self":[{"href":"https:\/\/mod.wisdar.net\/tr\/wp-json\/wp\/v2\/product\/7084","targetHints":{"allow":["GET"]}}],"collection":[{"href":"https:\/\/mod.wisdar.net\/tr\/wp-json\/wp\/v2\/product"}],"about":[{"href":"https:\/\/mod.wisdar.net\/tr\/wp-json\/wp\/v2\/types\/product"}],"replies":[{"embeddable":true,"href":"https:\/\/mod.wisdar.net\/tr\/wp-json\/wp\/v2\/comments?post=7084"}],"wp:attachment":[{"href":"https:\/\/mod.wisdar.net\/tr\/wp-json\/wp\/v2\/media?parent=7084"}],"wp:term":[{"taxonomy":"product_brand","embeddable":true,"href":"https:\/\/mod.wisdar.net\/tr\/wp-json\/wp\/v2\/product_brand?post=7084"},{"taxonomy":"product_cat","embeddable":true,"href":"https:\/\/mod.wisdar.net\/tr\/wp-json\/wp\/v2\/product_cat?post=7084"},{"taxonomy":"product_tag","embeddable":true,"href":"https:\/\/mod.wisdar.net\/tr\/wp-json\/wp\/v2\/product_tag?post=7084"}],"curies":[{"name":"wp","href":"https:\/\/api.w.org\/{rel}","templated":true}]}}