{"id":70845,"date":"2026-01-16T09:59:52","date_gmt":"2026-01-16T09:59:52","guid":{"rendered":"https:\/\/modesthanim.com\/product\/yun-karisimli-loose-fit-bisiklet-yaka-triko-kazak-tunik\/"},"modified":"2026-04-12T19:50:53","modified_gmt":"2026-04-12T19:50:53","slug":"yun-karisimli-loose-fit-bisiklet-yaka-triko-kazak-tunik","status":"publish","type":"product","link":"https:\/\/mod.wisdar.net\/tr\/urun\/yun-karisimli-loose-fit-bisiklet-yaka-triko-kazak-tunik\/","title":{"rendered":"Y\u00fcn Kar\u0131\u015f\u0131ml\u0131 Loose Fit Bisiklet Yaka Triko Kazak Tunik"},"content":{"rendered":"<p>Y\u00fcn Kar\u0131\u015f\u0131ml\u0131 Loose Fit Bisiklet Yaka Triko Kazak Tunik, yumu\u015fak dokusu ve bol kesimiyle s\u0131cak ve konforlu bir kullan\u0131m sunar. Bisiklet yaka tasar\u0131m\u0131 sadeli\u011fi korurken, tunik boyu modern ve rahat bir siluet olu\u015fturur. Serin havalarda hem \u015f\u0131k hem de kullan\u0131\u015fl\u0131 bir se\u00e7enek olarak \u00f6ne \u00e7\u0131kar.<\/p>\n<p>\u2014 Technical Details \u2014<br \/>\nproduct_height: 75<br \/>\nknit_thickness: Orta Kal\u0131n<br \/>\nfabric: Triko<br \/>\ngender: Kad\u0131n<br \/>\nsleeve_length: Uzun Kollu<br \/>\nfit: Loose Fit<br \/>\nmodel_measurements: M Beden \u2013 1,74cm \u2013 84\/61\/92<br \/>\nsample_size: M<br \/>\ncountry_of_origin: TR<br \/>\nproduct_group: Kad\u0131n Tunik<\/p>\n","protected":false},"excerpt":{"rendered":"<p>Y\u00fcn Kar\u0131\u015f\u0131ml\u0131 Loose Fit Bisiklet Yaka Triko Kazak Tunik, yumu\u015fak dokusu ve bol kesimiyle s\u0131cak ve konforlu bir kullan\u0131m sunar. Bisiklet yaka tasar\u0131m\u0131 sadeli\u011fi korurken, tunik boyu modern ve rahat bir siluet olu\u015fturur. Serin havalarda hem \u015f\u0131k hem de kullan\u0131\u015fl\u0131 bir se\u00e7enek olarak \u00f6ne \u00e7\u0131kar. \u2014 Technical Details \u2014 product_height: 75 knit_thickness: Orta Kal\u0131n fabric: [&hellip;]<\/p>\n","protected":false},"featured_media":70834,"comment_status":"open","ping_status":"closed","template":"","meta":[],"product_brand":[],"product_cat":[1927],"product_tag":[6087,6088,6089,6090],"class_list":{"0":"post-70845","1":"product","2":"type-product","3":"status-publish","4":"has-post-thumbnail","6":"product_cat-hoodies-sweatshirtler","7":"product_tag-gray-women-wool-blend-loose-fit-mock-neck-knit-sweater-tunic","8":"product_tag-gray-wool-blend-loose-fit-mock-neck-knit-sweater-tunic","9":"product_tag-women-wool-blend-loose-fit-mock-neck-knit-sweater-tunic","10":"product_tag-wool-blend-loose-fit-mock-neck-knit-sweater-tunic","11":"pa_brand-defacto","12":"pa_color-gri","13":"pa_size-l","14":"pa_size-m","15":"pa_size-s","16":"pa_size-xl","18":"first","19":"outofstock","20":"shipping-taxable","21":"product-type-variable"},"_links":{"self":[{"href":"https:\/\/mod.wisdar.net\/tr\/wp-json\/wp\/v2\/product\/70845","targetHints":{"allow":["GET"]}}],"collection":[{"href":"https:\/\/mod.wisdar.net\/tr\/wp-json\/wp\/v2\/product"}],"about":[{"href":"https:\/\/mod.wisdar.net\/tr\/wp-json\/wp\/v2\/types\/product"}],"replies":[{"embeddable":true,"href":"https:\/\/mod.wisdar.net\/tr\/wp-json\/wp\/v2\/comments?post=70845"}],"wp:featuredmedia":[{"embeddable":true,"href":"https:\/\/mod.wisdar.net\/tr\/wp-json\/wp\/v2\/media\/70834"}],"wp:attachment":[{"href":"https:\/\/mod.wisdar.net\/tr\/wp-json\/wp\/v2\/media?parent=70845"}],"wp:term":[{"taxonomy":"product_brand","embeddable":true,"href":"https:\/\/mod.wisdar.net\/tr\/wp-json\/wp\/v2\/product_brand?post=70845"},{"taxonomy":"product_cat","embeddable":true,"href":"https:\/\/mod.wisdar.net\/tr\/wp-json\/wp\/v2\/product_cat?post=70845"},{"taxonomy":"product_tag","embeddable":true,"href":"https:\/\/mod.wisdar.net\/tr\/wp-json\/wp\/v2\/product_tag?post=70845"}],"curies":[{"name":"wp","href":"https:\/\/api.w.org\/{rel}","templated":true}]}}