{"id":70932,"date":"2026-01-16T10:00:46","date_gmt":"2026-01-16T10:00:46","guid":{"rendered":"https:\/\/modesthanim.com\/product\/regular-fit-atki-detayli-triko-kazak-tunik-2\/"},"modified":"2026-04-09T13:01:46","modified_gmt":"2026-04-09T13:01:46","slug":"regular-fit-atki-detayli-triko-kazak-tunik-2","status":"publish","type":"product","link":"https:\/\/mod.wisdar.net\/tr\/urun\/regular-fit-atki-detayli-triko-kazak-tunik-2\/","title":{"rendered":"Regular Fit Atk\u0131 Detayl\u0131 Triko Kazak Tunik"},"content":{"rendered":"<p>Regular fit kesime sahip atk\u0131 detayl\u0131 triko kazak tunik, rahat kal\u0131b\u0131 ve yumu\u015fak dokusuyla g\u00fcn boyu konfor sa\u011flar. \u015e\u0131k atk\u0131 detay\u0131 ile modern ve zarif bir g\u00f6r\u00fcn\u00fcm kazand\u0131r\u0131r. Hem g\u00fcnl\u00fck hem de smart-casual kombinlerde rahatl\u0131kla tercih edilebilir.<\/p>\n<p>\u2014 Technical Details \u2014<br \/>\ntriko_kal\u0131nl\u0131\u011f\u0131: Orta Kal\u0131n<br \/>\nkuma\u015f: Triko<br \/>\ntak\u0131m_i\u00e7eri\u011fi: 2&#8217;li<br \/>\n\u00fcr\u00fcn_y\u00fcksekli\u011fi: 70<br \/>\ncinsiyet: Kad\u0131n<br \/>\nkal\u0131p: Regular Fit<br \/>\nmen\u015fei: TR<br \/>\n\u00fcr\u00fcn_grubu: Kad\u0131n Tunik<\/p>\n","protected":false},"excerpt":{"rendered":"<p>Regular fit kesime sahip atk\u0131 detayl\u0131 triko kazak tunik, rahat kal\u0131b\u0131 ve yumu\u015fak dokusuyla g\u00fcn boyu konfor sa\u011flar. \u015e\u0131k atk\u0131 detay\u0131 ile modern ve zarif bir g\u00f6r\u00fcn\u00fcm kazand\u0131r\u0131r. Hem g\u00fcnl\u00fck hem de smart-casual kombinlerde rahatl\u0131kla tercih edilebilir. \u2014 Technical Details \u2014 triko_kal\u0131nl\u0131\u011f\u0131: Orta Kal\u0131n kuma\u015f: Triko tak\u0131m_i\u00e7eri\u011fi: 2&#8217;li \u00fcr\u00fcn_y\u00fcksekli\u011fi: 70 cinsiyet: Kad\u0131n kal\u0131p: Regular Fit [&hellip;]<\/p>\n","protected":false},"featured_media":70923,"comment_status":"open","ping_status":"closed","template":"","meta":[],"product_brand":[],"product_cat":[1927],"product_tag":[6097,6096,6099,6098],"class_list":{"0":"post-70932","1":"product","2":"type-product","3":"status-publish","4":"has-post-thumbnail","6":"product_cat-hoodies-sweatshirtler","7":"product_tag-coffee-regular-fit-scarf-detail-knitted-sweater-tunic","8":"product_tag-coffee-women-regular-fit-scarf-detail-knitted-sweater-tunic","9":"product_tag-regular-fit-scarf-detail-knitted-sweater-tunic","10":"product_tag-women-regular-fit-scarf-detail-knitted-sweater-tunic","11":"pa_brand-defacto","12":"pa_color-kahve","13":"pa_size-l","14":"pa_size-m","15":"pa_size-s","16":"pa_size-xl","17":"pa_size-xxl","19":"first","20":"instock","21":"shipping-taxable","22":"purchasable","23":"product-type-variable"},"_links":{"self":[{"href":"https:\/\/mod.wisdar.net\/tr\/wp-json\/wp\/v2\/product\/70932","targetHints":{"allow":["GET"]}}],"collection":[{"href":"https:\/\/mod.wisdar.net\/tr\/wp-json\/wp\/v2\/product"}],"about":[{"href":"https:\/\/mod.wisdar.net\/tr\/wp-json\/wp\/v2\/types\/product"}],"replies":[{"embeddable":true,"href":"https:\/\/mod.wisdar.net\/tr\/wp-json\/wp\/v2\/comments?post=70932"}],"wp:featuredmedia":[{"embeddable":true,"href":"https:\/\/mod.wisdar.net\/tr\/wp-json\/wp\/v2\/media\/70923"}],"wp:attachment":[{"href":"https:\/\/mod.wisdar.net\/tr\/wp-json\/wp\/v2\/media?parent=70932"}],"wp:term":[{"taxonomy":"product_brand","embeddable":true,"href":"https:\/\/mod.wisdar.net\/tr\/wp-json\/wp\/v2\/product_brand?post=70932"},{"taxonomy":"product_cat","embeddable":true,"href":"https:\/\/mod.wisdar.net\/tr\/wp-json\/wp\/v2\/product_cat?post=70932"},{"taxonomy":"product_tag","embeddable":true,"href":"https:\/\/mod.wisdar.net\/tr\/wp-json\/wp\/v2\/product_tag?post=70932"}],"curies":[{"name":"wp","href":"https:\/\/api.w.org\/{rel}","templated":true}]}}