{"id":70998,"date":"2026-01-16T10:01:24","date_gmt":"2026-01-16T10:01:24","guid":{"rendered":"https:\/\/modesthanim.com\/product\/relax-fit-v-yaka-dugmeli-triko-hirka\/"},"modified":"2026-04-12T20:12:08","modified_gmt":"2026-04-12T20:12:08","slug":"relax-fit-v-yaka-dugmeli-triko-hirka","status":"publish","type":"product","link":"https:\/\/mod.wisdar.net\/tr\/urun\/relax-fit-v-yaka-dugmeli-triko-hirka\/","title":{"rendered":"Relax Fit V Yaka D\u00fc\u011fmeli Triko H\u0131rka"},"content":{"rendered":"<p>Relax fit V yaka d\u00fc\u011fmeli triko h\u0131rka, rahat kesimi ve \u015f\u0131k d\u00fc\u011fme detay\u0131yla modern bir stil sunar. Yumu\u015fak ve esnek dokusuyla g\u00fcn boyu konforlu bir kullan\u0131m sa\u011flar.<\/p>\n<p>\u2014 Technical Details \u2014<br \/>\nModelin \u00d6l\u00e7\u00fcleri S Beden: 1,74cm \u2013 84\/61\/92<br \/>\nNumune Bedeni: S<br \/>\nKal\u0131p: Relax Fit<br \/>\nTriko Kal\u0131nl\u0131\u011f\u0131: \u0130nce Kal\u0131nl\u0131k<br \/>\n\u00dcr\u00fcn Tipi: H\u0131rka<br \/>\nKol Boyu: Uzun Kollu<br \/>\n\u00dcr\u00fcn Y\u00fcksekli\u011fi: 70<br \/>\nYaka: V Yaka<br \/>\nCinsiyet: Kad\u0131n<br \/>\nMarka: Defacto<br \/>\nMen\u015fei: TR<br \/>\n\u00dcr\u00fcn Grubu: Kad\u0131n Tesettur H\u0131rka<\/p>\n","protected":false},"excerpt":{"rendered":"<p>Relax fit V yaka d\u00fc\u011fmeli triko h\u0131rka, rahat kesimi ve \u015f\u0131k d\u00fc\u011fme detay\u0131yla modern bir stil sunar. Yumu\u015fak ve esnek dokusuyla g\u00fcn boyu konforlu bir kullan\u0131m sa\u011flar. \u2014 Technical Details \u2014 Modelin \u00d6l\u00e7\u00fcleri S Beden: 1,74cm \u2013 84\/61\/92 Numune Bedeni: S Kal\u0131p: Relax Fit Triko Kal\u0131nl\u0131\u011f\u0131: \u0130nce Kal\u0131nl\u0131k \u00dcr\u00fcn Tipi: H\u0131rka Kol Boyu: Uzun Kollu [&hellip;]<\/p>\n","protected":false},"featured_media":70991,"comment_status":"open","ping_status":"closed","template":"","meta":[],"product_brand":[],"product_cat":[1909],"product_tag":[7150],"class_list":{"0":"post-70998","1":"product","2":"type-product","3":"status-publish","4":"has-post-thumbnail","6":"product_cat-bluzlar-ve-gomlekler","7":"product_tag-bordo","8":"pa_brand-defacto","9":"pa_color-bordo","10":"pa_size-l","11":"pa_size-m","12":"pa_size-s","13":"pa_size-xl","14":"pa_size-xxl","16":"first","17":"outofstock","18":"shipping-taxable","19":"product-type-variable"},"_links":{"self":[{"href":"https:\/\/mod.wisdar.net\/tr\/wp-json\/wp\/v2\/product\/70998","targetHints":{"allow":["GET"]}}],"collection":[{"href":"https:\/\/mod.wisdar.net\/tr\/wp-json\/wp\/v2\/product"}],"about":[{"href":"https:\/\/mod.wisdar.net\/tr\/wp-json\/wp\/v2\/types\/product"}],"replies":[{"embeddable":true,"href":"https:\/\/mod.wisdar.net\/tr\/wp-json\/wp\/v2\/comments?post=70998"}],"wp:featuredmedia":[{"embeddable":true,"href":"https:\/\/mod.wisdar.net\/tr\/wp-json\/wp\/v2\/media\/70991"}],"wp:attachment":[{"href":"https:\/\/mod.wisdar.net\/tr\/wp-json\/wp\/v2\/media?parent=70998"}],"wp:term":[{"taxonomy":"product_brand","embeddable":true,"href":"https:\/\/mod.wisdar.net\/tr\/wp-json\/wp\/v2\/product_brand?post=70998"},{"taxonomy":"product_cat","embeddable":true,"href":"https:\/\/mod.wisdar.net\/tr\/wp-json\/wp\/v2\/product_cat?post=70998"},{"taxonomy":"product_tag","embeddable":true,"href":"https:\/\/mod.wisdar.net\/tr\/wp-json\/wp\/v2\/product_tag?post=70998"}],"curies":[{"name":"wp","href":"https:\/\/api.w.org\/{rel}","templated":true}]}}