{"id":71062,"date":"2026-01-16T10:01:57","date_gmt":"2026-01-16T10:01:57","guid":{"rendered":"https:\/\/modesthanim.com\/product\/relax-fit-genis-paca-jean-pantolon\/"},"modified":"2026-04-09T13:01:36","modified_gmt":"2026-04-09T13:01:36","slug":"relax-fit-genis-paca-jean-pantolon","status":"publish","type":"product","link":"https:\/\/mod.wisdar.net\/tr\/urun\/relax-fit-genis-paca-jean-pantolon\/","title":{"rendered":"Relax Fit Geni\u015f Pa\u00e7a Jean Pantolon"},"content":{"rendered":"<p>Relax fit geni\u015f pa\u00e7a kesimiyle \u00f6zg\u00fcr ve rahat bir kullan\u0131m sunar. G\u00fcnl\u00fck stilinize modern bir dokunu\u015f katarak \u015f\u0131kl\u0131\u011f\u0131 \u00f6n plana \u00e7\u0131kar\u0131r.<\/p>\n<p>\u2014 Teknik Detaylar \u2014<br \/>\nmodel_\u00f6l\u00e7\u00fcleri: 36 Beden \u2013 1,74cm \u2013 84\/60\/90<br \/>\n\u00f6rnek_beden: 36<br \/>\nmen\u015fei: TR<br \/>\n\u00fcr\u00fcn_grubu: Kad\u0131n Pantolon<br \/>\nkesim: Relax Fit<br \/>\nbak\u0131m_talimatlar\u0131: [&#8216;Kuru Temizleme Yap\u0131lamaz&#8217;, &#8216;Maksimum 30 \u00b0C S\u0131cakl\u0131kta Y\u0131kay\u0131n\u0131z&#8217;, &#8216;D\u00fc\u015f\u00fck S\u0131cakl\u0131kta \u00dct\u00fcleyiniz&#8217;, &#8216;A\u011fart\u0131c\u0131 Kullanmay\u0131n\u0131z&#8217;, &#8216;Tamburlu Kurutma Yapmay\u0131n\u0131z&#8217;]<\/p>\n","protected":false},"excerpt":{"rendered":"<p>Relax fit geni\u015f pa\u00e7a kesimiyle \u00f6zg\u00fcr ve rahat bir kullan\u0131m sunar. G\u00fcnl\u00fck stilinize modern bir dokunu\u015f katarak \u015f\u0131kl\u0131\u011f\u0131 \u00f6n plana \u00e7\u0131kar\u0131r. \u2014 Teknik Detaylar \u2014 model_\u00f6l\u00e7\u00fcleri: 36 Beden \u2013 1,74cm \u2013 84\/60\/90 \u00f6rnek_beden: 36 men\u015fei: TR \u00fcr\u00fcn_grubu: Kad\u0131n Pantolon kesim: Relax Fit bak\u0131m_talimatlar\u0131: [&#8216;Kuru Temizleme Yap\u0131lamaz&#8217;, &#8216;Maksimum 30 \u00b0C S\u0131cakl\u0131kta Y\u0131kay\u0131n\u0131z&#8217;, &#8216;D\u00fc\u015f\u00fck S\u0131cakl\u0131kta \u00dct\u00fcleyiniz&#8217;, &#8216;A\u011fart\u0131c\u0131 [&hellip;]<\/p>\n","protected":false},"featured_media":71050,"comment_status":"open","ping_status":"closed","template":"","meta":[],"product_brand":[],"product_cat":[1882],"product_tag":[7847,7845],"class_list":{"0":"post-71062","1":"product","2":"type-product","3":"status-publish","4":"has-post-thumbnail","6":"product_cat-alt-giyim","7":"product_tag-jean-pantolon","8":"product_tag-kadin","9":"pa_brand-defacto","10":"pa_color-siyah","11":"pa_size-4701","12":"pa_size-4706","13":"pa_size-4711","14":"pa_size-4713","16":"first","17":"instock","18":"shipping-taxable","19":"purchasable","20":"product-type-variable"},"_links":{"self":[{"href":"https:\/\/mod.wisdar.net\/tr\/wp-json\/wp\/v2\/product\/71062","targetHints":{"allow":["GET"]}}],"collection":[{"href":"https:\/\/mod.wisdar.net\/tr\/wp-json\/wp\/v2\/product"}],"about":[{"href":"https:\/\/mod.wisdar.net\/tr\/wp-json\/wp\/v2\/types\/product"}],"replies":[{"embeddable":true,"href":"https:\/\/mod.wisdar.net\/tr\/wp-json\/wp\/v2\/comments?post=71062"}],"wp:featuredmedia":[{"embeddable":true,"href":"https:\/\/mod.wisdar.net\/tr\/wp-json\/wp\/v2\/media\/71050"}],"wp:attachment":[{"href":"https:\/\/mod.wisdar.net\/tr\/wp-json\/wp\/v2\/media?parent=71062"}],"wp:term":[{"taxonomy":"product_brand","embeddable":true,"href":"https:\/\/mod.wisdar.net\/tr\/wp-json\/wp\/v2\/product_brand?post=71062"},{"taxonomy":"product_cat","embeddable":true,"href":"https:\/\/mod.wisdar.net\/tr\/wp-json\/wp\/v2\/product_cat?post=71062"},{"taxonomy":"product_tag","embeddable":true,"href":"https:\/\/mod.wisdar.net\/tr\/wp-json\/wp\/v2\/product_tag?post=71062"}],"curies":[{"name":"wp","href":"https:\/\/api.w.org\/{rel}","templated":true}]}}