{"id":71075,"date":"2026-01-16T10:02:00","date_gmt":"2026-01-16T10:02:00","guid":{"rendered":"https:\/\/modesthanim.com\/product\/mia-flare-fit-normal-bel-uzun-jean-pantolon\/"},"modified":"2026-04-12T20:21:56","modified_gmt":"2026-04-12T20:21:56","slug":"mia-flare-fit-normal-bel-uzun-jean-pantolon","status":"publish","type":"product","link":"https:\/\/mod.wisdar.net\/tr\/urun\/mia-flare-fit-normal-bel-uzun-jean-pantolon\/","title":{"rendered":"Mia Flare Fit Normal Bel Uzun Jean Pantolon"},"content":{"rendered":"<p>Mia Flare Fit Normal Bel Uzun Jean Pantolon, flare kesimi ve normal bel tasar\u0131m\u0131yla hem rahat hem \u015f\u0131k bir g\u00f6r\u00fcn\u00fcm sunar. G\u00fcnl\u00fck kombinlerde modern ve zarif bir stil tamamlar.<\/p>\n<p>\u2014 Teknik Detaylar \u2014<br \/>\nmodel_\u00f6l\u00e7\u00fcleri: Modelin \u00d6l\u00e7\u00fcleri 36 Beden \u2013 1,78cm<br \/>\n\u00f6rnek_beden: 36<br \/>\n\u00fcr\u00fcn_grubu: Kad\u0131n Pantolon<br \/>\nkesim: Flare Fit<br \/>\n\u00fcr\u00fcn_tipi: Pantolon<br \/>\ncinsiyet: Kad\u0131n<br \/>\nrenk: Mavi \/ Koyu Mavi<br \/>\nbel_detay\u0131: Normal Bel<br \/>\nmen\u015fei: EG<br \/>\ni\u00e7_uzunluk: 81 cm<\/p>\n","protected":false},"excerpt":{"rendered":"<p>Mia Flare Fit Normal Bel Uzun Jean Pantolon, flare kesimi ve normal bel tasar\u0131m\u0131yla hem rahat hem \u015f\u0131k bir g\u00f6r\u00fcn\u00fcm sunar. G\u00fcnl\u00fck kombinlerde modern ve zarif bir stil tamamlar. \u2014 Teknik Detaylar \u2014 model_\u00f6l\u00e7\u00fcleri: Modelin \u00d6l\u00e7\u00fcleri 36 Beden \u2013 1,78cm \u00f6rnek_beden: 36 \u00fcr\u00fcn_grubu: Kad\u0131n Pantolon kesim: Flare Fit \u00fcr\u00fcn_tipi: Pantolon cinsiyet: Kad\u0131n renk: Mavi \/ [&hellip;]<\/p>\n","protected":false},"featured_media":71067,"comment_status":"open","ping_status":"closed","template":"","meta":[],"product_brand":[],"product_cat":[1882],"product_tag":[6104,6102,6103,6105],"class_list":{"0":"post-71075","1":"product","2":"type-product","3":"status-publish","4":"has-post-thumbnail","6":"product_cat-alt-giyim","7":"product_tag-kadin-mia-flare-fit-normal-bel-uzun-jean-pantolon","8":"product_tag-mavi-kadin-mia-flare-fit-normal-bel-uzun-jean-pantolon","9":"product_tag-mavi-mia-flare-fit-normal-bel-uzun-jean-pantolon","10":"product_tag-mia-flare-fit-normal-bel-uzun-jean-pantolon","11":"pa_brand-defacto","12":"pa_color-koyu-mavi","13":"pa_size-7846","14":"pa_size-4698","15":"pa_size-4701","16":"pa_size-4706","17":"pa_size-4711","18":"pa_size-4713","19":"pa_size-4751","20":"pa_size-4749","22":"first","23":"instock","24":"shipping-taxable","25":"purchasable","26":"product-type-variable"},"_links":{"self":[{"href":"https:\/\/mod.wisdar.net\/tr\/wp-json\/wp\/v2\/product\/71075","targetHints":{"allow":["GET"]}}],"collection":[{"href":"https:\/\/mod.wisdar.net\/tr\/wp-json\/wp\/v2\/product"}],"about":[{"href":"https:\/\/mod.wisdar.net\/tr\/wp-json\/wp\/v2\/types\/product"}],"replies":[{"embeddable":true,"href":"https:\/\/mod.wisdar.net\/tr\/wp-json\/wp\/v2\/comments?post=71075"}],"wp:featuredmedia":[{"embeddable":true,"href":"https:\/\/mod.wisdar.net\/tr\/wp-json\/wp\/v2\/media\/71067"}],"wp:attachment":[{"href":"https:\/\/mod.wisdar.net\/tr\/wp-json\/wp\/v2\/media?parent=71075"}],"wp:term":[{"taxonomy":"product_brand","embeddable":true,"href":"https:\/\/mod.wisdar.net\/tr\/wp-json\/wp\/v2\/product_brand?post=71075"},{"taxonomy":"product_cat","embeddable":true,"href":"https:\/\/mod.wisdar.net\/tr\/wp-json\/wp\/v2\/product_cat?post=71075"},{"taxonomy":"product_tag","embeddable":true,"href":"https:\/\/mod.wisdar.net\/tr\/wp-json\/wp\/v2\/product_tag?post=71075"}],"curies":[{"name":"wp","href":"https:\/\/api.w.org\/{rel}","templated":true}]}}