{"id":71152,"date":"2026-01-16T10:02:36","date_gmt":"2026-01-16T10:02:36","guid":{"rendered":"https:\/\/modesthanim.com\/product\/90lar-tarzi-genis-paca-yuksek-bel-uzun-jean-pantolon\/"},"modified":"2026-04-05T23:50:57","modified_gmt":"2026-04-05T23:50:57","slug":"90lar-tarzi-genis-paca-yuksek-bel-uzun-jean-pantolon","status":"publish","type":"product","link":"https:\/\/mod.wisdar.net\/tr\/urun\/90lar-tarzi-genis-paca-yuksek-bel-uzun-jean-pantolon\/","title":{"rendered":"90&#8217;lar Tarz\u0131 Geni\u015f Pa\u00e7a Y\u00fcksek Bel Uzun Jean Pantolon"},"content":{"rendered":"<p>Y\u00fcksek bel ve 90&#8217;lar tarz\u0131 geni\u015f pa\u00e7a kesimiyle modern bir siluet sunan bu jean pantolon, uzun pa\u00e7as\u0131yla \u015f\u0131k ve trend bir stil yakalaman\u0131z\u0131 sa\u011flar.<\/p>\n<p>\u2014 Teknik Detaylar \u2014<br \/>\nmodel_\u00f6l\u00e7\u00fcleri: 36 Beden \u2013 1,76cm \u2013 84\/61\/88<br \/>\n\u00f6rnek_beden: 36<br \/>\n\u00fcr\u00fcn_tipi: Pantolon<br \/>\nbel_detay\u0131: Y\u00fcksek Bel<br \/>\ncinsiyet: Kad\u0131n<br \/>\nkesim: 90&#8217;lar Tarz\u0131 Geni\u015f Pa\u00e7a<br \/>\nrenk: Siyah<br \/>\nmen\u015fei: EG<br \/>\n\u00fcr\u00fcn_grubu: Kad\u0131n Pantolon<br \/>\ni\u00e7_uzunluk_\u00f6l\u00e7\u00fcleri: {&#8217;32&#8217;: &#8217;80 cm&#8217;, &#8217;34&#8217;: &#8217;80 cm&#8217;, &#8217;36&#8217;: &#8217;80 cm&#8217;, &#8217;38&#8217;: &#8217;80 cm&#8217;, &#8217;40&#8217;: &#8217;80 cm&#8217;, &#8217;42&#8217;: &#8217;80 cm&#8217;, &#8217;44&#8217;: &#8217;80 cm&#8217;, &#8217;46&#8217;: &#8217;80 cm&#8217;}<\/p>\n","protected":false},"excerpt":{"rendered":"<p>Y\u00fcksek bel ve 90&#8217;lar tarz\u0131 geni\u015f pa\u00e7a kesimiyle modern bir siluet sunan bu jean pantolon, uzun pa\u00e7as\u0131yla \u015f\u0131k ve trend bir stil yakalaman\u0131z\u0131 sa\u011flar. \u2014 Teknik Detaylar \u2014 model_\u00f6l\u00e7\u00fcleri: 36 Beden \u2013 1,76cm \u2013 84\/61\/88 \u00f6rnek_beden: 36 \u00fcr\u00fcn_tipi: Pantolon bel_detay\u0131: Y\u00fcksek Bel cinsiyet: Kad\u0131n kesim: 90&#8217;lar Tarz\u0131 Geni\u015f Pa\u00e7a renk: Siyah men\u015fei: EG \u00fcr\u00fcn_grubu: Kad\u0131n [&hellip;]<\/p>\n","protected":false},"featured_media":71140,"comment_status":"open","ping_status":"closed","template":"","meta":[],"product_brand":[],"product_cat":[1882],"product_tag":[7845],"class_list":{"0":"post-71152","1":"product","2":"type-product","3":"status-publish","4":"has-post-thumbnail","6":"product_cat-alt-giyim","7":"product_tag-kadin","8":"pa_brand-defacto","9":"pa_color-siyah","10":"pa_size-7846","11":"pa_size-4698","12":"pa_size-4701","13":"pa_size-4706","14":"pa_size-4711","15":"pa_size-4713","16":"pa_size-4751","17":"pa_size-4749","19":"first","20":"instock","21":"shipping-taxable","22":"purchasable","23":"product-type-variable"},"_links":{"self":[{"href":"https:\/\/mod.wisdar.net\/tr\/wp-json\/wp\/v2\/product\/71152","targetHints":{"allow":["GET"]}}],"collection":[{"href":"https:\/\/mod.wisdar.net\/tr\/wp-json\/wp\/v2\/product"}],"about":[{"href":"https:\/\/mod.wisdar.net\/tr\/wp-json\/wp\/v2\/types\/product"}],"replies":[{"embeddable":true,"href":"https:\/\/mod.wisdar.net\/tr\/wp-json\/wp\/v2\/comments?post=71152"}],"wp:featuredmedia":[{"embeddable":true,"href":"https:\/\/mod.wisdar.net\/tr\/wp-json\/wp\/v2\/media\/71140"}],"wp:attachment":[{"href":"https:\/\/mod.wisdar.net\/tr\/wp-json\/wp\/v2\/media?parent=71152"}],"wp:term":[{"taxonomy":"product_brand","embeddable":true,"href":"https:\/\/mod.wisdar.net\/tr\/wp-json\/wp\/v2\/product_brand?post=71152"},{"taxonomy":"product_cat","embeddable":true,"href":"https:\/\/mod.wisdar.net\/tr\/wp-json\/wp\/v2\/product_cat?post=71152"},{"taxonomy":"product_tag","embeddable":true,"href":"https:\/\/mod.wisdar.net\/tr\/wp-json\/wp\/v2\/product_tag?post=71152"}],"curies":[{"name":"wp","href":"https:\/\/api.w.org\/{rel}","templated":true}]}}