{"id":71161,"date":"2026-01-16T10:02:44","date_gmt":"2026-01-16T10:02:44","guid":{"rendered":"https:\/\/modesthanim.com\/product\/oversize-triko-kazak\/"},"modified":"2026-03-22T12:40:50","modified_gmt":"2026-03-22T12:40:50","slug":"oversize-triko-kazak","status":"publish","type":"product","link":"https:\/\/mod.wisdar.net\/tr\/urun\/oversize-triko-kazak\/","title":{"rendered":"Oversize Triko Kazak"},"content":{"rendered":"<p>Oversize Geni\u015f Kal\u0131p Bal\u0131k\u00e7\u0131 Yaka Kazak, rahat kesimi ve s\u0131cak tutan yap\u0131s\u0131yla so\u011fuk g\u00fcnlerde konfor sunar. Bal\u0131k\u00e7\u0131 yaka detay\u0131 modern ve \u015f\u0131k bir g\u00f6r\u00fcn\u00fcm sa\u011flarken, oversize formu g\u00fcnl\u00fck kombinlere trend bir hava katar. Hem casual hem de \u015fehir stiline uyumlu bir par\u00e7ad\u0131r.<\/p>\n<p>\u2014 Teknik Detaylar \u2014<br \/>\nKal\u0131p: Oversize Geni\u015f Kal\u0131p<br \/>\nRenk: Kahverengi<br \/>\nYaka: Bal\u0131k\u00e7\u0131 Yaka<br \/>\nKol Boyu: Uzun Kollu<br \/>\nCinsiyet: Kad\u0131n<br \/>\nTriko Kal\u0131nl\u0131\u011f\u0131: Kal\u0131n<br \/>\n\u00dcr\u00fcn Tipi: Kazak<br \/>\nMarka: Defacto<br \/>\nMen\u015fei: TR<br \/>\n\u00dcr\u00fcn Grubu: Kad\u0131n Kazak<br \/>\nModel \u00d6l\u00e7\u00fcleri: S Beden \u2013 1,74cm \u2013 74\/60\/89<br \/>\nNumune Bedeni: S<br \/>\nOmuzdan Arka Boy S: 67 cm<br \/>\nOmuzdan Arka Boy M: 68 cm<br \/>\nOmuzdan Arka Boy L: 69 cm<\/p>\n","protected":false},"excerpt":{"rendered":"<p>Oversize Geni\u015f Kal\u0131p Bal\u0131k\u00e7\u0131 Yaka Kazak, rahat kesimi ve s\u0131cak tutan yap\u0131s\u0131yla so\u011fuk g\u00fcnlerde konfor sunar. Bal\u0131k\u00e7\u0131 yaka detay\u0131 modern ve \u015f\u0131k bir g\u00f6r\u00fcn\u00fcm sa\u011flarken, oversize formu g\u00fcnl\u00fck kombinlere trend bir hava katar. Hem casual hem de \u015fehir stiline uyumlu bir par\u00e7ad\u0131r. \u2014 Teknik Detaylar \u2014 Kal\u0131p: Oversize Geni\u015f Kal\u0131p Renk: Kahverengi Yaka: Bal\u0131k\u00e7\u0131 Yaka [&hellip;]<\/p>\n","protected":false},"featured_media":71141,"comment_status":"open","ping_status":"closed","template":"","meta":[],"product_brand":[],"product_cat":[1927],"product_tag":[],"class_list":{"0":"post-71161","1":"product","2":"type-product","3":"status-publish","4":"has-post-thumbnail","6":"product_cat-hoodies-sweatshirtler","7":"pa_brand-defacto","8":"pa_color-kahve","9":"pa_size-l","10":"pa_size-m","11":"pa_size-s","13":"first","14":"outofstock","15":"shipping-taxable","16":"product-type-variable"},"_links":{"self":[{"href":"https:\/\/mod.wisdar.net\/tr\/wp-json\/wp\/v2\/product\/71161","targetHints":{"allow":["GET"]}}],"collection":[{"href":"https:\/\/mod.wisdar.net\/tr\/wp-json\/wp\/v2\/product"}],"about":[{"href":"https:\/\/mod.wisdar.net\/tr\/wp-json\/wp\/v2\/types\/product"}],"replies":[{"embeddable":true,"href":"https:\/\/mod.wisdar.net\/tr\/wp-json\/wp\/v2\/comments?post=71161"}],"wp:featuredmedia":[{"embeddable":true,"href":"https:\/\/mod.wisdar.net\/tr\/wp-json\/wp\/v2\/media\/71141"}],"wp:attachment":[{"href":"https:\/\/mod.wisdar.net\/tr\/wp-json\/wp\/v2\/media?parent=71161"}],"wp:term":[{"taxonomy":"product_brand","embeddable":true,"href":"https:\/\/mod.wisdar.net\/tr\/wp-json\/wp\/v2\/product_brand?post=71161"},{"taxonomy":"product_cat","embeddable":true,"href":"https:\/\/mod.wisdar.net\/tr\/wp-json\/wp\/v2\/product_cat?post=71161"},{"taxonomy":"product_tag","embeddable":true,"href":"https:\/\/mod.wisdar.net\/tr\/wp-json\/wp\/v2\/product_tag?post=71161"}],"curies":[{"name":"wp","href":"https:\/\/api.w.org\/{rel}","templated":true}]}}